{"id":62241,"date":"2024-02-14T07:22:04","date_gmt":"2024-02-14T07:22:04","guid":{"rendered":"https:\/\/staging.nbg.eu\/product\/geissele-super-semi-automatic-enhanced-ssa-e-trigger\/"},"modified":"2024-09-16T11:44:57","modified_gmt":"2024-09-16T11:44:57","slug":"detente-geissele-super-semi-automatique-enhanced-ssa-e","status":"publish","type":"product","link":"https:\/\/staging.nbg.eu\/fr\/produit\/detente-geissele-super-semi-automatique-enhanced-ssa-e\/","title":{"rendered":"D\u00e9tente Geissele Super Semi-Automatique Enhanced (SSA-E\u2122)"},"content":{"rendered":"<div class=\"product-description\">\n<h2>D\u00e9tente Geissele Super Semi-Automatique Am\u00e9lior\u00e9e (SSA-E\u2122)<\/h2>\n<p>La d\u00e9tente Geissele SSA-E\u2122, bas\u00e9e sur le ch\u00e2ssis \u00e9prouv\u00e9 du SSA\u00ae, offre :<\/p>\n<ul>\n<li>Des poids de d\u00e9clenchement r\u00e9duits pour un fonctionnement plus fluide<\/li>\n<li>Une premi\u00e8re \u00e9tape l\u00e9g\u00e8re<\/li>\n<li>Une deuxi\u00e8me \u00e9tape nette<\/li>\n<li>Une fiabilit\u00e9 \u00e9prouv\u00e9e au combat<\/li>\n<li>Une conception sans r\u00e9glage, pr\u00eate \u00e0 l&#8217;emploi<\/li>\n<\/ul>\n<p>Adapt\u00e9e aux fusils de tireur d&rsquo;\u00e9lite d\u00e9sign\u00e9, la SSA-E\u2122 offre un meilleur contr\u00f4le de la d\u00e9tente et une pr\u00e9cision accrue. D\u00e9riv\u00e9e de notre d\u00e9tente de combat \u00e0 tir automatique utilis\u00e9e par les forces sp\u00e9ciales am\u00e9ricaines, cette version semi-automatique assure une performance de haut niveau l\u00e0 o\u00f9 la fiabilit\u00e9 est essentielle.<\/p>\n<\/div>\n","protected":false},"excerpt":{"rendered":"<p>D\u00e9tente de pr\u00e9cision am\u00e9lior\u00e9e pour tireurs d&rsquo;\u00e9lite : course douce, d\u00e9clenchement net.<\/p>\n","protected":false},"featured_media":62242,"template":"","meta":{"_acf_changed":false},"product_brand":[11381],"product_cat":[12130,12193,12142],"product_tag":[],"class_list":{"0":"post-62241","1":"product","2":"type-product","3":"status-publish","4":"has-post-thumbnail","6":"product_brand-geissele","7":"product_cat-detentes","8":"product_cat-fusil","9":"product_cat-tuning-carabine","11":"first","12":"instock","13":"taxable","14":"shipping-taxable","15":"product-type-simple"},"acf":[],"_links":{"self":[{"href":"https:\/\/staging.nbg.eu\/fr\/wp-json\/wp\/v2\/product\/62241","targetHints":{"allow":["GET"]}}],"collection":[{"href":"https:\/\/staging.nbg.eu\/fr\/wp-json\/wp\/v2\/product"}],"about":[{"href":"https:\/\/staging.nbg.eu\/fr\/wp-json\/wp\/v2\/types\/product"}],"wp:featuredmedia":[{"embeddable":true,"href":"https:\/\/staging.nbg.eu\/fr\/wp-json\/wp\/v2\/media\/62242"}],"wp:attachment":[{"href":"https:\/\/staging.nbg.eu\/fr\/wp-json\/wp\/v2\/media?parent=62241"}],"wp:term":[{"taxonomy":"product_brand","embeddable":true,"href":"https:\/\/staging.nbg.eu\/fr\/wp-json\/wp\/v2\/product_brand?post=62241"},{"taxonomy":"product_cat","embeddable":true,"href":"https:\/\/staging.nbg.eu\/fr\/wp-json\/wp\/v2\/product_cat?post=62241"},{"taxonomy":"product_tag","embeddable":true,"href":"https:\/\/staging.nbg.eu\/fr\/wp-json\/wp\/v2\/product_tag?post=62241"}],"curies":[{"name":"wp","href":"https:\/\/api.w.org\/{rel}","templated":true}]}}