{"id":62099,"date":"2024-02-14T07:32:28","date_gmt":"2024-09-16T11:41:27","guid":{"rendered":"https:\/\/staging.nbg.eu\/product\/geissele-ssa-x-trigger-with-lightning-bow\/"},"modified":"2024-09-16T11:42:14","modified_gmt":"2024-09-16T11:42:14","slug":"detente-geissele-ssa-x-avec-lightning-bow","status":"publish","type":"product","link":"https:\/\/staging.nbg.eu\/fr\/produit\/detente-geissele-ssa-x-avec-lightning-bow\/","title":{"rendered":"D\u00e9tente Geissele SSA X avec Lightning Bow\u00ae"},"content":{"rendered":"<div class=\"product-description\">\n<h2>D\u00e9tente Geissele SSA X avec Lightning Bow\u00ae<\/h2>\n<p>La SSA-X avec technologie Lightning Bow\u00ae offre un contr\u00f4le de d\u00e9tente. Cette d\u00e9tente combine :<\/p>\n<ul>\n<li>Profil semi-courb\u00e9 et large<\/li>\n<li>Caract\u00e9ristiques des d\u00e9tentes AR courb\u00e9es standard et des conceptions \u00e0 arc plat<\/li>\n<li>Rev\u00eatement Nanoweapon pour une r\u00e9sistance \u00e0 l&rsquo;usure et \u00e0 la corrosion<\/li>\n<li>Fonctionnement avec une lubrification minimale<\/li>\n<\/ul>\n<p>Dans la tradition de la SSA, cette d\u00e9tente class\u00e9e pour le service propose :<\/p>\n<ul>\n<li>Pr\u00e9cision pour les tirs \u00e0 longue distance<\/li>\n<li>Tol\u00e9rance pour les sc\u00e9narios de combat rapproch\u00e9 (CQB)<\/li>\n<\/ul>\n<p>La d\u00e9tente Geissele SSA X am\u00e9liore les performances de votre AR.<\/p>\n<\/div>\n","protected":false},"excerpt":{"rendered":"<p>G\u00e2chette AR con\u00e7ue avec pr\u00e9cision, dot\u00e9e d&rsquo;un arc hybride pour un contr\u00f4le supr\u00eame et une durabilit\u00e9 exceptionnelle.<\/p>\n","protected":false},"featured_media":62100,"template":"","meta":{"_acf_changed":false},"product_brand":[11381],"product_cat":[12130,12193,12142],"product_tag":[],"class_list":{"0":"post-62099","1":"product","2":"type-product","3":"status-publish","4":"has-post-thumbnail","6":"product_brand-geissele","7":"product_cat-detentes","8":"product_cat-fusil","9":"product_cat-tuning-carabine","11":"first","12":"instock","13":"taxable","14":"shipping-taxable","15":"product-type-simple"},"acf":[],"_links":{"self":[{"href":"https:\/\/staging.nbg.eu\/fr\/wp-json\/wp\/v2\/product\/62099","targetHints":{"allow":["GET"]}}],"collection":[{"href":"https:\/\/staging.nbg.eu\/fr\/wp-json\/wp\/v2\/product"}],"about":[{"href":"https:\/\/staging.nbg.eu\/fr\/wp-json\/wp\/v2\/types\/product"}],"wp:featuredmedia":[{"embeddable":true,"href":"https:\/\/staging.nbg.eu\/fr\/wp-json\/wp\/v2\/media\/62100"}],"wp:attachment":[{"href":"https:\/\/staging.nbg.eu\/fr\/wp-json\/wp\/v2\/media?parent=62099"}],"wp:term":[{"taxonomy":"product_brand","embeddable":true,"href":"https:\/\/staging.nbg.eu\/fr\/wp-json\/wp\/v2\/product_brand?post=62099"},{"taxonomy":"product_cat","embeddable":true,"href":"https:\/\/staging.nbg.eu\/fr\/wp-json\/wp\/v2\/product_cat?post=62099"},{"taxonomy":"product_tag","embeddable":true,"href":"https:\/\/staging.nbg.eu\/fr\/wp-json\/wp\/v2\/product_tag?post=62099"}],"curies":[{"name":"wp","href":"https:\/\/api.w.org\/{rel}","templated":true}]}}