{"id":61972,"date":"2024-02-14T11:11:36","date_gmt":"2024-09-16T11:22:10","guid":{"rendered":"https:\/\/staging.nbg.eu\/product\/geissele-super-dynamic-enhanced-sd-e-trigger\/"},"modified":"2024-09-16T11:22:57","modified_gmt":"2024-09-16T11:22:57","slug":"detente-geissele-super-dynamic-enhanced-sd-e","status":"publish","type":"product","link":"https:\/\/staging.nbg.eu\/fr\/produit\/detente-geissele-super-dynamic-enhanced-sd-e\/","title":{"rendered":"D\u00e9tente Geissele Super Dynamic Enhanced (SD-E)"},"content":{"rendered":"<div class=\"product-description\">\n<h2>D\u00e9tente Geissele Super Dynamic Enhanced (SD-E)<\/h2>\n<p>La d\u00e9tente Geissele SD-E est un m\u00e9canisme \u00e0 deux \u00e9tapes qui comprend :<\/p>\n<ul>\n<li>Un design de queue de d\u00e9tente plate<\/li>\n<li>Un m\u00e9canisme ajust\u00e9 pour un meilleur contr\u00f4le<\/li>\n<li>Une am\u00e9lioration de la pr\u00e9cision de l&rsquo;arme<\/li>\n<li>Une fiabilit\u00e9 \u00e9prouv\u00e9e en situation de combat<\/li>\n<\/ul>\n<p>La SD-E est la version \u00e0 queue plate de la SSA-E, offrant les m\u00eames performances. Sa conception assure :<\/p>\n<ul>\n<li>Un d\u00e9clenchement net<\/li>\n<li>Un poids de d\u00e9clenchement constant<\/li>\n<li>Des tirs de suivi plus rapides<\/li>\n<\/ul>\n<p>La d\u00e9tente Geissele SD-E combine pr\u00e9cision et performance.<\/p>\n<\/div>\n","protected":false},"excerpt":{"rendered":"<p>D\u00e9tente \u00e0 arc plat de pr\u00e9cision \u00e0 2 \u00e9tapes pour un contr\u00f4le et une pr\u00e9cision am\u00e9lior\u00e9s.<\/p>\n","protected":false},"featured_media":61973,"template":"","meta":{"_acf_changed":false},"product_brand":[11381],"product_cat":[12130,12193,12142],"product_tag":[],"class_list":{"0":"post-61972","1":"product","2":"type-product","3":"status-publish","4":"has-post-thumbnail","6":"product_brand-geissele","7":"product_cat-detentes","8":"product_cat-fusil","9":"product_cat-tuning-carabine","11":"first","12":"instock","13":"taxable","14":"shipping-taxable","15":"product-type-simple"},"acf":[],"_links":{"self":[{"href":"https:\/\/staging.nbg.eu\/fr\/wp-json\/wp\/v2\/product\/61972","targetHints":{"allow":["GET"]}}],"collection":[{"href":"https:\/\/staging.nbg.eu\/fr\/wp-json\/wp\/v2\/product"}],"about":[{"href":"https:\/\/staging.nbg.eu\/fr\/wp-json\/wp\/v2\/types\/product"}],"wp:featuredmedia":[{"embeddable":true,"href":"https:\/\/staging.nbg.eu\/fr\/wp-json\/wp\/v2\/media\/61973"}],"wp:attachment":[{"href":"https:\/\/staging.nbg.eu\/fr\/wp-json\/wp\/v2\/media?parent=61972"}],"wp:term":[{"taxonomy":"product_brand","embeddable":true,"href":"https:\/\/staging.nbg.eu\/fr\/wp-json\/wp\/v2\/product_brand?post=61972"},{"taxonomy":"product_cat","embeddable":true,"href":"https:\/\/staging.nbg.eu\/fr\/wp-json\/wp\/v2\/product_cat?post=61972"},{"taxonomy":"product_tag","embeddable":true,"href":"https:\/\/staging.nbg.eu\/fr\/wp-json\/wp\/v2\/product_tag?post=61972"}],"curies":[{"name":"wp","href":"https:\/\/api.w.org\/{rel}","templated":true}]}}