{"id":61910,"date":"2024-02-14T11:24:38","date_gmt":"2024-09-16T11:18:23","guid":{"rendered":"https:\/\/staging.nbg.eu\/product\/geissele-super-dynamic-3-gun-sd-3g-trigger\/"},"modified":"2024-09-16T11:19:11","modified_gmt":"2024-09-16T11:19:11","slug":"detente-geissele-super-dynamic-3-gun-sd-3g","status":"publish","type":"product","link":"https:\/\/staging.nbg.eu\/fr\/produit\/detente-geissele-super-dynamic-3-gun-sd-3g\/","title":{"rendered":"D\u00e9tente Geissele Super Dynamic 3 Gun (SD-3G)"},"content":{"rendered":"<div class=\"product-description\">\n<h2>D\u00e9tente Geissele Super Dynamic 3 Gun (SD-3G)<\/h2>\n<p>La d\u00e9tente Geissele SD-3G offre les caract\u00e9ristiques suivantes :<\/p>\n<ul>\n<li>Arc de d\u00e9tente plat pour r\u00e9duire le poids de d\u00e9part per\u00e7u<\/li>\n<li>Conception hybride combinant les qualit\u00e9s des d\u00e9tentes \u00e0 un et deux \u00e9tages<\/li>\n<li>Course de d\u00e9part raccourcie et r\u00e9armement tr\u00e8s rapide<\/li>\n<li>Retour tactile am\u00e9lior\u00e9 pour un meilleur contr\u00f4le de l&rsquo;op\u00e9rateur<\/li>\n<li>Adapt\u00e9e au tir de comp\u00e9tition 3 Gun<\/li>\n<\/ul>\n<p>Convient aux comp\u00e9titions sur parcours courts n\u00e9cessitant un engagement rapide des cibles et des tirs de suivi rapides. Non recommand\u00e9e pour un usage professionnel, le tir de pr\u00e9cision ou le tir sur appui.<\/p>\n<p><strong>Note :<\/strong> La SD-3G offre une vitesse exceptionnelle tout en maintenant la s\u00e9curit\u00e9 et la robustesse d&rsquo;une d\u00e9tente de combat \u00e0 deux \u00e9tages.<\/p>\n<\/div>\n","protected":false},"excerpt":{"rendered":"<p>D\u00e9tente plate \u00e0 3 leviers pour fusil : ultra-rapide, course courte, r\u00e9armement rapide.<\/p>\n","protected":false},"featured_media":61911,"template":"","meta":{"_acf_changed":false},"product_brand":[11381],"product_cat":[12130,12193,12142],"product_tag":[],"class_list":{"0":"post-61910","1":"product","2":"type-product","3":"status-publish","4":"has-post-thumbnail","6":"product_brand-geissele","7":"product_cat-detentes","8":"product_cat-fusil","9":"product_cat-tuning-carabine","11":"first","12":"outofstock","13":"taxable","14":"shipping-taxable","15":"product-type-simple"},"acf":[],"_links":{"self":[{"href":"https:\/\/staging.nbg.eu\/fr\/wp-json\/wp\/v2\/product\/61910","targetHints":{"allow":["GET"]}}],"collection":[{"href":"https:\/\/staging.nbg.eu\/fr\/wp-json\/wp\/v2\/product"}],"about":[{"href":"https:\/\/staging.nbg.eu\/fr\/wp-json\/wp\/v2\/types\/product"}],"wp:featuredmedia":[{"embeddable":true,"href":"https:\/\/staging.nbg.eu\/fr\/wp-json\/wp\/v2\/media\/61911"}],"wp:attachment":[{"href":"https:\/\/staging.nbg.eu\/fr\/wp-json\/wp\/v2\/media?parent=61910"}],"wp:term":[{"taxonomy":"product_brand","embeddable":true,"href":"https:\/\/staging.nbg.eu\/fr\/wp-json\/wp\/v2\/product_brand?post=61910"},{"taxonomy":"product_cat","embeddable":true,"href":"https:\/\/staging.nbg.eu\/fr\/wp-json\/wp\/v2\/product_cat?post=61910"},{"taxonomy":"product_tag","embeddable":true,"href":"https:\/\/staging.nbg.eu\/fr\/wp-json\/wp\/v2\/product_tag?post=61910"}],"curies":[{"name":"wp","href":"https:\/\/api.w.org\/{rel}","templated":true}]}}