{"id":61848,"date":"2024-02-14T19:46:21","date_gmt":"2024-09-16T11:14:15","guid":{"rendered":"https:\/\/staging.nbg.eu\/product\/geissele-hk-mr-556-trigger\/"},"modified":"2024-09-16T11:15:02","modified_gmt":"2024-09-16T11:15:02","slug":"detente-geissele-hk-mr-556","status":"publish","type":"product","link":"https:\/\/staging.nbg.eu\/fr\/produit\/detente-geissele-hk-mr-556\/","title":{"rendered":"D\u00e9tente Geissele HK MR 556"},"content":{"rendered":"<h2>D\u00e9tente Geissele HK MR 556<\/h2>\n<p>Am\u00e9liorez votre HK 556 ou HK 416 semi-automatique avec la d\u00e9tente Geissele HK MR 556. Similaire \u00e0 notre d\u00e9tente SSA, cette am\u00e9lioration offre :<\/p>\n<ul>\n<li>Pr\u00e9cision am\u00e9lior\u00e9e<\/li>\n<li>Traction plus douce<\/li>\n<li>Tirs de suivi plus rapides<\/li>\n<li>Compatible avec HK 556 et HK 416 semi-automatique<\/li>\n<\/ul>\n<p>Am\u00e9liorez votre exp\u00e9rience de tir avec la d\u00e9tente Geissele.<\/p>\n","protected":false},"excerpt":{"rendered":"<p>D\u00e9tente de pr\u00e9cision HK MR 556\/416. Performance similaire \u00e0 celle du SSA pour une pr\u00e9cision am\u00e9lior\u00e9e.<\/p>\n","protected":false},"featured_media":61849,"template":"","meta":{"_acf_changed":false},"product_brand":[11381],"product_cat":[12130,12193,12142],"product_tag":[],"class_list":{"0":"post-61848","1":"product","2":"type-product","3":"status-publish","4":"has-post-thumbnail","6":"product_brand-geissele","7":"product_cat-detentes","8":"product_cat-fusil","9":"product_cat-tuning-carabine","11":"first","12":"instock","13":"taxable","14":"shipping-taxable","15":"product-type-simple"},"acf":[],"_links":{"self":[{"href":"https:\/\/staging.nbg.eu\/fr\/wp-json\/wp\/v2\/product\/61848","targetHints":{"allow":["GET"]}}],"collection":[{"href":"https:\/\/staging.nbg.eu\/fr\/wp-json\/wp\/v2\/product"}],"about":[{"href":"https:\/\/staging.nbg.eu\/fr\/wp-json\/wp\/v2\/types\/product"}],"wp:featuredmedia":[{"embeddable":true,"href":"https:\/\/staging.nbg.eu\/fr\/wp-json\/wp\/v2\/media\/61849"}],"wp:attachment":[{"href":"https:\/\/staging.nbg.eu\/fr\/wp-json\/wp\/v2\/media?parent=61848"}],"wp:term":[{"taxonomy":"product_brand","embeddable":true,"href":"https:\/\/staging.nbg.eu\/fr\/wp-json\/wp\/v2\/product_brand?post=61848"},{"taxonomy":"product_cat","embeddable":true,"href":"https:\/\/staging.nbg.eu\/fr\/wp-json\/wp\/v2\/product_cat?post=61848"},{"taxonomy":"product_tag","embeddable":true,"href":"https:\/\/staging.nbg.eu\/fr\/wp-json\/wp\/v2\/product_tag?post=61848"}],"curies":[{"name":"wp","href":"https:\/\/api.w.org\/{rel}","templated":true}]}}