{"id":61786,"date":"2024-02-14T19:52:46","date_gmt":"2024-09-16T11:12:23","guid":{"rendered":"https:\/\/staging.nbg.eu\/product\/geissele-hk-mr-762-trigger\/"},"modified":"2024-09-16T11:13:11","modified_gmt":"2024-09-16T11:13:11","slug":"detente-geissele-hk-mr-762","status":"publish","type":"product","link":"https:\/\/staging.nbg.eu\/fr\/produit\/detente-geissele-hk-mr-762\/","title":{"rendered":"D\u00e9tente Geissele HK MR 762"},"content":{"rendered":"<div class=\"product-description\">\n<h2>D\u00e9tente Geissele HK MR 762<\/h2>\n<p>Pour HK 762 ou HK 417 semi-automatique. La d\u00e9tente Geissele HK MR 762, similaire \u00e0 notre d\u00e9tente SSA, offre :<\/p>\n<ul>\n<li>Pression fluide<\/li>\n<li>Pr\u00e9cision am\u00e9lior\u00e9e<\/li>\n<li>Compatibilit\u00e9 avec les mod\u00e8les HK 762 et HK 417<\/li>\n<li>Construction durable<\/li>\n<\/ul>\n<p>D\u00e9tente fabriqu\u00e9e par Geissele.<\/p>\n<\/div>\n","protected":false},"excerpt":{"rendered":"<p>D\u00e9tente de pr\u00e9cision de style SSA pour les fusils HK 762 et HK 417 semi-automatiques.<\/p>\n","protected":false},"featured_media":61787,"template":"","meta":{"_acf_changed":false},"product_brand":[11381],"product_cat":[12130,12193,12142],"product_tag":[],"class_list":{"0":"post-61786","1":"product","2":"type-product","3":"status-publish","4":"has-post-thumbnail","6":"product_brand-geissele","7":"product_cat-detentes","8":"product_cat-fusil","9":"product_cat-tuning-carabine","11":"first","12":"instock","13":"taxable","14":"shipping-taxable","15":"product-type-simple"},"acf":[],"_links":{"self":[{"href":"https:\/\/staging.nbg.eu\/fr\/wp-json\/wp\/v2\/product\/61786","targetHints":{"allow":["GET"]}}],"collection":[{"href":"https:\/\/staging.nbg.eu\/fr\/wp-json\/wp\/v2\/product"}],"about":[{"href":"https:\/\/staging.nbg.eu\/fr\/wp-json\/wp\/v2\/types\/product"}],"wp:featuredmedia":[{"embeddable":true,"href":"https:\/\/staging.nbg.eu\/fr\/wp-json\/wp\/v2\/media\/61787"}],"wp:attachment":[{"href":"https:\/\/staging.nbg.eu\/fr\/wp-json\/wp\/v2\/media?parent=61786"}],"wp:term":[{"taxonomy":"product_brand","embeddable":true,"href":"https:\/\/staging.nbg.eu\/fr\/wp-json\/wp\/v2\/product_brand?post=61786"},{"taxonomy":"product_cat","embeddable":true,"href":"https:\/\/staging.nbg.eu\/fr\/wp-json\/wp\/v2\/product_cat?post=61786"},{"taxonomy":"product_tag","embeddable":true,"href":"https:\/\/staging.nbg.eu\/fr\/wp-json\/wp\/v2\/product_tag?post=61786"}],"curies":[{"name":"wp","href":"https:\/\/api.w.org\/{rel}","templated":true}]}}