{"id":61709,"date":"2024-02-14T19:58:42","date_gmt":"2024-09-16T11:07:37","guid":{"rendered":"https:\/\/staging.nbg.eu\/product\/geissele-10-5-super-modular-rail-mk16-m-lok\/"},"modified":"2024-09-16T11:08:28","modified_gmt":"2024-09-16T11:08:28","slug":"rail-modulaire-geissele-105-super-mk16-m-lok","status":"publish","type":"product","link":"https:\/\/staging.nbg.eu\/fr\/produit\/rail-modulaire-geissele-105-super-mk16-m-lok\/","title":{"rendered":"Rail Modulaire Geissele 10.5&Prime; Super MK16 M-LOK\u00ae"},"content":{"rendered":"<h2 style=\"text-align: center\"><b>Rail Super Modulaire MK16 M-LOK\u00ae 10,5 pouces<\/b><\/h2>\n<p>Le Rail Super Modulaire MK16 de Geissele offre des performances pour les tireurs les plus exigeants. Mont\u00e9 sur la partie sup\u00e9rieure de votre AR-15 \u00e0 l&rsquo;aide de la version mise \u00e0 jour du design \u00e9prouv\u00e9 de l&rsquo;\u00e9crou de canon Geissele, le MK16 est facile \u00e0 installer et \u00e0 entretenir, et offre une rigidit\u00e9 sup\u00e9rieure. Des languettes anti-rotation et des vis de r\u00e9glage assurent que votre rail ne tournera pas, m\u00eame dans les conditions d&rsquo;utilisation les plus extr\u00eames. Le <b>rail picatinny M1913 sur le dessus et les fentes M-LOK\u2122<\/b> sur chaque quadrant permettent une personnalisation maximale pour tous vos accessoires. Le SMR MK16 de Geissele est usin\u00e9 avec pr\u00e9cision en utilisant de <b>l&rsquo;aluminium de s\u00e9rie 7000<\/b> en raison de ses propri\u00e9t\u00e9s de r\u00e9sistance, de rigidit\u00e9 et de l\u00e9g\u00e8ret\u00e9, et est fini avec un anodis\u00e9 dur de type 3 durable.<\/p>\n<p>Le Rail Super Modulaire 13,5 pouces (SMR) MK16 M-LOK\u00ae, NSN# 1005-01-672-4794 (13,5 pouces), <b>a \u00e9t\u00e9 adopt\u00e9 par l&rsquo;USASOC pour le programme URG-I (Upper Receiver Group Improved)<\/b>.<\/p>\n<p>&nbsp;<\/p>\n<h2 style=\"text-align: center\"><strong>SP\u00c9CIFICATIONS<\/strong><\/h2>\n<hr \/>\n<table border=\"1\">\n<tbody>\n<tr>\n<td><strong>HAUTEUR : <\/strong><\/td>\n<td> 2,39 pouces<\/td>\n<\/tr>\n<tr>\n<td><strong>COULEUR : <\/strong><\/td>\n<td> Noir, DDC, Gris, ODG<\/td>\n<\/tr>\n<tr>\n<td><strong>MAT\u00c9RIAU : <\/strong><\/td>\n<td> Aluminium s\u00e9rie 7000<\/td>\n<\/tr>\n<tr>\n<td><strong>FINITION : <\/strong><\/td>\n<td> Anodisation dure de type 3<\/td>\n<\/tr>\n<tr>\n<td><strong>LONGUEURS DISPONIBLES : <\/strong><\/td>\n<td> 9,3&Prime;, 10,5&Prime;, 13,5&Prime;, 15&Prime;<\/td>\n<\/tr>\n<tr>\n<td><strong>DIAM\u00c8TRE INT\u00c9RIEUR : <\/strong><\/td>\n<td> 1,26 pouce<\/td>\n<\/tr>\n<tr>\n<td><strong>DIAM\u00c8TRE EXT\u00c9RIEUR (DAQ*) : <\/strong><\/td>\n<td> 1,59 pouce<\/td>\n<\/tr>\n<tr>\n<td><strong>POIDS SMR MK16 9,3&Prime; : <\/strong><\/td>\n<td> 286 g (333 g avec \u00e9crou de canon)<\/td>\n<\/tr>\n<tr>\n<td><strong>POIDS SMR MK16 10,5&Prime; : <\/strong><\/td>\n<td> 312 g (357 g avec \u00e9crou de canon)<\/td>\n<\/tr>\n<tr>\n<td><strong>POIDS SMR MK16 13,5&Prime; : <\/strong><\/td>\n<td> 380 g (422 g avec \u00e9crou de canon)<\/td>\n<\/tr>\n<tr>\n<td><strong>POIDS SMR MK16 15&Prime; : <\/strong><\/td>\n<td> 403 g (448 g avec \u00e9crou de canon)<\/td>\n<\/tr>\n<\/tbody>\n<\/table>\n<p><em>*DAQ &#8211; Distance \u00e0 travers les quadrants<\/em><\/p>\n","protected":false},"excerpt":{"rendered":"<p><strong>Une Performance In\u00e9gal\u00e9e Pour Les Tireurs Les Plus Exigeants<\/strong><\/p>\n","protected":false},"featured_media":61710,"template":"","meta":{"_acf_changed":false},"product_brand":[11381],"product_cat":[12190,12193,12141,12142],"product_tag":[],"class_list":{"0":"post-61709","1":"product","2":"type-product","3":"status-publish","4":"has-post-thumbnail","6":"product_brand-geissele","7":"product_cat-carabines","8":"product_cat-fusil","9":"product_cat-rails","10":"product_cat-tuning-carabine","12":"first","13":"instock","14":"taxable","15":"shipping-taxable","16":"product-type-variable","17":"wvs-archive-product-wrapper"},"acf":[],"_links":{"self":[{"href":"https:\/\/staging.nbg.eu\/fr\/wp-json\/wp\/v2\/product\/61709","targetHints":{"allow":["GET"]}}],"collection":[{"href":"https:\/\/staging.nbg.eu\/fr\/wp-json\/wp\/v2\/product"}],"about":[{"href":"https:\/\/staging.nbg.eu\/fr\/wp-json\/wp\/v2\/types\/product"}],"wp:featuredmedia":[{"embeddable":true,"href":"https:\/\/staging.nbg.eu\/fr\/wp-json\/wp\/v2\/media\/61710"}],"wp:attachment":[{"href":"https:\/\/staging.nbg.eu\/fr\/wp-json\/wp\/v2\/media?parent=61709"}],"wp:term":[{"taxonomy":"product_brand","embeddable":true,"href":"https:\/\/staging.nbg.eu\/fr\/wp-json\/wp\/v2\/product_brand?post=61709"},{"taxonomy":"product_cat","embeddable":true,"href":"https:\/\/staging.nbg.eu\/fr\/wp-json\/wp\/v2\/product_cat?post=61709"},{"taxonomy":"product_tag","embeddable":true,"href":"https:\/\/staging.nbg.eu\/fr\/wp-json\/wp\/v2\/product_tag?post=61709"}],"curies":[{"name":"wp","href":"https:\/\/api.w.org\/{rel}","templated":true}]}}