{"id":61318,"date":"2024-02-14T20:22:23","date_gmt":"2024-09-16T10:48:19","guid":{"rendered":"https:\/\/staging.nbg.eu\/product\/geissele-15-super-modular-rail-mk16-m-lok\/"},"modified":"2024-09-16T10:49:10","modified_gmt":"2024-09-16T10:49:10","slug":"rail-modulaire-geissele-15-super-mk16-m-lok","status":"publish","type":"product","link":"https:\/\/staging.nbg.eu\/fr\/produit\/rail-modulaire-geissele-15-super-mk16-m-lok\/","title":{"rendered":"Rail Modulaire Geissele 15&Prime; Super MK16 M-LOK\u00ae"},"content":{"rendered":"<h2 style=\"text-align: center\"><strong>Rail modulaire Super 15\u2033 MK16 M-LOK\u00ae<\/strong><\/h2>\n<p>Le rail modulaire Super MK16 de Geissele se monte sur la partie sup\u00e9rieure de l&rsquo;AR-15 \u00e0 l&rsquo;aide d&rsquo;un \u00e9crou de canon Geissele am\u00e9lior\u00e9. Il offre une rigidit\u00e9 sup\u00e9rieure. Des languettes anti-rotation et des vis de r\u00e9glage emp\u00eachent la rotation du rail. Il comporte un rail picatinny M1913 sur le dessus et des fentes M-LOK\u2122 sur chaque quadrant. Il est fabriqu\u00e9 en aluminium de s\u00e9rie 7000 et fini par anodisation dure de type 3.<\/p>\n<p>Le rail modulaire Super 13,5&Prime; (SMR) MK16 M-LOK\u00ae, NSN# 1005-01-672-4794 (13,5&Prime;), a \u00e9t\u00e9 adopt\u00e9 par l&rsquo;USASOC pour le programme URG-I.<\/p>\n<h2 style=\"text-align: center\"><strong>SP\u00c9CIFICATIONS<\/strong><\/h2>\n<hr \/>\n<table border=\"1\">\n<tbody>\n<tr>\n<td><strong>HAUTEUR : <\/strong><\/td>\n<td> 2,39&Prime;<\/td>\n<\/tr>\n<tr>\n<td><strong>COULEUR : <\/strong><\/td>\n<td> Noir, DDC, Gris, ODG<\/td>\n<\/tr>\n<tr>\n<td><strong>MAT\u00c9RIAU : <\/strong><\/td>\n<td> Aluminium s\u00e9rie 7000<\/td>\n<\/tr>\n<tr>\n<td><strong>FINITION : <\/strong><\/td>\n<td> Anodisation dure type 3<\/td>\n<\/tr>\n<tr>\n<td><strong>LONGUEURS DISPONIBLES : <\/strong><\/td>\n<td> 9,3&Prime;, 10,5&Prime;, 13,5&Prime;<\/td>\n<\/tr>\n<tr>\n<td><strong>DIAM\u00c8TRE INT\u00c9RIEUR : <\/strong><\/td>\n<td> 1,26&Prime;<\/td>\n<\/tr>\n<tr>\n<td><strong>DIAM\u00c8TRE EXT\u00c9RIEUR (DAQ*) : <\/strong><\/td>\n<td> 1,59&Prime;<\/td>\n<\/tr>\n<tr>\n<td><strong>POIDS SMR MK16 9,3&Prime; : <\/strong><\/td>\n<td> 10,1oz (11,74oz avec \u00e9crou de canon)<\/td>\n<\/tr>\n<tr>\n<td><strong>POIDS SMR MK16 10,5&Prime; : <\/strong><\/td>\n<td> 11oz (12,6oz avec \u00e9crou de canon)<\/td>\n<\/tr>\n<tr>\n<td><strong>POIDS SMR MK16 13,5&Prime; : <\/strong><\/td>\n<td> 13,4oz (14,9oz avec \u00e9crou de canon)<\/td>\n<\/tr>\n<\/tbody>\n<\/table>\n<p><em>*DAQ &#8211; Distance \u00e0 travers les quadrants<\/em><\/p>\n","protected":false},"excerpt":{"rendered":"<p><strong>Une performance in\u00e9gal\u00e9e pour les tireurs les plus exigeants<\/strong><\/p>\n","protected":false},"featured_media":61319,"template":"","meta":{"_acf_changed":false},"product_brand":[11381],"product_cat":[12190,12193,12141,12142],"product_tag":[],"class_list":{"0":"post-61318","1":"product","2":"type-product","3":"status-publish","4":"has-post-thumbnail","6":"product_brand-geissele","7":"product_cat-carabines","8":"product_cat-fusil","9":"product_cat-rails","10":"product_cat-tuning-carabine","12":"first","13":"instock","14":"taxable","15":"shipping-taxable","16":"product-type-variable","17":"wvs-archive-product-wrapper"},"acf":[],"_links":{"self":[{"href":"https:\/\/staging.nbg.eu\/fr\/wp-json\/wp\/v2\/product\/61318","targetHints":{"allow":["GET"]}}],"collection":[{"href":"https:\/\/staging.nbg.eu\/fr\/wp-json\/wp\/v2\/product"}],"about":[{"href":"https:\/\/staging.nbg.eu\/fr\/wp-json\/wp\/v2\/types\/product"}],"wp:featuredmedia":[{"embeddable":true,"href":"https:\/\/staging.nbg.eu\/fr\/wp-json\/wp\/v2\/media\/61319"}],"wp:attachment":[{"href":"https:\/\/staging.nbg.eu\/fr\/wp-json\/wp\/v2\/media?parent=61318"}],"wp:term":[{"taxonomy":"product_brand","embeddable":true,"href":"https:\/\/staging.nbg.eu\/fr\/wp-json\/wp\/v2\/product_brand?post=61318"},{"taxonomy":"product_cat","embeddable":true,"href":"https:\/\/staging.nbg.eu\/fr\/wp-json\/wp\/v2\/product_cat?post=61318"},{"taxonomy":"product_tag","embeddable":true,"href":"https:\/\/staging.nbg.eu\/fr\/wp-json\/wp\/v2\/product_tag?post=61318"}],"curies":[{"name":"wp","href":"https:\/\/api.w.org\/{rel}","templated":true}]}}