{"id":61004,"date":"2024-02-14T20:33:29","date_gmt":"2024-09-16T10:40:11","guid":{"rendered":"https:\/\/staging.nbg.eu\/product\/geissele-16-super-modular-rail-mk18-m-lok\/"},"modified":"2024-09-16T10:41:06","modified_gmt":"2024-09-16T10:41:06","slug":"rail-modulaire-geissele-16-super-mk18-m-lok","status":"publish","type":"product","link":"https:\/\/staging.nbg.eu\/fr\/produit\/rail-modulaire-geissele-16-super-mk18-m-lok\/","title":{"rendered":"Rail Modulaire Geissele 16&Prime; Super MK18 M-LOK\u00ae"},"content":{"rendered":"<h2 style=\"text-align: center\"><b>Rail modulaire super 16&Prime; MK18 M-LOK\u00ae<\/b><\/h2>\n<p>Le MK18 est le dernier de la gamme de rails super modulaires Geissele et est sp\u00e9cifiquement con\u00e7u pour s&rsquo;interfacer avec le <b>syst\u00e8me de d\u00e9verrouillage rapide Arca-Swiss<\/b>. Ce nouveau garde-main est bas\u00e9 sur le rail super modulaire MK16 M-LOK, offrant un petit diam\u00e8tre et une hauteur totale cr\u00e9ant un profil mince. La base plate du MK18 pr\u00e9sente une forme de style Arca de 35 mm de large avec une queue d&rsquo;aronde \u00e0 45 degr\u00e9s, permettant un montage rapide sur une base de montage \u00e0 d\u00e9verrouillage rapide Arca-Swiss, glissant dans n&rsquo;importe quelle position le long du rail. Le MK18 comporte <b>un \u00e9crou de canon propri\u00e9taire de 2,25 pouces<\/b> qui s&rsquo;interface avec le r\u00e9cepteur. Le MK18 de 16 pouces de long est usin\u00e9 avec pr\u00e9cision en 3D en utilisant de l&rsquo;aluminium de s\u00e9rie 7000.<\/p>\n<p>Utilisant <b>la technologie M-LOK de Magpul sur les 3 quadrants principaux<\/b> (gauche, droit et bas), ainsi que les 45\u00b0 sup\u00e9rieurs, le MK18 offre une modularit\u00e9 sans pr\u00e9c\u00e9dent. Le rail super modulaire MK18 est <b>fini avec une anodisation dure de type 3 durable<\/b> disponible en noir ou en finition DDC de Geissele.<\/p>\n<p>Le rail super modulaire Geissele MK18 est <b>compatible avec les fusils de type AR15 aux normes militaires.<\/b><\/p>\n<h2 style=\"text-align: center\"><strong>SP\u00c9CIFICATIONS<\/strong><\/h2>\n<hr \/>\n<table border=\"1\">\n<tbody>\n<tr>\n<td><strong>HAUTEUR : <\/strong><\/td>\n<td> 2,08<\/td>\n<\/tr>\n<tr>\n<td><strong>COULEUR : <\/strong><\/td>\n<td> DDC \/ Noir<\/td>\n<\/tr>\n<tr>\n<td><strong>MAT\u00c9RIAU : <\/strong><\/td>\n<td> Aluminium s\u00e9rie 7000<\/td>\n<\/tr>\n<tr>\n<td><strong>FINITION : <\/strong><\/td>\n<td> Anodisation dure type 3<\/td>\n<\/tr>\n<tr>\n<td><strong>LONGUEUR : <\/strong><\/td>\n<td> 16,5&Prime;<\/td>\n<\/tr>\n<tr>\n<td><strong>DIAM\u00c8TRE INT\u00c9RIEUR : <\/strong><\/td>\n<td> 1,26&Prime;<\/td>\n<\/tr>\n<tr>\n<td><strong>DIAM\u00c8TRE EXT\u00c9RIEUR (DAQ*) : <\/strong><\/td>\n<td> 1,59&Prime;<\/td>\n<\/tr>\n<tr>\n<td><strong>POIDS SMR MK18 : <\/strong><\/td>\n<td> 17oz (18,4oz avec \u00e9crou de canon)<\/td>\n<\/tr>\n<\/tbody>\n<\/table>\n<p>&nbsp;<\/p>\n<p><em>*DAQ &#8211; Distance \u00e0 travers les quadrants<\/em><\/p>\n","protected":false},"excerpt":{"rendered":"<p><strong>Con\u00e7u pour s&rsquo;interfacer avec le syst\u00e8me de fixation rapide Arca-Swiss<\/strong><\/p>\n","protected":false},"featured_media":61005,"template":"","meta":{"_acf_changed":false},"product_brand":[11381],"product_cat":[12190,12193,12141,12142],"product_tag":[],"class_list":{"0":"post-61004","1":"product","2":"type-product","3":"status-publish","4":"has-post-thumbnail","6":"product_brand-geissele","7":"product_cat-carabines","8":"product_cat-fusil","9":"product_cat-rails","10":"product_cat-tuning-carabine","12":"first","13":"outofstock","14":"taxable","15":"shipping-taxable","16":"product-type-variable","17":"wvs-archive-product-wrapper"},"acf":[],"_links":{"self":[{"href":"https:\/\/staging.nbg.eu\/fr\/wp-json\/wp\/v2\/product\/61004","targetHints":{"allow":["GET"]}}],"collection":[{"href":"https:\/\/staging.nbg.eu\/fr\/wp-json\/wp\/v2\/product"}],"about":[{"href":"https:\/\/staging.nbg.eu\/fr\/wp-json\/wp\/v2\/types\/product"}],"wp:featuredmedia":[{"embeddable":true,"href":"https:\/\/staging.nbg.eu\/fr\/wp-json\/wp\/v2\/media\/61005"}],"wp:attachment":[{"href":"https:\/\/staging.nbg.eu\/fr\/wp-json\/wp\/v2\/media?parent=61004"}],"wp:term":[{"taxonomy":"product_brand","embeddable":true,"href":"https:\/\/staging.nbg.eu\/fr\/wp-json\/wp\/v2\/product_brand?post=61004"},{"taxonomy":"product_cat","embeddable":true,"href":"https:\/\/staging.nbg.eu\/fr\/wp-json\/wp\/v2\/product_cat?post=61004"},{"taxonomy":"product_tag","embeddable":true,"href":"https:\/\/staging.nbg.eu\/fr\/wp-json\/wp\/v2\/product_tag?post=61004"}],"curies":[{"name":"wp","href":"https:\/\/api.w.org\/{rel}","templated":true}]}}