{"id":60816,"date":"2024-02-14T20:38:31","date_gmt":"2024-09-16T10:32:04","guid":{"rendered":"https:\/\/staging.nbg.eu\/product\/alg-defense-emr-v3x-15-handguard-black\/"},"modified":"2024-09-16T10:32:51","modified_gmt":"2024-09-16T10:32:51","slug":"garde-main-alg-defense-emr-v3x-15-noir","status":"publish","type":"product","link":"https:\/\/staging.nbg.eu\/fr\/produit\/garde-main-alg-defense-emr-v3x-15-noir\/","title":{"rendered":"Garde-Main ALG Defense EMR V3X 15&Prime; &#8211; Noir"},"content":{"rendered":"<p>Le garde-main ALG Defense EMR V3X 15&Prime; en noir offre une personnalisation avec son syst\u00e8me de support M-LOK. Montez des accessoires aux positions 2, 4, 6, 8 et 10 heures. Il comprend un rail picatinny M1913 sur toute la longueur \u00e0 12 heures pour fixer des viseurs, lasers, lumi\u00e8res et autres optiques. Con\u00e7u pour adapter votre arme \u00e0 vos besoins.<\/p>\n","protected":false},"excerpt":{"rendered":"<p>Garde-main M-LOK polyvalent de 15&#8243; avec rail Picatinny sur toute la longueur.<\/p>\n","protected":false},"featured_media":60817,"template":"","meta":{"_acf_changed":false},"product_brand":[11381],"product_cat":[12193,12141,12142],"product_tag":[],"class_list":{"0":"post-60816","1":"product","2":"type-product","3":"status-publish","4":"has-post-thumbnail","6":"product_brand-geissele","7":"product_cat-fusil","8":"product_cat-rails","9":"product_cat-tuning-carabine","11":"first","12":"instock","13":"taxable","14":"shipping-taxable","15":"product-type-simple"},"acf":[],"_links":{"self":[{"href":"https:\/\/staging.nbg.eu\/fr\/wp-json\/wp\/v2\/product\/60816","targetHints":{"allow":["GET"]}}],"collection":[{"href":"https:\/\/staging.nbg.eu\/fr\/wp-json\/wp\/v2\/product"}],"about":[{"href":"https:\/\/staging.nbg.eu\/fr\/wp-json\/wp\/v2\/types\/product"}],"wp:featuredmedia":[{"embeddable":true,"href":"https:\/\/staging.nbg.eu\/fr\/wp-json\/wp\/v2\/media\/60817"}],"wp:attachment":[{"href":"https:\/\/staging.nbg.eu\/fr\/wp-json\/wp\/v2\/media?parent=60816"}],"wp:term":[{"taxonomy":"product_brand","embeddable":true,"href":"https:\/\/staging.nbg.eu\/fr\/wp-json\/wp\/v2\/product_brand?post=60816"},{"taxonomy":"product_cat","embeddable":true,"href":"https:\/\/staging.nbg.eu\/fr\/wp-json\/wp\/v2\/product_cat?post=60816"},{"taxonomy":"product_tag","embeddable":true,"href":"https:\/\/staging.nbg.eu\/fr\/wp-json\/wp\/v2\/product_tag?post=60816"}],"curies":[{"name":"wp","href":"https:\/\/api.w.org\/{rel}","templated":true}]}}