{"id":60409,"date":"2024-02-15T07:17:14","date_gmt":"2024-02-15T07:17:14","guid":{"rendered":"https:\/\/staging.nbg.eu\/product\/geissele-super-42-rifle-length-spring\/"},"modified":"2024-09-13T16:16:28","modified_gmt":"2024-09-13T16:16:28","slug":"ressort-geissele-super-42-longueur-fusil","status":"publish","type":"product","link":"https:\/\/staging.nbg.eu\/fr\/produit\/ressort-geissele-super-42-longueur-fusil\/","title":{"rendered":"Ressort Geissele Super 42 Longueur Fusil"},"content":{"rendered":"<p>\nAm\u00e9liorez les performances de votre M-16\/AR-15 avec le ressort de longueur de fusil Geissele Super 42. Sa conception \u00e0 triple fil agit comme un amortisseur harmonique, absorbant l&rsquo;\u00e9nergie et r\u00e9duisant les d\u00e9faillances du ressort. Il offre une fiabilit\u00e9 am\u00e9lior\u00e9e, une r\u00e9duction du bruit de \u00ab\u00a0twang\u00a0\u00bb, et une compatibilit\u00e9 avec les tampons et tubes de longueur standard pour fusil.<\/p>\n","protected":false},"excerpt":{"rendered":"<p>Am\u00e9liorez les performances de l&rsquo;AR-15 avec le ressort innovant \u00e0 3 brins de Geissele.<\/p>\n","protected":false},"featured_media":60410,"template":"","meta":{"_acf_changed":false},"product_brand":[11381],"product_cat":[12193,12204,12142],"product_tag":[],"class_list":{"0":"post-60409","1":"product","2":"type-product","3":"status-publish","4":"has-post-thumbnail","6":"product_brand-geissele","7":"product_cat-fusil","8":"product_cat-ressorts","9":"product_cat-tuning-carabine","11":"first","12":"instock","13":"taxable","14":"shipping-taxable","15":"product-type-simple"},"acf":[],"_links":{"self":[{"href":"https:\/\/staging.nbg.eu\/fr\/wp-json\/wp\/v2\/product\/60409","targetHints":{"allow":["GET"]}}],"collection":[{"href":"https:\/\/staging.nbg.eu\/fr\/wp-json\/wp\/v2\/product"}],"about":[{"href":"https:\/\/staging.nbg.eu\/fr\/wp-json\/wp\/v2\/types\/product"}],"wp:featuredmedia":[{"embeddable":true,"href":"https:\/\/staging.nbg.eu\/fr\/wp-json\/wp\/v2\/media\/60410"}],"wp:attachment":[{"href":"https:\/\/staging.nbg.eu\/fr\/wp-json\/wp\/v2\/media?parent=60409"}],"wp:term":[{"taxonomy":"product_brand","embeddable":true,"href":"https:\/\/staging.nbg.eu\/fr\/wp-json\/wp\/v2\/product_brand?post=60409"},{"taxonomy":"product_cat","embeddable":true,"href":"https:\/\/staging.nbg.eu\/fr\/wp-json\/wp\/v2\/product_cat?post=60409"},{"taxonomy":"product_tag","embeddable":true,"href":"https:\/\/staging.nbg.eu\/fr\/wp-json\/wp\/v2\/product_tag?post=60409"}],"curies":[{"name":"wp","href":"https:\/\/api.w.org\/{rel}","templated":true}]}}