{"id":60227,"date":"2024-02-15T07:27:09","date_gmt":"2024-09-13T16:10:50","guid":{"rendered":"https:\/\/staging.nbg.eu\/product\/geissele-super-charging-handle-sch-5-56\/"},"modified":"2024-09-13T16:11:41","modified_gmt":"2024-09-13T16:11:41","slug":"geissele-levier-darmement-super-sch-556","status":"publish","type":"product","link":"https:\/\/staging.nbg.eu\/fr\/produit\/geissele-levier-darmement-super-sch-556\/","title":{"rendered":"Geissele Levier d&rsquo;Armement Super (SCH) 5.56"},"content":{"rendered":"<div class=\"product-description\">\n<h2>Poign\u00e9e de chargement Geissele Super (SCH\u00ae) 5,56<\/h2>\n<p>Usin\u00e9e avec pr\u00e9cision en aluminium 7075-T6, cette poign\u00e9e de chargement ambidextre comprend :<\/p>\n<ul>\n<li>Leviers \u00e0 double contour avec prise quadrill\u00e9e<\/li>\n<li>Att\u00e9nuation am\u00e9lior\u00e9e des gaz pour les syst\u00e8mes avec silencieux<\/li>\n<li>Finition anodis\u00e9e type 3<\/li>\n<li>Disponible en noir et DDC<\/li>\n<\/ul>\n<p>Am\u00e9liore l&rsquo;ergonomie et la durabilit\u00e9 de votre AR-15.<\/p>\n<\/div>\n","protected":false},"excerpt":{"rendered":"<p>Poign\u00e9e de chargement ambidextre en aluminium 7075-T6. Conception r\u00e9duisant les \u00e9missions de gaz.<\/p>\n","protected":false},"featured_media":60228,"template":"","meta":{"_acf_changed":false},"product_brand":[11381],"product_cat":[12193,12148,12142],"product_tag":[],"class_list":{"0":"post-60227","1":"product","2":"type-product","3":"status-publish","4":"has-post-thumbnail","6":"product_brand-geissele","7":"product_cat-fusil","8":"product_cat-poignees-de-chargement","9":"product_cat-tuning-carabine","11":"first","12":"instock","13":"taxable","14":"shipping-taxable","15":"product-type-variable","16":"wvs-archive-product-wrapper"},"acf":[],"_links":{"self":[{"href":"https:\/\/staging.nbg.eu\/fr\/wp-json\/wp\/v2\/product\/60227","targetHints":{"allow":["GET"]}}],"collection":[{"href":"https:\/\/staging.nbg.eu\/fr\/wp-json\/wp\/v2\/product"}],"about":[{"href":"https:\/\/staging.nbg.eu\/fr\/wp-json\/wp\/v2\/types\/product"}],"wp:featuredmedia":[{"embeddable":true,"href":"https:\/\/staging.nbg.eu\/fr\/wp-json\/wp\/v2\/media\/60228"}],"wp:attachment":[{"href":"https:\/\/staging.nbg.eu\/fr\/wp-json\/wp\/v2\/media?parent=60227"}],"wp:term":[{"taxonomy":"product_brand","embeddable":true,"href":"https:\/\/staging.nbg.eu\/fr\/wp-json\/wp\/v2\/product_brand?post=60227"},{"taxonomy":"product_cat","embeddable":true,"href":"https:\/\/staging.nbg.eu\/fr\/wp-json\/wp\/v2\/product_cat?post=60227"},{"taxonomy":"product_tag","embeddable":true,"href":"https:\/\/staging.nbg.eu\/fr\/wp-json\/wp\/v2\/product_tag?post=60227"}],"curies":[{"name":"wp","href":"https:\/\/api.w.org\/{rel}","templated":true}]}}