{"id":60001,"date":"2024-02-15T07:54:43","date_gmt":"2024-09-13T16:09:11","guid":{"rendered":"https:\/\/staging.nbg.eu\/product\/geissele-super-charging-handle-sch-7-62\/"},"modified":"2024-09-13T16:10:01","modified_gmt":"2024-09-13T16:10:01","slug":"geissele-levier-darmement-super-sch-762","status":"publish","type":"product","link":"https:\/\/staging.nbg.eu\/fr\/produit\/geissele-levier-darmement-super-sch-762\/","title":{"rendered":"Geissele Levier d&rsquo;Armement Super (SCH) 7.62"},"content":{"rendered":"<div class=\"product-description\">\n<h2>Poign\u00e9e de chargement Geissele (SCH\u00ae) 7.62<\/h2>\n<p>La <b>SCH\u00ae 7.62<\/b> est une poign\u00e9e de chargement ambidextre <u>usin\u00e9e en 3D \u00e0 partir d&rsquo;aluminium 7075-T6 de qualit\u00e9 a\u00e9ronautique<\/u>. Avec des leviers \u00e0 double contour et des surfaces de pr\u00e9hension quadrill\u00e9es, elle assure un fonctionnement fluide m\u00eame avec des gants. Le rebord arri\u00e8re sur\u00e9lev\u00e9 r\u00e9duit le refoulement de gaz, adapt\u00e9 aux syst\u00e8mes \u00e0 canon court et supprim\u00e9s. Anodis\u00e9e dure de type 3 pour la durabilit\u00e9, <b>disponible en noir et DDC (couleur terre du d\u00e9sert)<\/b>.<\/p>\n<p>Compatible avec la plupart des armes \u00e0 feu de type SR25, DPMS\/LR308 et AR10. V\u00e9rifiez la compatibilit\u00e9 aupr\u00e8s du fabricant de votre arme avant l&rsquo;installation.<\/p>\n<p><strong>Non compatible avec :<\/strong> HK 762, Colt 901, DPMS GII, Adams Arms .308 Patrol Rifle, Daniel Defense DD5, Sig 716, BPM Long Range Marksman .308, Smith &amp; Wesson MP-10, Bushmaster BAR-10, Rock River Arms LAR-8.<\/p>\n<\/div>\n","protected":false},"excerpt":{"rendered":"<p>Levier d&rsquo;armement ambidextre en aluminium 7075-T6 pour fusils de calibre 7,62.<\/p>\n","protected":false},"featured_media":60002,"template":"","meta":{"_acf_changed":false},"product_brand":[11381],"product_cat":[12193,12148,12142],"product_tag":[],"class_list":{"0":"post-60001","1":"product","2":"type-product","3":"status-publish","4":"has-post-thumbnail","6":"product_brand-geissele","7":"product_cat-fusil","8":"product_cat-poignees-de-chargement","9":"product_cat-tuning-carabine","11":"first","12":"instock","13":"taxable","14":"shipping-taxable","15":"product-type-variable","16":"wvs-archive-product-wrapper"},"acf":[],"_links":{"self":[{"href":"https:\/\/staging.nbg.eu\/fr\/wp-json\/wp\/v2\/product\/60001","targetHints":{"allow":["GET"]}}],"collection":[{"href":"https:\/\/staging.nbg.eu\/fr\/wp-json\/wp\/v2\/product"}],"about":[{"href":"https:\/\/staging.nbg.eu\/fr\/wp-json\/wp\/v2\/types\/product"}],"wp:featuredmedia":[{"embeddable":true,"href":"https:\/\/staging.nbg.eu\/fr\/wp-json\/wp\/v2\/media\/60002"}],"wp:attachment":[{"href":"https:\/\/staging.nbg.eu\/fr\/wp-json\/wp\/v2\/media?parent=60001"}],"wp:term":[{"taxonomy":"product_brand","embeddable":true,"href":"https:\/\/staging.nbg.eu\/fr\/wp-json\/wp\/v2\/product_brand?post=60001"},{"taxonomy":"product_cat","embeddable":true,"href":"https:\/\/staging.nbg.eu\/fr\/wp-json\/wp\/v2\/product_cat?post=60001"},{"taxonomy":"product_tag","embeddable":true,"href":"https:\/\/staging.nbg.eu\/fr\/wp-json\/wp\/v2\/product_tag?post=60001"}],"curies":[{"name":"wp","href":"https:\/\/api.w.org\/{rel}","templated":true}]}}