{"id":59861,"date":"2024-02-15T10:31:20","date_gmt":"2024-09-13T16:05:32","guid":{"rendered":"https:\/\/staging.nbg.eu\/product\/geissele-super-configurable-safety-selector-black\/"},"modified":"2024-09-13T16:06:17","modified_gmt":"2024-09-13T16:06:17","slug":"geissele-selecteur-de-surete-super-configurable-noir","status":"publish","type":"product","link":"https:\/\/staging.nbg.eu\/fr\/produit\/geissele-selecteur-de-surete-super-configurable-noir\/","title":{"rendered":"Geissele S\u00e9lecteur de S\u00fbret\u00e9 Super Configurable &#8211; Noir"},"content":{"rendered":"<div class=\"product-description\">\n<h2>S\u00e9lecteur de s\u00e9curit\u00e9 configurable Geissele &#8211; Noir<\/h2>\n<p>S\u00e9lecteur de s\u00e9curit\u00e9 ambidextre pour carabine. Leviers interchangeables pour personnaliser le confort et l&rsquo;utilisation. Conception \u00e0 plongeur \u00e0 ressort pour \u00e9viter la perte lors du nettoyage. Canon en acier inoxydable r\u00e9sistant \u00e0 la corrosion. Pour am\u00e9liorer la s\u00e9curit\u00e9 et l&rsquo;utilisation de l&rsquo;arme \u00e0 feu.<\/p>\n<\/div>\n","protected":false},"excerpt":{"rendered":"<p>S\u00e9lecteur de s\u00e9curit\u00e9 ambidextre et configurable pour AR-15. Acier durable.<\/p>\n","protected":false},"featured_media":59862,"template":"","meta":{"_acf_changed":false},"product_brand":[11381],"product_cat":[12193,12142],"product_tag":[],"class_list":{"0":"post-59861","1":"product","2":"type-product","3":"status-publish","4":"has-post-thumbnail","6":"product_brand-geissele","7":"product_cat-fusil","8":"product_cat-tuning-carabine","10":"first","11":"instock","12":"taxable","13":"shipping-taxable","14":"product-type-simple"},"acf":[],"_links":{"self":[{"href":"https:\/\/staging.nbg.eu\/fr\/wp-json\/wp\/v2\/product\/59861","targetHints":{"allow":["GET"]}}],"collection":[{"href":"https:\/\/staging.nbg.eu\/fr\/wp-json\/wp\/v2\/product"}],"about":[{"href":"https:\/\/staging.nbg.eu\/fr\/wp-json\/wp\/v2\/types\/product"}],"wp:featuredmedia":[{"embeddable":true,"href":"https:\/\/staging.nbg.eu\/fr\/wp-json\/wp\/v2\/media\/59862"}],"wp:attachment":[{"href":"https:\/\/staging.nbg.eu\/fr\/wp-json\/wp\/v2\/media?parent=59861"}],"wp:term":[{"taxonomy":"product_brand","embeddable":true,"href":"https:\/\/staging.nbg.eu\/fr\/wp-json\/wp\/v2\/product_brand?post=59861"},{"taxonomy":"product_cat","embeddable":true,"href":"https:\/\/staging.nbg.eu\/fr\/wp-json\/wp\/v2\/product_cat?post=59861"},{"taxonomy":"product_tag","embeddable":true,"href":"https:\/\/staging.nbg.eu\/fr\/wp-json\/wp\/v2\/product_tag?post=59861"}],"curies":[{"name":"wp","href":"https:\/\/api.w.org\/{rel}","templated":true}]}}