{"id":59703,"date":"2024-02-15T10:48:43","date_gmt":"2024-09-13T16:01:53","guid":{"rendered":"https:\/\/staging.nbg.eu\/product\/geissele-maritime-bolt-catch\/"},"modified":"2024-09-13T16:02:40","modified_gmt":"2024-09-13T16:02:40","slug":"geissele-verrou-de-culasse-maritime","status":"publish","type":"product","link":"https:\/\/staging.nbg.eu\/fr\/produit\/geissele-verrou-de-culasse-maritime\/","title":{"rendered":"Geissele Verrou de Culasse Maritime"},"content":{"rendered":"<p>\nLe levier d&rsquo;arr\u00eat de culasse Maritime de Geissele am\u00e9liore la fonctionnalit\u00e9 de votre AR-15 :<\/p>\n<ul>\n<li>Compatible avec les bo\u00eetiers de culasse M16\/M4 aux normes militaires<\/li>\n<li>Surface augment\u00e9e pour une utilisation plus facile<\/li>\n<li>Commandes \u00e9tendues pour les tireurs gauchers<\/li>\n<li>Quadrillage pour une meilleure prise en main<\/li>\n<li>Adapt\u00e9 \u00e0 l&rsquo;utilisation avec des gants ou dans des conditions de faible luminosit\u00e9<\/li>\n<\/ul>\n<p>Am\u00e9liorez votre fusil avec ce levier d&rsquo;arr\u00eat de culasse con\u00e7u pour les combattants et les passionn\u00e9s.<\/p>\n","protected":false},"excerpt":{"rendered":"<p>Arr\u00eatoir de culasse am\u00e9lior\u00e9 avec une surface plus large pour une utilisation plus facile.<\/p>\n","protected":false},"featured_media":59704,"template":"","meta":{"_acf_changed":false},"product_brand":[11381],"product_cat":[12193,12142],"product_tag":[],"class_list":{"0":"post-59703","1":"product","2":"type-product","3":"status-publish","4":"has-post-thumbnail","6":"product_brand-geissele","7":"product_cat-fusil","8":"product_cat-tuning-carabine","10":"first","11":"instock","12":"taxable","13":"shipping-taxable","14":"product-type-simple"},"acf":[],"_links":{"self":[{"href":"https:\/\/staging.nbg.eu\/fr\/wp-json\/wp\/v2\/product\/59703","targetHints":{"allow":["GET"]}}],"collection":[{"href":"https:\/\/staging.nbg.eu\/fr\/wp-json\/wp\/v2\/product"}],"about":[{"href":"https:\/\/staging.nbg.eu\/fr\/wp-json\/wp\/v2\/types\/product"}],"wp:featuredmedia":[{"embeddable":true,"href":"https:\/\/staging.nbg.eu\/fr\/wp-json\/wp\/v2\/media\/59704"}],"wp:attachment":[{"href":"https:\/\/staging.nbg.eu\/fr\/wp-json\/wp\/v2\/media?parent=59703"}],"wp:term":[{"taxonomy":"product_brand","embeddable":true,"href":"https:\/\/staging.nbg.eu\/fr\/wp-json\/wp\/v2\/product_brand?post=59703"},{"taxonomy":"product_cat","embeddable":true,"href":"https:\/\/staging.nbg.eu\/fr\/wp-json\/wp\/v2\/product_cat?post=59703"},{"taxonomy":"product_tag","embeddable":true,"href":"https:\/\/staging.nbg.eu\/fr\/wp-json\/wp\/v2\/product_tag?post=59703"}],"curies":[{"name":"wp","href":"https:\/\/api.w.org\/{rel}","templated":true}]}}