{"id":59059,"date":"2024-02-15T11:15:35","date_gmt":"2024-09-13T15:20:14","guid":{"rendered":"https:\/\/staging.nbg.eu\/product\/geissele-rail-panels-black-ddc\/"},"modified":"2024-09-13T15:21:07","modified_gmt":"2024-09-13T15:21:07","slug":"geissele-panneaux-de-rail-noirddc","status":"publish","type":"product","link":"https:\/\/staging.nbg.eu\/fr\/produit\/geissele-panneaux-de-rail-noirddc\/","title":{"rendered":"Geissele Panneaux de Rail (Noir\/DDC)"},"content":{"rendered":"<div class=\"product-description\">\n<h2>Panneaux de rail M-Lok Geissele (Noir\/DDC)<\/h2>\n<p>Ajoutez des panneaux de rail M-Lok Geissele \u00e0 votre rail URGI. Caract\u00e9ristiques :<\/p>\n<ul>\n<li>Texture pour une meilleure prise en main<\/li>\n<li>Construction en polym\u00e8re<\/li>\n<li>Durabilit\u00e9 lors d&rsquo;une utilisation intensive<\/li>\n<li>Propri\u00e9t\u00e9s de bouclier thermique<\/li>\n<li>Disponible en Noir et DDC<\/li>\n<\/ul>\n<p>Am\u00e9liorez la manipulation de votre carabine et prot\u00e9gez vos mains avec ces panneaux de rail.<\/p>\n<\/div>\n","protected":false},"excerpt":{"rendered":"<p>Panneaux de rail M-LOK textur\u00e9s et durables pour une meilleure prise en main et une protection thermique am\u00e9lior\u00e9e.<\/p>\n","protected":false},"featured_media":59060,"template":"","meta":{"_acf_changed":false},"product_brand":[11381],"product_cat":[12193,12141],"product_tag":[],"class_list":{"0":"post-59059","1":"product","2":"type-product","3":"status-publish","4":"has-post-thumbnail","6":"product_brand-geissele","7":"product_cat-fusil","8":"product_cat-rails","10":"first","11":"instock","12":"taxable","13":"shipping-taxable","14":"product-type-variable","15":"wvs-archive-product-wrapper"},"acf":[],"_links":{"self":[{"href":"https:\/\/staging.nbg.eu\/fr\/wp-json\/wp\/v2\/product\/59059","targetHints":{"allow":["GET"]}}],"collection":[{"href":"https:\/\/staging.nbg.eu\/fr\/wp-json\/wp\/v2\/product"}],"about":[{"href":"https:\/\/staging.nbg.eu\/fr\/wp-json\/wp\/v2\/types\/product"}],"wp:featuredmedia":[{"embeddable":true,"href":"https:\/\/staging.nbg.eu\/fr\/wp-json\/wp\/v2\/media\/59060"}],"wp:attachment":[{"href":"https:\/\/staging.nbg.eu\/fr\/wp-json\/wp\/v2\/media?parent=59059"}],"wp:term":[{"taxonomy":"product_brand","embeddable":true,"href":"https:\/\/staging.nbg.eu\/fr\/wp-json\/wp\/v2\/product_brand?post=59059"},{"taxonomy":"product_cat","embeddable":true,"href":"https:\/\/staging.nbg.eu\/fr\/wp-json\/wp\/v2\/product_cat?post=59059"},{"taxonomy":"product_tag","embeddable":true,"href":"https:\/\/staging.nbg.eu\/fr\/wp-json\/wp\/v2\/product_tag?post=59059"}],"curies":[{"name":"wp","href":"https:\/\/api.w.org\/{rel}","templated":true}]}}