{"id":58837,"date":"2024-02-15T19:41:39","date_gmt":"2024-09-13T15:17:23","guid":{"rendered":"https:\/\/staging.nbg.eu\/product\/geissele-super-gas-block-black\/"},"modified":"2024-09-13T15:18:10","modified_gmt":"2024-09-13T15:18:10","slug":"geissele-bloc-de-gaz-super-noir","status":"publish","type":"product","link":"https:\/\/staging.nbg.eu\/fr\/produit\/geissele-bloc-de-gaz-super-noir\/","title":{"rendered":"Geissele Bloc de Gaz Super &#8211; Noir"},"content":{"rendered":"<div class=\"product-description\">\n<h2>Bloc de gaz Geissele Super &#8211; Noir<\/h2>\n<p>Le bloc de gaz Geissele Super est un composant \u00e0 profil bas con\u00e7u pour s&rsquo;adapter sous la plupart des gardes-main flottants. Fabriqu\u00e9 en acier inoxydable 17-4 \u00e0 durcissement par pr\u00e9cipitation, ce bloc de gaz offre une r\u00e9sistance \u00e0 la corrosion et une durabilit\u00e9.<\/p>\n<ul>\n<li>R\u00e9siste \u00e0 des milliers de tirs<\/li>\n<li>Inclut une vis de r\u00e9glage standard et des m\u00e9thodes d&rsquo;installation s\u00e9curis\u00e9es<\/li>\n<li>Une goupille h\u00e9lico\u00efdale fixe le bloc de gaz pour la stabilit\u00e9<\/li>\n<li>Une goupille en acier inoxydable assure l&rsquo;alignement avec les canons Geissele CHF<\/li>\n<\/ul>\n<p>Le bloc de gaz Geissele Super est con\u00e7u pour fonctionner dans diverses conditions d&rsquo;utilisation.<\/p>\n<\/div>\n","protected":false},"excerpt":{"rendered":"<p>Bloc de gaz en acier inoxydable durable et de faible profil pour les fusils AR-15.<\/p>\n","protected":false},"featured_media":58838,"template":"","meta":{"_acf_changed":false},"product_brand":[11381],"product_cat":[12193,12142],"product_tag":[],"class_list":{"0":"post-58837","1":"product","2":"type-product","3":"status-publish","4":"has-post-thumbnail","6":"product_brand-geissele","7":"product_cat-fusil","8":"product_cat-tuning-carabine","10":"first","11":"instock","12":"taxable","13":"shipping-taxable","14":"product-type-simple"},"acf":[],"_links":{"self":[{"href":"https:\/\/staging.nbg.eu\/fr\/wp-json\/wp\/v2\/product\/58837","targetHints":{"allow":["GET"]}}],"collection":[{"href":"https:\/\/staging.nbg.eu\/fr\/wp-json\/wp\/v2\/product"}],"about":[{"href":"https:\/\/staging.nbg.eu\/fr\/wp-json\/wp\/v2\/types\/product"}],"wp:featuredmedia":[{"embeddable":true,"href":"https:\/\/staging.nbg.eu\/fr\/wp-json\/wp\/v2\/media\/58838"}],"wp:attachment":[{"href":"https:\/\/staging.nbg.eu\/fr\/wp-json\/wp\/v2\/media?parent=58837"}],"wp:term":[{"taxonomy":"product_brand","embeddable":true,"href":"https:\/\/staging.nbg.eu\/fr\/wp-json\/wp\/v2\/product_brand?post=58837"},{"taxonomy":"product_cat","embeddable":true,"href":"https:\/\/staging.nbg.eu\/fr\/wp-json\/wp\/v2\/product_cat?post=58837"},{"taxonomy":"product_tag","embeddable":true,"href":"https:\/\/staging.nbg.eu\/fr\/wp-json\/wp\/v2\/product_tag?post=58837"}],"curies":[{"name":"wp","href":"https:\/\/api.w.org\/{rel}","templated":true}]}}