{"id":584425,"date":"2025-09-05T18:16:13","date_gmt":"2025-09-05T15:16:13","guid":{"rendered":"https:\/\/staging.nbg.eu\/product\/mak-viper-fts-left\/"},"modified":"2025-10-16T16:00:54","modified_gmt":"2025-10-16T13:00:54","slug":"mak-viper-fts-gauche","status":"publish","type":"product","link":"https:\/\/staging.nbg.eu\/fr\/produit\/mak-viper-fts-gauche\/","title":{"rendered":"MAK Viper FTS Gauche"},"content":{"rendered":"<div class=\"product-description\">\n<h2>MAK Viper FTS Gauche<\/h2>\n<p>Le MAK Viper FTS Gauche est un support de lunette de vis\u00e9e pour tireurs gauchers. Ce support comprend :<\/p>\n<ul>\n<li>Construction en aluminium<\/li>\n<li>Syst\u00e8me de couple fixe (FTS) pour un montage coh\u00e9rent<\/li>\n<li>Levier \u00e0 d\u00e9gagement rapide pour retirer et remonter la lunette<\/li>\n<li>Configuration pour gauchers<\/li>\n<li>Compatible avec les rails Picatinny et Weaver<\/li>\n<li>Disponible en diff\u00e9rentes tailles d&rsquo;anneaux pour diff\u00e9rents diam\u00e8tres de lunettes<\/li>\n<\/ul>\n<p>Le MAK Viper FTS Gauche assure la stabilit\u00e9 et maintient le z\u00e9ro, m\u00eame sous fort recul. Ce support de lunette est con\u00e7u pour les tireurs gauchers.<\/p>\n<\/div>\n","protected":false},"excerpt":{"rendered":"<p>Lunette de pr\u00e9cision tactique MAK Viper FTS pour tireurs gauchers.<\/p>\n","protected":false},"featured_media":0,"template":"","meta":{"_acf_changed":false},"product_brand":[],"product_cat":[],"product_tag":[],"class_list":{"0":"post-584425","1":"product","2":"type-product","3":"status-publish","6":"first","7":"instock","8":"taxable","9":"shipping-taxable","10":"purchasable","11":"product-type-simple"},"acf":[],"_links":{"self":[{"href":"https:\/\/staging.nbg.eu\/fr\/wp-json\/wp\/v2\/product\/584425","targetHints":{"allow":["GET"]}}],"collection":[{"href":"https:\/\/staging.nbg.eu\/fr\/wp-json\/wp\/v2\/product"}],"about":[{"href":"https:\/\/staging.nbg.eu\/fr\/wp-json\/wp\/v2\/types\/product"}],"wp:attachment":[{"href":"https:\/\/staging.nbg.eu\/fr\/wp-json\/wp\/v2\/media?parent=584425"}],"wp:term":[{"taxonomy":"product_brand","embeddable":true,"href":"https:\/\/staging.nbg.eu\/fr\/wp-json\/wp\/v2\/product_brand?post=584425"},{"taxonomy":"product_cat","embeddable":true,"href":"https:\/\/staging.nbg.eu\/fr\/wp-json\/wp\/v2\/product_cat?post=584425"},{"taxonomy":"product_tag","embeddable":true,"href":"https:\/\/staging.nbg.eu\/fr\/wp-json\/wp\/v2\/product_tag?post=584425"}],"curies":[{"name":"wp","href":"https:\/\/api.w.org\/{rel}","templated":true}]}}