{"id":583723,"date":"2025-10-10T23:40:13","date_gmt":"2025-10-10T20:40:13","guid":{"rendered":"https:\/\/staging.nbg.eu\/product\/dillon-4-pack-primer-pickup-tubes-small-primer\/"},"modified":"2025-10-16T15:28:43","modified_gmt":"2025-10-16T12:28:43","slug":"dillon-pack-de-4-tubes-ramasse-amorces-petite-amorce","status":"publish","type":"product","link":"https:\/\/staging.nbg.eu\/fr\/produit\/dillon-pack-de-4-tubes-ramasse-amorces-petite-amorce\/","title":{"rendered":"Dillon Pack de 4 Tubes Ramasse-Amorces &#8211; Petite Amorce"},"content":{"rendered":"<div class=\"product-description\">\n<h2>Tubes de ramassage d&rsquo;amorces Dillon, lot de 4 &#8211; Petites amorces<\/h2>\n<p>Ces tubes de ramassage d&rsquo;amorces Dillon sont con\u00e7us pour le rechargement de petites amorces. Ces accessoires sont destin\u00e9s \u00e0 am\u00e9liorer le processus de rechargement.<\/p>\n<ul>\n<li>Ensemble de 4 tubes de ramassage pour amorces de petit diam\u00e8tre<\/li>\n<li>Tubes pr\u00e9-remplissables pour un rechargement rapide<\/li>\n<li>Compatibles avec les presses de rechargement Dillon<\/li>\n<li>Augmente la productivit\u00e9 et fait gagner du temps<\/li>\n<\/ul>\n<p>Ces tubes peuvent \u00eatre remplis \u00e0 l&rsquo;avance pour un rechargement continu. Adapt\u00e9s aux tireurs de comp\u00e9tition et aux rechargeurs \u00e0 haut volume.<\/p>\n<\/div>\n","protected":false},"excerpt":{"rendered":"<p>4 petits tubes de collecte d&rsquo;amorces pour un rechargement rapide et efficace.<\/p>\n","protected":false},"featured_media":583752,"template":"","meta":{"_acf_changed":false},"product_brand":[],"product_cat":[12143,12189],"product_tag":[],"class_list":{"0":"post-583723","1":"product","2":"type-product","3":"status-publish","4":"has-post-thumbnail","6":"product_cat-accessoires-de-rechargement","7":"product_cat-rechargement","9":"first","10":"instock","11":"taxable","12":"shipping-taxable","13":"purchasable","14":"product-type-simple"},"acf":[],"_links":{"self":[{"href":"https:\/\/staging.nbg.eu\/fr\/wp-json\/wp\/v2\/product\/583723","targetHints":{"allow":["GET"]}}],"collection":[{"href":"https:\/\/staging.nbg.eu\/fr\/wp-json\/wp\/v2\/product"}],"about":[{"href":"https:\/\/staging.nbg.eu\/fr\/wp-json\/wp\/v2\/types\/product"}],"wp:featuredmedia":[{"embeddable":true,"href":"https:\/\/staging.nbg.eu\/fr\/wp-json\/wp\/v2\/media\/583752"}],"wp:attachment":[{"href":"https:\/\/staging.nbg.eu\/fr\/wp-json\/wp\/v2\/media?parent=583723"}],"wp:term":[{"taxonomy":"product_brand","embeddable":true,"href":"https:\/\/staging.nbg.eu\/fr\/wp-json\/wp\/v2\/product_brand?post=583723"},{"taxonomy":"product_cat","embeddable":true,"href":"https:\/\/staging.nbg.eu\/fr\/wp-json\/wp\/v2\/product_cat?post=583723"},{"taxonomy":"product_tag","embeddable":true,"href":"https:\/\/staging.nbg.eu\/fr\/wp-json\/wp\/v2\/product_tag?post=583723"}],"curies":[{"name":"wp","href":"https:\/\/api.w.org\/{rel}","templated":true}]}}