{"id":58275,"date":"2024-02-20T19:05:47","date_gmt":"2024-02-20T19:05:47","guid":{"rendered":"https:\/\/staging.nbg.eu\/product\/grovtec-heavy-duty-push-button-qd-sling-swivel\/"},"modified":"2024-09-13T15:04:53","modified_gmt":"2024-09-13T15:04:53","slug":"grovtec-attache-sangle-qd-a-bouton-poussoir-heavy-duty","status":"publish","type":"product","link":"https:\/\/staging.nbg.eu\/fr\/produit\/grovtec-attache-sangle-qd-a-bouton-poussoir-heavy-duty\/","title":{"rendered":"GROVTEC Attache Sangle QD \u00e0 Bouton-Poussoir Heavy Duty"},"content":{"rendered":"<p>Le GROVTEC Push Button QD Sling Swivel est un accessoire pour sangles de 1-1\/4&Prime;. Ce pivot emball\u00e9 individuellement offre :<\/p>\n<ul>\n<li>Test\u00e9 en traction jusqu&rsquo;\u00e0 450 livres pour la fiabilit\u00e9<\/li>\n<li>Finition phosphate de mangan\u00e8se mate<\/li>\n<li>M\u00e9canisme \u00e0 bouton-poussoir pour un d\u00e9tachement rapide<\/li>\n<li>Construction durable pour une performance \u00e0 long terme<\/li>\n<\/ul>\n<p>Am\u00e9liorez votre arme \u00e0 feu avec ce pivot de qualit\u00e9.<\/p>\n","protected":false},"excerpt":{"rendered":"<p>Solide anneau de sangle de 3,18 cm, test\u00e9 \u00e0 204 kg, d\u00e9tachement rapide \u00e0 bouton-poussoir, finition mate.<\/p>\n","protected":false},"featured_media":58276,"template":"","meta":{"_acf_changed":false},"product_brand":[],"product_cat":[12156,12193],"product_tag":[],"class_list":{"0":"post-58275","1":"product","2":"type-product","3":"status-publish","4":"has-post-thumbnail","6":"product_cat-bretelles","7":"product_cat-fusil","9":"first","10":"instock","11":"taxable","12":"shipping-taxable","13":"product-type-simple"},"acf":[],"_links":{"self":[{"href":"https:\/\/staging.nbg.eu\/fr\/wp-json\/wp\/v2\/product\/58275","targetHints":{"allow":["GET"]}}],"collection":[{"href":"https:\/\/staging.nbg.eu\/fr\/wp-json\/wp\/v2\/product"}],"about":[{"href":"https:\/\/staging.nbg.eu\/fr\/wp-json\/wp\/v2\/types\/product"}],"wp:featuredmedia":[{"embeddable":true,"href":"https:\/\/staging.nbg.eu\/fr\/wp-json\/wp\/v2\/media\/58276"}],"wp:attachment":[{"href":"https:\/\/staging.nbg.eu\/fr\/wp-json\/wp\/v2\/media?parent=58275"}],"wp:term":[{"taxonomy":"product_brand","embeddable":true,"href":"https:\/\/staging.nbg.eu\/fr\/wp-json\/wp\/v2\/product_brand?post=58275"},{"taxonomy":"product_cat","embeddable":true,"href":"https:\/\/staging.nbg.eu\/fr\/wp-json\/wp\/v2\/product_cat?post=58275"},{"taxonomy":"product_tag","embeddable":true,"href":"https:\/\/staging.nbg.eu\/fr\/wp-json\/wp\/v2\/product_tag?post=58275"}],"curies":[{"name":"wp","href":"https:\/\/api.w.org\/{rel}","templated":true}]}}