{"id":582562,"date":"2025-10-10T18:10:11","date_gmt":"2025-10-10T15:10:11","guid":{"rendered":"https:\/\/staging.nbg.eu\/product\/daa-gripz-grip-enhancer-75-ml\/"},"modified":"2025-10-16T13:57:08","modified_gmt":"2025-10-16T10:57:08","slug":"daa-gripz-ameliorateur-de-prise-75-ml","status":"publish","type":"product","link":"https:\/\/staging.nbg.eu\/fr\/produit\/daa-gripz-ameliorateur-de-prise-75-ml\/","title":{"rendered":"DAA GRIPZ &#8211; Am\u00e9liorateur de prise 75 ml"},"content":{"rendered":"<div class=\"product-description\">\n<h2>DAA GRIPZ &#8211; Produit pour am\u00e9liorer la prise en main 75 ml<\/h2>\n<p>DAA GRIPZ est une lotion pour am\u00e9liorer la prise en main pour le tir au pistolet IPSC et USPSA. Cette bouteille de 75ml assure une prise en main s\u00fbre dans des conditions humides et de chaleur extr\u00eame.<\/p>\n<ul>\n<li>Formule \u00e0 base de silice avec alcool et stabilisateurs<\/li>\n<li>Fermeture \u00ab\u00a0Snap-cap\u00a0\u00bb pour un acc\u00e8s facile d&rsquo;une seule main<\/li>\n<li>Application plus propre &#8211; ne s\u00e8che pas en blanc et ne se transf\u00e8re pas facilement sur les v\u00eatements et la crosse du pistolet<\/li>\n<li>Pour maintenir les paumes s\u00e8ches et une prise en main s\u00fbre pendant le tir rapide et pr\u00e9cis<\/li>\n<\/ul>\n<p>Utilisez DAA GRIPZ pour am\u00e9liorer votre tir.<\/p>\n<\/div>\n","protected":false},"excerpt":{"rendered":"<p>DAA GRIPZ : Am\u00e9liorez l&rsquo;adh\u00e9rence pour un tir pr\u00e9cis. Flacon de 75 ml.<\/p>\n","protected":false},"featured_media":582607,"template":"","meta":{"_acf_changed":false},"product_brand":[],"product_cat":[12209],"product_tag":[],"class_list":{"0":"post-582562","1":"product","2":"type-product","3":"status-publish","4":"has-post-thumbnail","6":"product_cat-non-categorise","8":"first","9":"instock","10":"taxable","11":"shipping-taxable","12":"purchasable","13":"product-type-simple"},"acf":[],"_links":{"self":[{"href":"https:\/\/staging.nbg.eu\/fr\/wp-json\/wp\/v2\/product\/582562","targetHints":{"allow":["GET"]}}],"collection":[{"href":"https:\/\/staging.nbg.eu\/fr\/wp-json\/wp\/v2\/product"}],"about":[{"href":"https:\/\/staging.nbg.eu\/fr\/wp-json\/wp\/v2\/types\/product"}],"wp:featuredmedia":[{"embeddable":true,"href":"https:\/\/staging.nbg.eu\/fr\/wp-json\/wp\/v2\/media\/582607"}],"wp:attachment":[{"href":"https:\/\/staging.nbg.eu\/fr\/wp-json\/wp\/v2\/media?parent=582562"}],"wp:term":[{"taxonomy":"product_brand","embeddable":true,"href":"https:\/\/staging.nbg.eu\/fr\/wp-json\/wp\/v2\/product_brand?post=582562"},{"taxonomy":"product_cat","embeddable":true,"href":"https:\/\/staging.nbg.eu\/fr\/wp-json\/wp\/v2\/product_cat?post=582562"},{"taxonomy":"product_tag","embeddable":true,"href":"https:\/\/staging.nbg.eu\/fr\/wp-json\/wp\/v2\/product_tag?post=582562"}],"curies":[{"name":"wp","href":"https:\/\/api.w.org\/{rel}","templated":true}]}}