{"id":582036,"date":"2025-10-10T18:10:00","date_gmt":"2025-10-10T15:10:00","guid":{"rendered":"https:\/\/staging.nbg.eu\/product\/daa-magnet-with-m4-screw-for-x-ray-pouches\/"},"modified":"2025-10-16T11:53:44","modified_gmt":"2025-10-16T08:53:44","slug":"aimant-daa-avec-vis-m4-pour-pochettes-x-ray","status":"publish","type":"product","link":"https:\/\/staging.nbg.eu\/fr\/produit\/aimant-daa-avec-vis-m4-pour-pochettes-x-ray\/","title":{"rendered":"Aimant DAA avec Vis M4 pour Pochettes X-Ray"},"content":{"rendered":"<div class=\"product-description\">\n<h2>Aimant DAA avec vis M4 pour pochettes X-Ray<\/h2>\n<p>Am\u00e9liorez vos pochettes X-Ray en aluminium et en plastique avec nos aimants de 48 mm \u00e0 haute r\u00e9sistance, con\u00e7us pour une r\u00e9tention s\u00fbre des \u00e9tages de ramassage et des chargeurs. Ces aimants sont dot\u00e9s d&rsquo;un insert filet\u00e9 M4, correspondant parfaitement au trou taraud\u00e9 de vos pochettes X-Ray.<\/p>\n<h3>Caract\u00e9ristiques principales :<\/h3>\n<ul>\n<li>Aimant N54 ultra-mince : Seulement 8 mm d&rsquo;\u00e9paisseur et 90 g de poids<\/li>\n<li>Conception am\u00e9lior\u00e9e : R\u00e9duction de 30% de l&rsquo;\u00e9paisseur et du poids sans compromettre la r\u00e9sistance<\/li>\n<li>Compatible avec le couvercle d&rsquo;aimant DAA<\/li>\n<\/ul>\n<h3>Le kit comprend :<\/h3>\n<ul>\n<li>Aimant N54 ultra-mince de 48 mm<\/li>\n<li>Vis Torx M4 \u00e0 t\u00eate large<\/li>\n<li>Rondelle M4 \u00e0 grand diam\u00e8tre ext\u00e9rieur<\/li>\n<\/ul>\n<p><strong>Remarque :<\/strong> Utilisez la rondelle uniquement pour les pochettes en plastique. Appliquez du Loctite pour une fixation s\u00fbre. Ne serrez pas trop.<\/p>\n<\/div>\n","protected":false},"excerpt":{"rendered":"<p>Aimant N54 ultra-mince pour pochettes de radiographie. R\u00e9tention s\u00fbre et l\u00e9g\u00e8re.<\/p>\n","protected":false},"featured_media":582064,"template":"","meta":{"_acf_changed":false},"product_brand":[],"product_cat":[12163,12160,12185],"product_tag":[],"class_list":{"0":"post-582036","1":"product","2":"type-product","3":"status-publish","4":"has-post-thumbnail","6":"product_cat-ceintures-sport","7":"product_cat-equipement","8":"product_cat-etui-de-sport","10":"first","11":"instock","12":"taxable","13":"shipping-taxable","14":"purchasable","15":"product-type-simple"},"acf":[],"_links":{"self":[{"href":"https:\/\/staging.nbg.eu\/fr\/wp-json\/wp\/v2\/product\/582036","targetHints":{"allow":["GET"]}}],"collection":[{"href":"https:\/\/staging.nbg.eu\/fr\/wp-json\/wp\/v2\/product"}],"about":[{"href":"https:\/\/staging.nbg.eu\/fr\/wp-json\/wp\/v2\/types\/product"}],"wp:featuredmedia":[{"embeddable":true,"href":"https:\/\/staging.nbg.eu\/fr\/wp-json\/wp\/v2\/media\/582064"}],"wp:attachment":[{"href":"https:\/\/staging.nbg.eu\/fr\/wp-json\/wp\/v2\/media?parent=582036"}],"wp:term":[{"taxonomy":"product_brand","embeddable":true,"href":"https:\/\/staging.nbg.eu\/fr\/wp-json\/wp\/v2\/product_brand?post=582036"},{"taxonomy":"product_cat","embeddable":true,"href":"https:\/\/staging.nbg.eu\/fr\/wp-json\/wp\/v2\/product_cat?post=582036"},{"taxonomy":"product_tag","embeddable":true,"href":"https:\/\/staging.nbg.eu\/fr\/wp-json\/wp\/v2\/product_tag?post=582036"}],"curies":[{"name":"wp","href":"https:\/\/api.w.org\/{rel}","templated":true}]}}