{"id":581572,"date":"2025-10-10T18:09:59","date_gmt":"2025-10-10T15:09:59","guid":{"rendered":"https:\/\/staging.nbg.eu\/product\/daa-x-ray-polymer-pouch-black\/"},"modified":"2025-10-16T11:21:58","modified_gmt":"2025-10-16T08:21:58","slug":"pochette-polymere-daa-x-ray-noir","status":"publish","type":"product","link":"https:\/\/staging.nbg.eu\/fr\/produit\/pochette-polymere-daa-x-ray-noir\/","title":{"rendered":"Pochette Polym\u00e8re DAA X-Ray &#8211; Noir"},"content":{"rendered":"<h2>Pochette en polym\u00e8re DAA X-Ray &#8211; Noir<\/h2>\n<p>La pochette DAA X-Ray en polym\u00e8re pour chargeurs de comp\u00e9tition pr\u00e9sente les caract\u00e9ristiques suivantes :<\/p>\n<ul>\n<li>Design ajour\u00e9 pour r\u00e9duire le poids<\/li>\n<li>8 points de montage pour une utilisation ambidextre et un positionnement vari\u00e9<\/li>\n<li>3 jeux d&rsquo;entretoises compatibles avec la plupart des chargeurs double pile<\/li>\n<li>Construction en polym\u00e8re renforc\u00e9 de fibres pour la durabilit\u00e9<\/li>\n<li>Bord sup\u00e9rieur optimis\u00e9 pour faciliter l&rsquo;insertion du chargeur<\/li>\n<li>Vis de fixation pour \u00e9viter le d\u00e9verrouillage accidentel<\/li>\n<li>Rotule de 13 mm pour une meilleure stabilit\u00e9<\/li>\n<li>R\u00e9glage de la tension sans outil avec une grande molette<\/li>\n<\/ul>\n<p>La pochette en polym\u00e8re DAA X-Ray est con\u00e7ue pour am\u00e9liorer vos performances au stand de tir.<\/p>\n","protected":false},"excerpt":{"rendered":"<p>Pochette en polym\u00e8re DAA X-Ray : Support de chargeur \u00e9l\u00e9gant, polyvalent et s\u00e9curis\u00e9 pour les comp\u00e9titeurs.<\/p>\n","protected":false},"featured_media":581617,"template":"","meta":{"_acf_changed":false},"product_brand":[],"product_cat":[12163,12160,12185,12151],"product_tag":[],"class_list":{"0":"post-581572","1":"product","2":"type-product","3":"status-publish","4":"has-post-thumbnail","6":"product_cat-ceintures-sport","7":"product_cat-equipement","8":"product_cat-etui-de-sport","9":"product_cat-pochettes","11":"first","12":"instock","13":"taxable","14":"shipping-taxable","15":"purchasable","16":"product-type-simple"},"acf":[],"_links":{"self":[{"href":"https:\/\/staging.nbg.eu\/fr\/wp-json\/wp\/v2\/product\/581572","targetHints":{"allow":["GET"]}}],"collection":[{"href":"https:\/\/staging.nbg.eu\/fr\/wp-json\/wp\/v2\/product"}],"about":[{"href":"https:\/\/staging.nbg.eu\/fr\/wp-json\/wp\/v2\/types\/product"}],"wp:featuredmedia":[{"embeddable":true,"href":"https:\/\/staging.nbg.eu\/fr\/wp-json\/wp\/v2\/media\/581617"}],"wp:attachment":[{"href":"https:\/\/staging.nbg.eu\/fr\/wp-json\/wp\/v2\/media?parent=581572"}],"wp:term":[{"taxonomy":"product_brand","embeddable":true,"href":"https:\/\/staging.nbg.eu\/fr\/wp-json\/wp\/v2\/product_brand?post=581572"},{"taxonomy":"product_cat","embeddable":true,"href":"https:\/\/staging.nbg.eu\/fr\/wp-json\/wp\/v2\/product_cat?post=581572"},{"taxonomy":"product_tag","embeddable":true,"href":"https:\/\/staging.nbg.eu\/fr\/wp-json\/wp\/v2\/product_tag?post=581572"}],"curies":[{"name":"wp","href":"https:\/\/api.w.org\/{rel}","templated":true}]}}