{"id":579925,"date":"2025-10-10T18:09:46","date_gmt":"2025-10-10T15:09:46","guid":{"rendered":"https:\/\/staging.nbg.eu\/product\/mini-jack-556x45mm-223-rem-wbp-x-kruk\/"},"modified":"2025-10-17T17:24:16","modified_gmt":"2025-10-17T14:24:16","slug":"mini-jack-556x45mm223-rem-wbp-x-kruk","status":"publish","type":"product","link":"https:\/\/staging.nbg.eu\/fr\/produit\/mini-jack-556x45mm223-rem-wbp-x-kruk\/","title":{"rendered":"Mini Jack 5,56x45mm\/.223 REM WBP X KRUK"},"content":{"rendered":"<div class=\"product-description\">\n<h2>Mini Jack 5,56x45mm\/.223 REM WBP X KRUK<\/h2>\n<p>Le Mini Jack 5,56x45mm\/.223 REM WBP X KRUK est un fusil con\u00e7u pour les professionnels et les amateurs. Cette arme \u00e0 feu combine performance et fonctionnalit\u00e9s avanc\u00e9es.<\/p>\n<h2>Caract\u00e9ristiques principales :<\/h2>\n<ul>\n<li>Crosse fixe avec CRC 5002\/9035 ajustable<\/li>\n<li>Tube de gaz et garde-main CRC 1U043<\/li>\n<li>Poign\u00e9e ergonomique en polym\u00e8re<\/li>\n<li>S\u00e9lecteur de tir agrandi<\/li>\n<li>Bouton de lib\u00e9ration du chargeur agrandi<\/li>\n<li>Rail pour montage lat\u00e9ral (queue d&rsquo;aronde)<\/li>\n<li>Rail lat\u00e9ral usin\u00e9 pour l&rsquo;installation d&rsquo;optiques<\/li>\n<\/ul>\n<h2>Sp\u00e9cifications techniques :<\/h2>\n<ul>\n<li>Calibre : 5,56\u00d745 mm\/.223 Rem<\/li>\n<li>Longueur du canon : 259 mm<\/li>\n<li>Pas de rayure : 1:8<\/li>\n<li>Filetage de la bouche : 14\u00d71 gauche<\/li>\n<li>Mode de fonctionnement : Verrouillage par rotation<\/li>\n<li>Type : Semi-automatique<\/li>\n<\/ul>\n<p>Le Mini Jack a une conception compacte adapt\u00e9e \u00e0 diverses applications, des op\u00e9rations tactiques au tir sportif.<\/p>\n<p>Ce fusil dispose d&rsquo;un rail rivet\u00e9 \u00e0 la chambre de verrouillage pour le montage d&rsquo;optiques. Le s\u00e9lecteur de tir et le bouton de lib\u00e9ration du chargeur agrandis offrent une meilleure ergonomie et une manipulation plus rapide.<\/p>\n<\/div>\n","protected":false},"excerpt":{"rendered":"<p>Fusil semi-automatique compact de 5,56 mm avec crosse ajustable, poign\u00e9e en polym\u00e8re et rail pour optiques. Polyvalent et personnalisable.<\/p>\n","protected":false},"featured_media":579986,"template":"","meta":{"_acf_changed":false},"product_brand":[],"product_cat":[12190,12193],"product_tag":[],"class_list":{"0":"post-579925","1":"product","2":"type-product","3":"status-publish","4":"has-post-thumbnail","6":"product_cat-carabines","7":"product_cat-fusil","9":"first","10":"outofstock","11":"taxable","12":"shipping-taxable","13":"product-type-simple"},"acf":[],"_links":{"self":[{"href":"https:\/\/staging.nbg.eu\/fr\/wp-json\/wp\/v2\/product\/579925","targetHints":{"allow":["GET"]}}],"collection":[{"href":"https:\/\/staging.nbg.eu\/fr\/wp-json\/wp\/v2\/product"}],"about":[{"href":"https:\/\/staging.nbg.eu\/fr\/wp-json\/wp\/v2\/types\/product"}],"wp:featuredmedia":[{"embeddable":true,"href":"https:\/\/staging.nbg.eu\/fr\/wp-json\/wp\/v2\/media\/579986"}],"wp:attachment":[{"href":"https:\/\/staging.nbg.eu\/fr\/wp-json\/wp\/v2\/media?parent=579925"}],"wp:term":[{"taxonomy":"product_brand","embeddable":true,"href":"https:\/\/staging.nbg.eu\/fr\/wp-json\/wp\/v2\/product_brand?post=579925"},{"taxonomy":"product_cat","embeddable":true,"href":"https:\/\/staging.nbg.eu\/fr\/wp-json\/wp\/v2\/product_cat?post=579925"},{"taxonomy":"product_tag","embeddable":true,"href":"https:\/\/staging.nbg.eu\/fr\/wp-json\/wp\/v2\/product_tag?post=579925"}],"curies":[{"name":"wp","href":"https:\/\/api.w.org\/{rel}","templated":true}]}}