{"id":57961,"date":"2024-02-20T19:33:36","date_gmt":"2024-09-13T14:53:29","guid":{"rendered":"https:\/\/staging.nbg.eu\/product\/geissele-super-precision-compm5s-series-optic-mounts-black-1-93\/"},"modified":"2024-09-13T14:54:16","modified_gmt":"2024-09-13T14:54:16","slug":"geissele-super-precision-montages-optiques-serie-compm5s-noir-193","status":"publish","type":"product","link":"https:\/\/staging.nbg.eu\/fr\/produit\/geissele-super-precision-montages-optiques-serie-compm5s-noir-193\/","title":{"rendered":"Geissele Super Precision &#8211; Montages Optiques S\u00e9rie CompM5s, Noir (1.93&Prime;)"},"content":{"rendered":"<div class=\"product-description\">\n<h2>Geissele Super Precision\u00ae &#8211; Supports pour optiques s\u00e9rie CompM5s, Noir (1.93&Prime;)<\/h2>\n<p>Support Geissele Super Precision\u00ae pour optiques de la s\u00e9rie CompM5s. Con\u00e7u pour l&rsquo;Aimpoint CompM5s et optiques similaires, ce support offre pr\u00e9cision et durabilit\u00e9.<\/p>\n<ul>\n<li>Usin\u00e9 avec pr\u00e9cision \u00e0 partir d&rsquo;une seule pi\u00e8ce d&rsquo;aluminium 7075-T6 haute r\u00e9sistance<\/li>\n<li>Option de hauteur 1.93&Prime; pour une ligne de vis\u00e9e optimale<\/li>\n<li>M\u00e9thode de fixation par \u00e9crou et boulon avec une force de serrage de 1 400 lbs<\/li>\n<li>3 ergots de cisaillement pour une rigidit\u00e9 maximale et un retour au z\u00e9ro sup\u00e9rieur<\/li>\n<li>Finition anodis\u00e9e noire Type 3 Hardcoat<\/li>\n<\/ul>\n<p>Ce support d&rsquo;optique offre fiabilit\u00e9 et performance.<\/p>\n<\/div>\n","protected":false},"excerpt":{"rendered":"<p>Support usin\u00e9 avec pr\u00e9cision pour Aimpoint CompM5s, ultra-s\u00e9curis\u00e9 et durable.<\/p>\n","protected":false},"featured_media":57962,"template":"","meta":{"_acf_changed":false},"product_brand":[11381],"product_cat":[12193],"product_tag":[],"class_list":{"0":"post-57961","1":"product","2":"type-product","3":"status-publish","4":"has-post-thumbnail","6":"product_brand-geissele","7":"product_cat-fusil","9":"first","10":"instock","11":"taxable","12":"shipping-taxable","13":"product-type-simple"},"acf":[],"_links":{"self":[{"href":"https:\/\/staging.nbg.eu\/fr\/wp-json\/wp\/v2\/product\/57961","targetHints":{"allow":["GET"]}}],"collection":[{"href":"https:\/\/staging.nbg.eu\/fr\/wp-json\/wp\/v2\/product"}],"about":[{"href":"https:\/\/staging.nbg.eu\/fr\/wp-json\/wp\/v2\/types\/product"}],"wp:featuredmedia":[{"embeddable":true,"href":"https:\/\/staging.nbg.eu\/fr\/wp-json\/wp\/v2\/media\/57962"}],"wp:attachment":[{"href":"https:\/\/staging.nbg.eu\/fr\/wp-json\/wp\/v2\/media?parent=57961"}],"wp:term":[{"taxonomy":"product_brand","embeddable":true,"href":"https:\/\/staging.nbg.eu\/fr\/wp-json\/wp\/v2\/product_brand?post=57961"},{"taxonomy":"product_cat","embeddable":true,"href":"https:\/\/staging.nbg.eu\/fr\/wp-json\/wp\/v2\/product_cat?post=57961"},{"taxonomy":"product_tag","embeddable":true,"href":"https:\/\/staging.nbg.eu\/fr\/wp-json\/wp\/v2\/product_tag?post=57961"}],"curies":[{"name":"wp","href":"https:\/\/api.w.org\/{rel}","templated":true}]}}