{"id":577926,"date":"2025-10-10T18:01:49","date_gmt":"2025-10-10T15:01:49","guid":{"rendered":"https:\/\/staging.nbg.eu\/product\/x-ray-pcc-spacer-rh\/"},"modified":"2025-10-15T12:42:38","modified_gmt":"2025-10-15T09:42:38","slug":"entretoise-x-ray-pcc-rh","status":"publish","type":"product","link":"https:\/\/staging.nbg.eu\/fr\/produit\/entretoise-x-ray-pcc-rh\/","title":{"rendered":"Entretoise X-Ray PCC RH"},"content":{"rendered":"<h2>Entretoise pour chargeur long X-Ray PCC pour droitiers<\/h2>\n<p>Cette entretoise X-Ray PCC pour chargeurs longs est con\u00e7ue pour les tireurs droitiers. Elle s&rsquo;utilise avec les chargeurs Glock longs dans les porte-chargeurs squelettiques DAA X-Ray. Cette entretoise remplace la version standard, permettant aux chargeurs longs de d\u00e9passer du bas du porte-chargeur pour un meilleur \u00e9quilibre et une meilleure s\u00e9curit\u00e9.<\/p>\n<h2>Caract\u00e9ristiques principales :<\/h2>\n<ul>\n<li>Compatible avec les porte-chargeurs DAA X-Ray en aluminium et en polym\u00e8re<\/li>\n<li>Con\u00e7ue sp\u00e9cifiquement pour les chargeurs longs Glock PCC<\/li>\n<li>Bras de support positionn\u00e9 derri\u00e8re le chargeur<\/li>\n<li>Am\u00e9liore l&rsquo;\u00e9quilibre et la r\u00e9tention<\/li>\n<li>Installation rapide et facile<\/li>\n<\/ul>\n<p>Note : Entretoise moyenne recommand\u00e9e (incluse avec les porte-chargeurs X-Ray). Porte-chargeur et chargeur non inclus. Une seule entretoise fournie.<\/p>\n","protected":false},"excerpt":{"rendered":"<p>Fixez les chargeurs PCC \u00e9tendus dans les pochettes DAA X-Ray. Version droitier.<\/p>\n","protected":false},"featured_media":577991,"template":"","meta":{"_acf_changed":false},"product_brand":[],"product_cat":[12160,12151],"product_tag":[],"class_list":{"0":"post-577926","1":"product","2":"type-product","3":"status-publish","4":"has-post-thumbnail","6":"product_cat-equipement","7":"product_cat-pochettes","9":"first","10":"instock","11":"taxable","12":"shipping-taxable","13":"purchasable","14":"product-type-simple"},"acf":[],"_links":{"self":[{"href":"https:\/\/staging.nbg.eu\/fr\/wp-json\/wp\/v2\/product\/577926","targetHints":{"allow":["GET"]}}],"collection":[{"href":"https:\/\/staging.nbg.eu\/fr\/wp-json\/wp\/v2\/product"}],"about":[{"href":"https:\/\/staging.nbg.eu\/fr\/wp-json\/wp\/v2\/types\/product"}],"wp:featuredmedia":[{"embeddable":true,"href":"https:\/\/staging.nbg.eu\/fr\/wp-json\/wp\/v2\/media\/577991"}],"wp:attachment":[{"href":"https:\/\/staging.nbg.eu\/fr\/wp-json\/wp\/v2\/media?parent=577926"}],"wp:term":[{"taxonomy":"product_brand","embeddable":true,"href":"https:\/\/staging.nbg.eu\/fr\/wp-json\/wp\/v2\/product_brand?post=577926"},{"taxonomy":"product_cat","embeddable":true,"href":"https:\/\/staging.nbg.eu\/fr\/wp-json\/wp\/v2\/product_cat?post=577926"},{"taxonomy":"product_tag","embeddable":true,"href":"https:\/\/staging.nbg.eu\/fr\/wp-json\/wp\/v2\/product_tag?post=577926"}],"curies":[{"name":"wp","href":"https:\/\/api.w.org\/{rel}","templated":true}]}}