{"id":577601,"date":"2025-10-10T16:06:59","date_gmt":"2025-10-10T13:06:59","guid":{"rendered":"https:\/\/staging.nbg.eu\/product\/polymer-magazine-556x45-mm-for-akm-rifles-10-rounds\/"},"modified":"2025-10-15T12:30:28","modified_gmt":"2025-10-15T09:30:28","slug":"chargeur-polymere-556x45-mm-pour-fusils-akm-10-coups","status":"publish","type":"product","link":"https:\/\/staging.nbg.eu\/fr\/produit\/chargeur-polymere-556x45-mm-pour-fusils-akm-10-coups\/","title":{"rendered":"Chargeur polym\u00e8re 5,56&#215;45 mm pour fusils AKM 10 coups"},"content":{"rendered":"<h2>Chargeur en polym\u00e8re pour AK 5,56&#215;45 mm \/ .223 Rem &#8211; 10 cartouches<\/h2>\n<p>Chargeur en polym\u00e8re de WBP Rog\u00f3w pour fusil AK. Con\u00e7u pour les munitions de calibre 5,56&#215;45 mm \/ .223 Rem, ce chargeur de 10 cartouches est compatible avec les carabines Jack, Mini Jack, Beryl et Mini Beryl.<\/p>\n<h2>Caract\u00e9ristiques principales :<\/h2>\n<ul>\n<li>Construction en polym\u00e8re<\/li>\n<li>Conception l\u00e9g\u00e8re<\/li>\n<li>Corps semi-transparent pour v\u00e9rifier les munitions<\/li>\n<li>Plaque de fond en acier<\/li>\n<\/ul>\n<h2>Sp\u00e9cifications techniques :<\/h2>\n<ul>\n<li>Corps : Polym\u00e8re<\/li>\n<li>\u00c9l\u00e9vateur : Acier<\/li>\n<li>Calibre : 5,56&#215;45 mm \/ .223 Rem<\/li>\n<li>Capacit\u00e9 : 10 cartouches<\/li>\n<li>Poids : 103 g<\/li>\n<li>Couleur : Transparent<\/li>\n<\/ul>\n<p>Ce chargeur est disponible pour votre fusil AK.<\/p>\n","protected":false},"excerpt":{"rendered":"<p>Chargeur AK en polym\u00e8re, 10 coups, 5,56\u00d745\/.223, semi-transparent, WBP Rog\u00f3w<\/p>\n","protected":false},"featured_media":577659,"template":"","meta":{"_acf_changed":false},"product_brand":[],"product_cat":[12176,12193],"product_tag":[],"class_list":{"0":"post-577601","1":"product","2":"type-product","3":"status-publish","4":"has-post-thumbnail","6":"product_cat-chargeurs-de-fusil","7":"product_cat-fusil","9":"first","10":"outofstock","11":"taxable","12":"shipping-taxable","13":"product-type-simple"},"acf":[],"_links":{"self":[{"href":"https:\/\/staging.nbg.eu\/fr\/wp-json\/wp\/v2\/product\/577601","targetHints":{"allow":["GET"]}}],"collection":[{"href":"https:\/\/staging.nbg.eu\/fr\/wp-json\/wp\/v2\/product"}],"about":[{"href":"https:\/\/staging.nbg.eu\/fr\/wp-json\/wp\/v2\/types\/product"}],"wp:featuredmedia":[{"embeddable":true,"href":"https:\/\/staging.nbg.eu\/fr\/wp-json\/wp\/v2\/media\/577659"}],"wp:attachment":[{"href":"https:\/\/staging.nbg.eu\/fr\/wp-json\/wp\/v2\/media?parent=577601"}],"wp:term":[{"taxonomy":"product_brand","embeddable":true,"href":"https:\/\/staging.nbg.eu\/fr\/wp-json\/wp\/v2\/product_brand?post=577601"},{"taxonomy":"product_cat","embeddable":true,"href":"https:\/\/staging.nbg.eu\/fr\/wp-json\/wp\/v2\/product_cat?post=577601"},{"taxonomy":"product_tag","embeddable":true,"href":"https:\/\/staging.nbg.eu\/fr\/wp-json\/wp\/v2\/product_tag?post=577601"}],"curies":[{"name":"wp","href":"https:\/\/api.w.org\/{rel}","templated":true}]}}