{"id":576878,"date":"2025-10-10T16:06:53","date_gmt":"2025-10-10T13:06:53","guid":{"rendered":"https:\/\/staging.nbg.eu\/product\/polymer-magazine-545x39-mm-fo-akm-rifles-30-rounds\/"},"modified":"2025-10-15T12:16:08","modified_gmt":"2025-10-15T09:16:08","slug":"chargeur-polymere-545x39-mm-pour-fusils-akm-30-coups","status":"publish","type":"product","link":"https:\/\/staging.nbg.eu\/fr\/produit\/chargeur-polymere-545x39-mm-pour-fusils-akm-30-coups\/","title":{"rendered":"Chargeur polym\u00e8re 5,45&#215;39 mm pour fusils AKM 30 coups"},"content":{"rendered":"<div class=\"product-description\">\n<h2>Chargeur en polym\u00e8re pour AK 5,45&#215;39 mm &#8211; 30 cartouches<\/h2>\n<h2>Chargeur semi-transparent WBP Rog\u00f3w<\/h2>\n<p>Chargeur en polym\u00e8re pour fusil AK-74 ou Tantal. Con\u00e7u pour les munitions de calibre 5,45&#215;39 mm, ce chargeur de 30 cartouches est fiable.<\/p>\n<h3>Caract\u00e9ristiques principales :<\/h3>\n<ul>\n<li>Construction en polym\u00e8re r\u00e9sistant<\/li>\n<li>Corps semi-transparent pour v\u00e9rifier le niveau de munitions<\/li>\n<li>Plancher renforc\u00e9 en acier<\/li>\n<li>Poids de 153 grammes<\/li>\n<li>Compatible avec les fusils AK-74 et Tantal<\/li>\n<\/ul>\n<h3>Sp\u00e9cifications techniques :<\/h3>\n<ul>\n<li>Calibre : 5,45&#215;39 mm<\/li>\n<li>Capacit\u00e9 : 30 cartouches<\/li>\n<li>Mat\u00e9riau du corps et du suiveur : Polym\u00e8re<\/li>\n<li>Mat\u00e9riau du plancher : Acier<\/li>\n<li>Couleur : Semi-transparent<\/li>\n<\/ul>\n<p>Chargeur en polym\u00e8re WBP Rog\u00f3w con\u00e7u pour les plateformes AK.<\/p>\n<\/div>\n","protected":false},"excerpt":{"rendered":"<p>Chargeur AK semi-transparent de 30 cartouches, 5,45x39mm, par WBP Rog\u00f3w<\/p>\n","protected":false},"featured_media":577101,"template":"","meta":{"_acf_changed":false},"product_brand":[],"product_cat":[12176,12193],"product_tag":[],"class_list":{"0":"post-576878","1":"product","2":"type-product","3":"status-publish","4":"has-post-thumbnail","6":"product_cat-chargeurs-de-fusil","7":"product_cat-fusil","9":"first","10":"outofstock","11":"taxable","12":"shipping-taxable","13":"product-type-simple"},"acf":[],"_links":{"self":[{"href":"https:\/\/staging.nbg.eu\/fr\/wp-json\/wp\/v2\/product\/576878","targetHints":{"allow":["GET"]}}],"collection":[{"href":"https:\/\/staging.nbg.eu\/fr\/wp-json\/wp\/v2\/product"}],"about":[{"href":"https:\/\/staging.nbg.eu\/fr\/wp-json\/wp\/v2\/types\/product"}],"wp:featuredmedia":[{"embeddable":true,"href":"https:\/\/staging.nbg.eu\/fr\/wp-json\/wp\/v2\/media\/577101"}],"wp:attachment":[{"href":"https:\/\/staging.nbg.eu\/fr\/wp-json\/wp\/v2\/media?parent=576878"}],"wp:term":[{"taxonomy":"product_brand","embeddable":true,"href":"https:\/\/staging.nbg.eu\/fr\/wp-json\/wp\/v2\/product_brand?post=576878"},{"taxonomy":"product_cat","embeddable":true,"href":"https:\/\/staging.nbg.eu\/fr\/wp-json\/wp\/v2\/product_cat?post=576878"},{"taxonomy":"product_tag","embeddable":true,"href":"https:\/\/staging.nbg.eu\/fr\/wp-json\/wp\/v2\/product_tag?post=576878"}],"curies":[{"name":"wp","href":"https:\/\/api.w.org\/{rel}","templated":true}]}}