{"id":576690,"date":"2025-10-10T15:52:39","date_gmt":"2025-10-10T12:52:39","guid":{"rendered":"https:\/\/staging.nbg.eu\/product\/adapter-single-arta435-52-52mm\/"},"modified":"2025-10-15T12:10:51","modified_gmt":"2025-10-15T09:10:51","slug":"adaptateur-simple-arta435-52-52mm","status":"publish","type":"product","link":"https:\/\/staging.nbg.eu\/fr\/produit\/adaptateur-simple-arta435-52-52mm\/","title":{"rendered":"Adaptateur simple ARTA435-52, 52mm"},"content":{"rendered":"<div class=\"product-description\">\n<h2>Adaptateur unique ARTA435-52, 52mm<\/h2>\n<p>L&rsquo;ARTA435-52 est un adaptateur \u00e0 montage rapide con\u00e7u pour les appareils Guide TA et TB \u00e0 clip thermique. Cet adaptateur de 52mm permet de connecter votre lunette de vis\u00e9e diurne \u00e0 votre clip-on thermique.<\/p>\n<h2>Caract\u00e9ristiques principales :<\/h2>\n<ul>\n<li>Compatible avec les appareils utilisant un filetage M33.5&#215;0.75<\/li>\n<li>Fabriqu\u00e9 en aluminium<\/li>\n<li>Pi\u00e8ces mobiles en acier<\/li>\n<li>Rev\u00eatement int\u00e9rieur protecteur<\/li>\n<li>Assure une prise s\u00fbre et prot\u00e8ge l&rsquo;optique<\/li>\n<li>M\u00e9canisme \u00e0 montage rapide pour une fixation facile<\/li>\n<\/ul>\n<h2>Compatibilit\u00e9 :<\/h2>\n<p>Cet adaptateur est compatible avec divers clip-ons thermiques, notamment :<\/p>\n<ul>\n<li>Guide TB et TA Series<\/li>\n<li>Athlon Cronus ATS Pro<\/li>\n<li>Burris BTC50, BTC35 v2 et v3<\/li>\n<li>Steiner Nighthunter C35 Gen I et Gen II<\/li>\n<li>Konus Fiery<\/li>\n<li>Nitehog Viper<\/li>\n<\/ul>\n<p>Assurez-vous que la lentille de votre lunette de vis\u00e9e a un diam\u00e8tre ext\u00e9rieur de 52mm avant l&rsquo;achat. Pour d&rsquo;autres options de montage, consid\u00e9rez nos adaptateurs pour rail Picatinny disponibles en diff\u00e9rentes hauteurs.<\/p>\n<p>Fabriqu\u00e9 par Rusan-Mikron, cet adaptateur assure une int\u00e9gration avec votre \u00e9quipement d&rsquo;imagerie thermique. L&rsquo;adaptateur ARTA435-52 est con\u00e7u pour la chasse ou l&rsquo;usage tactique.<\/p>\n<\/div>\n","protected":false},"excerpt":{"rendered":"<p>Adaptateur Rusan 52mm pour les clip-ons thermiques Guide. Fixation rapide, en aluminium.<\/p>\n","protected":false},"featured_media":576777,"template":"","meta":{"_acf_changed":false},"product_brand":[],"product_cat":[12126,12124,12169],"product_tag":[],"class_list":{"0":"post-576690","1":"product","2":"type-product","3":"status-publish","4":"has-post-thumbnail","6":"product_cat-accessoires-de-visee","7":"product_cat-thermique","8":"product_cat-visee","10":"first","11":"outofstock","12":"taxable","13":"shipping-taxable","14":"purchasable","15":"product-type-simple"},"acf":[],"_links":{"self":[{"href":"https:\/\/staging.nbg.eu\/fr\/wp-json\/wp\/v2\/product\/576690","targetHints":{"allow":["GET"]}}],"collection":[{"href":"https:\/\/staging.nbg.eu\/fr\/wp-json\/wp\/v2\/product"}],"about":[{"href":"https:\/\/staging.nbg.eu\/fr\/wp-json\/wp\/v2\/types\/product"}],"wp:featuredmedia":[{"embeddable":true,"href":"https:\/\/staging.nbg.eu\/fr\/wp-json\/wp\/v2\/media\/576777"}],"wp:attachment":[{"href":"https:\/\/staging.nbg.eu\/fr\/wp-json\/wp\/v2\/media?parent=576690"}],"wp:term":[{"taxonomy":"product_brand","embeddable":true,"href":"https:\/\/staging.nbg.eu\/fr\/wp-json\/wp\/v2\/product_brand?post=576690"},{"taxonomy":"product_cat","embeddable":true,"href":"https:\/\/staging.nbg.eu\/fr\/wp-json\/wp\/v2\/product_cat?post=576690"},{"taxonomy":"product_tag","embeddable":true,"href":"https:\/\/staging.nbg.eu\/fr\/wp-json\/wp\/v2\/product_tag?post=576690"}],"curies":[{"name":"wp","href":"https:\/\/api.w.org\/{rel}","templated":true}]}}