{"id":575643,"date":"2025-10-10T12:35:07","date_gmt":"2025-10-10T09:35:07","guid":{"rendered":"https:\/\/staging.nbg.eu\/product\/grips-kmr-l-dotmatrix-ergo-short-for-orca-emiq-pink\/"},"modified":"2025-10-15T11:49:20","modified_gmt":"2025-10-15T08:49:20","slug":"poignees-kmr-l-dotmatrix-ergo-courtes-pour-orca-emiq-rose","status":"publish","type":"product","link":"https:\/\/staging.nbg.eu\/fr\/produit\/poignees-kmr-l-dotmatrix-ergo-courtes-pour-orca-emiq-rose\/","title":{"rendered":"Poign\u00e9es KMR L dotmatrix ergo courtes pour ORCA, EMIQ rose"},"content":{"rendered":"<h2>POIGN\u00c9ES KMR L DOTMATRIX ERGO COURTES pour ORCA, EMIQ &#8211; ROSE<\/h2>\n<p>Poign\u00e9es KMR L DOTMATRIX ERGO COURTES pour ORCA, EMIQ en rose. Ces poign\u00e9es en duralumin pr\u00e9sentent un motif de balle de golf pour une prise en main s\u00fbre.<\/p>\n<h2>Caract\u00e9ristiques principales :<\/h2>\n<ul>\n<li>R\u00e9f\u00e9rence : 0611-03204-0110<\/li>\n<li>Marque : KMR Precision Arms<\/li>\n<li>Taille : Courte<\/li>\n<li>Mat\u00e9riau : Duralumin anodis\u00e9<\/li>\n<li>Motif : Balle de golf (Dotmatrix Ergo)<\/li>\n<li>Utilisation : Avec guide-magasin<\/li>\n<li>Inclus : Vis Torx<\/li>\n<\/ul>\n<p>Pour am\u00e9liorer votre pistolet existant ou concevoir une arme de comp\u00e9tition. Compatible avec KMR L-02 EMIQ, KMR L-02 EMIQ (OR), et KMR L-02 ORCA (jusqu&rsquo;en 2023).<\/p>\n","protected":false},"excerpt":{"rendered":"<p>Poign\u00e9es en duralumin rose pour ORCA\/EMIQ. Texture de balle de golf. Courtes et ergonomiques.<\/p>\n","protected":false},"featured_media":575667,"template":"","meta":{"_acf_changed":false},"product_brand":[],"product_cat":[12145],"product_tag":[],"class_list":{"0":"post-575643","1":"product","2":"type-product","3":"status-publish","4":"has-post-thumbnail","6":"product_cat-pieces-kmr","8":"first","9":"outofstock","10":"taxable","11":"shipping-taxable","12":"purchasable","13":"product-type-simple"},"acf":[],"_links":{"self":[{"href":"https:\/\/staging.nbg.eu\/fr\/wp-json\/wp\/v2\/product\/575643","targetHints":{"allow":["GET"]}}],"collection":[{"href":"https:\/\/staging.nbg.eu\/fr\/wp-json\/wp\/v2\/product"}],"about":[{"href":"https:\/\/staging.nbg.eu\/fr\/wp-json\/wp\/v2\/types\/product"}],"wp:featuredmedia":[{"embeddable":true,"href":"https:\/\/staging.nbg.eu\/fr\/wp-json\/wp\/v2\/media\/575667"}],"wp:attachment":[{"href":"https:\/\/staging.nbg.eu\/fr\/wp-json\/wp\/v2\/media?parent=575643"}],"wp:term":[{"taxonomy":"product_brand","embeddable":true,"href":"https:\/\/staging.nbg.eu\/fr\/wp-json\/wp\/v2\/product_brand?post=575643"},{"taxonomy":"product_cat","embeddable":true,"href":"https:\/\/staging.nbg.eu\/fr\/wp-json\/wp\/v2\/product_cat?post=575643"},{"taxonomy":"product_tag","embeddable":true,"href":"https:\/\/staging.nbg.eu\/fr\/wp-json\/wp\/v2\/product_tag?post=575643"}],"curies":[{"name":"wp","href":"https:\/\/api.w.org\/{rel}","templated":true}]}}