{"id":575384,"date":"2025-10-10T12:34:58","date_gmt":"2025-10-10T09:34:58","guid":{"rendered":"https:\/\/staging.nbg.eu\/product\/grips-kmr-l-dotmatrix-short-for-orca-emiq-pink\/"},"modified":"2025-10-15T11:40:27","modified_gmt":"2025-10-15T08:40:27","slug":"poignees-kmr-l-dotmatrix-courtes-pour-orca-emiq-rose","status":"publish","type":"product","link":"https:\/\/staging.nbg.eu\/fr\/produit\/poignees-kmr-l-dotmatrix-courtes-pour-orca-emiq-rose\/","title":{"rendered":"Poign\u00e9es KMR L dotmatrix courtes pour ORCA, EMIQ rose"},"content":{"rendered":"<div class=\"product-description\">\n<h2>POIGN\u00c9ES KMR L DOTMATRIX COURTES pour ORCA, EMIQ &#8211; ROSE<\/h2>\n<p>Ces poign\u00e9es en duralumin de KMR Precision Arms pr\u00e9sentent un motif de balle de golf. Elles offrent un contr\u00f4le dans diverses situations.<\/p>\n<ul>\n<li>R\u00e9f\u00e9rence : 0611-03202-0110<\/li>\n<li>Couleur : Rose<\/li>\n<li>Taille : Courte<\/li>\n<li>Mat\u00e9riau : Duralumin anodis\u00e9<\/li>\n<li>Motif : Dotmatrix (balle de golf)<\/li>\n<li>Utilisation : Avec guide-chargeur<\/li>\n<li>Inclus : Vis Torx<\/li>\n<\/ul>\n<p>Pour am\u00e9liorer votre pistolet existant ou pour cr\u00e9er une arme de comp\u00e9tition. Compatible avec les mod\u00e8les KMR L-02 EMIQ, KMR L-02 EMIQ (OR), et KMR L-02 ORCA (jusqu&rsquo;\u00e0 2023).<\/p>\n<p>Ces poign\u00e9es offrent une texture et une prise en main adapt\u00e9es aux tireurs. Produit de KMR Precision Arms.<\/p>\n<\/div>\n","protected":false},"excerpt":{"rendered":"<p>Poign\u00e9es en duralumin KMR roses pour ORCA, EMIQ. Motif balle de golf, courtes.<\/p>\n","protected":false},"featured_media":575417,"template":"","meta":{"_acf_changed":false},"product_brand":[],"product_cat":[12145],"product_tag":[],"class_list":{"0":"post-575384","1":"product","2":"type-product","3":"status-publish","4":"has-post-thumbnail","6":"product_cat-pieces-kmr","8":"first","9":"instock","10":"taxable","11":"shipping-taxable","12":"purchasable","13":"product-type-simple"},"acf":[],"_links":{"self":[{"href":"https:\/\/staging.nbg.eu\/fr\/wp-json\/wp\/v2\/product\/575384","targetHints":{"allow":["GET"]}}],"collection":[{"href":"https:\/\/staging.nbg.eu\/fr\/wp-json\/wp\/v2\/product"}],"about":[{"href":"https:\/\/staging.nbg.eu\/fr\/wp-json\/wp\/v2\/types\/product"}],"wp:featuredmedia":[{"embeddable":true,"href":"https:\/\/staging.nbg.eu\/fr\/wp-json\/wp\/v2\/media\/575417"}],"wp:attachment":[{"href":"https:\/\/staging.nbg.eu\/fr\/wp-json\/wp\/v2\/media?parent=575384"}],"wp:term":[{"taxonomy":"product_brand","embeddable":true,"href":"https:\/\/staging.nbg.eu\/fr\/wp-json\/wp\/v2\/product_brand?post=575384"},{"taxonomy":"product_cat","embeddable":true,"href":"https:\/\/staging.nbg.eu\/fr\/wp-json\/wp\/v2\/product_cat?post=575384"},{"taxonomy":"product_tag","embeddable":true,"href":"https:\/\/staging.nbg.eu\/fr\/wp-json\/wp\/v2\/product_tag?post=575384"}],"curies":[{"name":"wp","href":"https:\/\/api.w.org\/{rel}","templated":true}]}}