{"id":575192,"date":"2025-10-10T12:34:54","date_gmt":"2025-10-10T09:34:54","guid":{"rendered":"https:\/\/staging.nbg.eu\/product\/grips-kmr-l-waves-black\/"},"modified":"2025-10-15T11:31:20","modified_gmt":"2025-10-15T08:31:20","slug":"poignees-kmr-l-vagues-noir","status":"publish","type":"product","link":"https:\/\/staging.nbg.eu\/fr\/produit\/poignees-kmr-l-vagues-noir\/","title":{"rendered":"Poign\u00e9es KMR L vagues noir"},"content":{"rendered":"<div class=\"product-description\">\n<h2>POIGN\u00c9ES KMR L WAVES NOIRES<\/h2>\n<p>Les poign\u00e9es GRIPS KMR L WAVES NOIRES de KMR Precision Arms sont con\u00e7ues pour am\u00e9liorer le contr\u00f4le et la pr\u00e9cision.<\/p>\n<h2>Caract\u00e9ristiques principales :<\/h2>\n<ul>\n<li>R\u00e9f\u00e9rence : 0611-05001-0101<\/li>\n<li>Couleur : Noir (Disponible en 10 variantes de couleur)<\/li>\n<li>Longueur de la poign\u00e9e : Taille compl\u00e8te &#8211; sans magwell<\/li>\n<li>Texture : Waves<\/li>\n<li>Compatible avec les mod\u00e8les KMR L-02 SPECTRA et UMBRA<\/li>\n<\/ul>\n<p>La texture WAVES offre une prise en main et un contr\u00f4le am\u00e9lior\u00e9s. Ces poign\u00e9es sont adapt\u00e9es aux tireurs de comp\u00e9tition et aux amateurs d&rsquo;armes \u00e0 feu.<\/p>\n<\/div>\n","protected":false},"excerpt":{"rendered":"<p>Poign\u00e9es WAVES noires r\u00e9volutionnaires pour fusils KMR. Contr\u00f4le et pr\u00e9cision maximaux.<\/p>\n","protected":false},"featured_media":575222,"template":"","meta":{"_acf_changed":false},"product_brand":[],"product_cat":[12145],"product_tag":[],"class_list":{"0":"post-575192","1":"product","2":"type-product","3":"status-publish","4":"has-post-thumbnail","6":"product_cat-pieces-kmr","8":"first","9":"instock","10":"taxable","11":"shipping-taxable","12":"purchasable","13":"product-type-simple"},"acf":[],"_links":{"self":[{"href":"https:\/\/staging.nbg.eu\/fr\/wp-json\/wp\/v2\/product\/575192","targetHints":{"allow":["GET"]}}],"collection":[{"href":"https:\/\/staging.nbg.eu\/fr\/wp-json\/wp\/v2\/product"}],"about":[{"href":"https:\/\/staging.nbg.eu\/fr\/wp-json\/wp\/v2\/types\/product"}],"wp:featuredmedia":[{"embeddable":true,"href":"https:\/\/staging.nbg.eu\/fr\/wp-json\/wp\/v2\/media\/575222"}],"wp:attachment":[{"href":"https:\/\/staging.nbg.eu\/fr\/wp-json\/wp\/v2\/media?parent=575192"}],"wp:term":[{"taxonomy":"product_brand","embeddable":true,"href":"https:\/\/staging.nbg.eu\/fr\/wp-json\/wp\/v2\/product_brand?post=575192"},{"taxonomy":"product_cat","embeddable":true,"href":"https:\/\/staging.nbg.eu\/fr\/wp-json\/wp\/v2\/product_cat?post=575192"},{"taxonomy":"product_tag","embeddable":true,"href":"https:\/\/staging.nbg.eu\/fr\/wp-json\/wp\/v2\/product_tag?post=575192"}],"curies":[{"name":"wp","href":"https:\/\/api.w.org\/{rel}","templated":true}]}}