{"id":574886,"date":"2025-10-10T12:34:48","date_gmt":"2025-10-10T09:34:48","guid":{"rendered":"https:\/\/staging.nbg.eu\/product\/trigger-kmr-sa-da-from-2024\/"},"modified":"2025-10-15T11:24:59","modified_gmt":"2025-10-15T08:24:59","slug":"detente-kmr-sada-a-partir-de-2024","status":"publish","type":"product","link":"https:\/\/staging.nbg.eu\/fr\/produit\/detente-kmr-sada-a-partir-de-2024\/","title":{"rendered":"D\u00e9tente KMR SA\/DA (\u00e0 partir de 2024)"},"content":{"rendered":"<h2>D\u00c9TENTE KMR SA\/DA (\u00e0 partir de 2024)<\/h2>\n<h2>R\u00e9f\u00e9rence : 0861-01503-0900 | Marque : KMR Precision Arms<\/h2>\n<p>Am\u00e9liorez votre pistolet KMR avec cette d\u00e9tente de remplacement. Con\u00e7ue pour tous les pistolets KMR \u00e0 cadre en aluminium et en acier fabriqu\u00e9s \u00e0 partir de 2024, cette d\u00e9tente en acier SA\/DA offre une performance et une fiabilit\u00e9 am\u00e9lior\u00e9es.<\/p>\n<ul>\n<li>Compatible avec un axe de d\u00e9tente de 3 mm<\/li>\n<li>Fonctionne avec une barre de d\u00e9tente L SA\/DA ou W SA\/DA<\/li>\n<li>Forme de d\u00e9tente d&rsquo;origine avec rainures pour une meilleure prise en main<\/li>\n<li>S&rsquo;adapte aux mod\u00e8les KMR L-02 SPECTRA et UMBRA (\u00e0 partir de 2024)<\/li>\n<li>Compatible avec KMR S-01 LANCE (OR) et S-02 (jusqu&rsquo;en 2023)<\/li>\n<li>Convient au KMR W-02 UMBRA<\/li>\n<\/ul>\n<p>Am\u00e9liorez votre exp\u00e9rience de tir avec cette d\u00e9tente KMR de qualit\u00e9.<\/p>\n","protected":false},"excerpt":{"rendered":"<p>D\u00e9tente de remplacement en acier SA\/DA pour pistolets KMR, design rainur\u00e9.<\/p>\n","protected":false},"featured_media":574911,"template":"","meta":{"_acf_changed":false},"product_brand":[],"product_cat":[12145],"product_tag":[],"class_list":{"0":"post-574886","1":"product","2":"type-product","3":"status-publish","4":"has-post-thumbnail","6":"product_cat-pieces-kmr","8":"first","9":"instock","10":"taxable","11":"shipping-taxable","12":"purchasable","13":"product-type-simple"},"acf":[],"_links":{"self":[{"href":"https:\/\/staging.nbg.eu\/fr\/wp-json\/wp\/v2\/product\/574886","targetHints":{"allow":["GET"]}}],"collection":[{"href":"https:\/\/staging.nbg.eu\/fr\/wp-json\/wp\/v2\/product"}],"about":[{"href":"https:\/\/staging.nbg.eu\/fr\/wp-json\/wp\/v2\/types\/product"}],"wp:featuredmedia":[{"embeddable":true,"href":"https:\/\/staging.nbg.eu\/fr\/wp-json\/wp\/v2\/media\/574911"}],"wp:attachment":[{"href":"https:\/\/staging.nbg.eu\/fr\/wp-json\/wp\/v2\/media?parent=574886"}],"wp:term":[{"taxonomy":"product_brand","embeddable":true,"href":"https:\/\/staging.nbg.eu\/fr\/wp-json\/wp\/v2\/product_brand?post=574886"},{"taxonomy":"product_cat","embeddable":true,"href":"https:\/\/staging.nbg.eu\/fr\/wp-json\/wp\/v2\/product_cat?post=574886"},{"taxonomy":"product_tag","embeddable":true,"href":"https:\/\/staging.nbg.eu\/fr\/wp-json\/wp\/v2\/product_tag?post=574886"}],"curies":[{"name":"wp","href":"https:\/\/api.w.org\/{rel}","templated":true}]}}