{"id":574739,"date":"2025-10-10T12:34:45","date_gmt":"2025-10-10T09:34:45","guid":{"rendered":"https:\/\/staging.nbg.eu\/product\/trigger-kmr-sa-da-straight-from-2024\/"},"modified":"2025-10-15T11:10:40","modified_gmt":"2025-10-15T08:10:40","slug":"detente-kmr-sada-droite-a-partir-de-2024","status":"publish","type":"product","link":"https:\/\/staging.nbg.eu\/fr\/produit\/detente-kmr-sada-droite-a-partir-de-2024\/","title":{"rendered":"D\u00e9tente KMR SA\/DA droite (\u00e0 partir de 2024)"},"content":{"rendered":"<h2>D\u00c9TENTE KMR SA\/DA DROITE (\u00e0 partir de 2024)<\/h2>\n<h2>R\u00e9f\u00e9rence : 0861-02301-0900<\/h2>\n<h3>Marque : KMR Precision Arms<\/h3>\n<p>La D\u00c9TENTE KMR SA\/DA DROITE est con\u00e7ue pour les pistolets KMR fabriqu\u00e9s \u00e0 partir de 2024. Cette d\u00e9tente de remplacement est compatible avec les mod\u00e8les \u00e0 carcasse en aluminium et en acier.<\/p>\n<ul>\n<li>Conception de d\u00e9tente droite<\/li>\n<li>Compatible avec un axe de d\u00e9tente de 3 mm<\/li>\n<li>Fonctionne avec la barre de d\u00e9tente L SA\/DA ou W SA\/DA<\/li>\n<li>Construction en acier<\/li>\n<li>Compatible avec les mod\u00e8les KMR : L-02 SPECTRA, L-02 UMBRA, S-01 LANCE (OR), S-02 et W-02 UMBRA<\/li>\n<\/ul>\n<p>Cette d\u00e9tente droite est con\u00e7ue pour fonctionner en mode simple et double action. Elle est destin\u00e9e aux pistolets KMR.<\/p>\n","protected":false},"excerpt":{"rendered":"<p>D\u00e9tente droite SA\/DA en acier pour les pistolets KMR \u00e0 partir de 2024. Compatible avec goupille de 3 mm.<\/p>\n","protected":false},"featured_media":574769,"template":"","meta":{"_acf_changed":false},"product_brand":[],"product_cat":[12145],"product_tag":[],"class_list":{"0":"post-574739","1":"product","2":"type-product","3":"status-publish","4":"has-post-thumbnail","6":"product_cat-pieces-kmr","8":"first","9":"instock","10":"taxable","11":"shipping-taxable","12":"purchasable","13":"product-type-simple"},"acf":[],"_links":{"self":[{"href":"https:\/\/staging.nbg.eu\/fr\/wp-json\/wp\/v2\/product\/574739","targetHints":{"allow":["GET"]}}],"collection":[{"href":"https:\/\/staging.nbg.eu\/fr\/wp-json\/wp\/v2\/product"}],"about":[{"href":"https:\/\/staging.nbg.eu\/fr\/wp-json\/wp\/v2\/types\/product"}],"wp:featuredmedia":[{"embeddable":true,"href":"https:\/\/staging.nbg.eu\/fr\/wp-json\/wp\/v2\/media\/574769"}],"wp:attachment":[{"href":"https:\/\/staging.nbg.eu\/fr\/wp-json\/wp\/v2\/media?parent=574739"}],"wp:term":[{"taxonomy":"product_brand","embeddable":true,"href":"https:\/\/staging.nbg.eu\/fr\/wp-json\/wp\/v2\/product_brand?post=574739"},{"taxonomy":"product_cat","embeddable":true,"href":"https:\/\/staging.nbg.eu\/fr\/wp-json\/wp\/v2\/product_cat?post=574739"},{"taxonomy":"product_tag","embeddable":true,"href":"https:\/\/staging.nbg.eu\/fr\/wp-json\/wp\/v2\/product_tag?post=574739"}],"curies":[{"name":"wp","href":"https:\/\/api.w.org\/{rel}","templated":true}]}}