{"id":57461,"date":"2024-02-20T19:53:48","date_gmt":"2024-09-13T14:33:04","guid":{"rendered":"https:\/\/staging.nbg.eu\/product\/geissele-ar15-super-precision-30mm-extended\/"},"modified":"2024-09-13T14:33:57","modified_gmt":"2024-09-13T14:33:57","slug":"geissele-ar15-super-precision-30mm-rallonge","status":"publish","type":"product","link":"https:\/\/staging.nbg.eu\/fr\/produit\/geissele-ar15-super-precision-30mm-rallonge\/","title":{"rendered":"Geissele AR15 Super Precision 30mm, Rallong\u00e9"},"content":{"rendered":"<div class=\"product-description\">\n<h2>Geissele AR15 Super Precision\u00ae 30mm, Extended<\/h2>\n<p>Con\u00e7u pour les parties sup\u00e9rieures AR-15\/M4, le support Geissele Super Precision\u00ae 30mm Extended offre stabilit\u00e9 et pr\u00e9cision. Caract\u00e9ristiques principales :<\/p>\n<ul>\n<li>Rail picatinny \u00e0 7 sections avec 4 ergots de cisaillement pour un montage s\u00fbr<\/li>\n<li>Syst\u00e8me de serrage \u00e0 \u00e9crou et boulon fournissant 1 400 livres de force par ensemble<\/li>\n<li>Fabriqu\u00e9 \u00e0 partir d&rsquo;un bloc d&rsquo;aluminium 7075-T6 haute r\u00e9sistance<\/li>\n<li>R\u00e9sistance et rigidit\u00e9 am\u00e9lior\u00e9es gr\u00e2ce \u00e0 des poches et des nervures strat\u00e9giques<\/li>\n<li>Capuchons usin\u00e9s avec pr\u00e9cision pour un ajustement et une protection optimaux de la lunette<\/li>\n<li>Emplacements de capuchon variables pour s&rsquo;adapter \u00e0 diff\u00e9rentes conceptions de lunettes<\/li>\n<\/ul>\n<p>Ce support de lunette offre une pr\u00e9cision de retour au z\u00e9ro et une durabilit\u00e9, con\u00e7u pour r\u00e9sister aux conditions difficiles.<\/p>\n<\/div>\n","protected":false},"excerpt":{"rendered":"<p>Support de lunette de pr\u00e9cision 30mm pour AR-15. S\u00e9curis\u00e9, durable, en aluminium 7075-T6.<\/p>\n","protected":false},"featured_media":57462,"template":"","meta":{"_acf_changed":false},"product_brand":[11381],"product_cat":[12193],"product_tag":[],"class_list":{"0":"post-57461","1":"product","2":"type-product","3":"status-publish","4":"has-post-thumbnail","6":"product_brand-geissele","7":"product_cat-fusil","9":"first","10":"instock","11":"taxable","12":"shipping-taxable","13":"product-type-variable","14":"wvs-archive-product-wrapper"},"acf":[],"_links":{"self":[{"href":"https:\/\/staging.nbg.eu\/fr\/wp-json\/wp\/v2\/product\/57461","targetHints":{"allow":["GET"]}}],"collection":[{"href":"https:\/\/staging.nbg.eu\/fr\/wp-json\/wp\/v2\/product"}],"about":[{"href":"https:\/\/staging.nbg.eu\/fr\/wp-json\/wp\/v2\/types\/product"}],"wp:featuredmedia":[{"embeddable":true,"href":"https:\/\/staging.nbg.eu\/fr\/wp-json\/wp\/v2\/media\/57462"}],"wp:attachment":[{"href":"https:\/\/staging.nbg.eu\/fr\/wp-json\/wp\/v2\/media?parent=57461"}],"wp:term":[{"taxonomy":"product_brand","embeddable":true,"href":"https:\/\/staging.nbg.eu\/fr\/wp-json\/wp\/v2\/product_brand?post=57461"},{"taxonomy":"product_cat","embeddable":true,"href":"https:\/\/staging.nbg.eu\/fr\/wp-json\/wp\/v2\/product_cat?post=57461"},{"taxonomy":"product_tag","embeddable":true,"href":"https:\/\/staging.nbg.eu\/fr\/wp-json\/wp\/v2\/product_tag?post=57461"}],"curies":[{"name":"wp","href":"https:\/\/api.w.org\/{rel}","templated":true}]}}