{"id":56995,"date":"2024-02-20T20:01:55","date_gmt":"2024-09-13T14:29:14","guid":{"rendered":"https:\/\/staging.nbg.eu\/product\/geissele-ar15-super-precision-34mm-extended\/"},"modified":"2024-09-13T14:30:22","modified_gmt":"2024-09-13T14:30:22","slug":"geissele-ar15-super-precision-34mm-rallonge","status":"publish","type":"product","link":"https:\/\/staging.nbg.eu\/fr\/produit\/geissele-ar15-super-precision-34mm-rallonge\/","title":{"rendered":"Geissele AR15 Super Precision 34mm, Rallong\u00e9"},"content":{"rendered":"<div class=\"product-description\">\n<h2>Geissele AR15 Super Precision\u00ae 34mm, Extended<\/h2>\n<p>Am\u00e9liorez la pr\u00e9cision de votre AR-15\/M4 avec le support de lunette Geissele Super Precision\u00ae 34mm Extended. Ce support comprend :<\/p>\n<ul>\n<li>7 sections picatinny avec 4 ergots de cisaillement pour une stabilit\u00e9 accrue<\/li>\n<li>Syst\u00e8me de serrage \u00e0 \u00e9crou et boulon, fournissant 1 400 lbs de force par paire<\/li>\n<li>Fabriqu\u00e9 \u00e0 partir d&rsquo;un bloc d&rsquo;aluminium 7075-T6 haute r\u00e9sistance<\/li>\n<li>Rigidit\u00e9 am\u00e9lior\u00e9e gr\u00e2ce \u00e0 des \u00e9videments et des nervures strat\u00e9giques<\/li>\n<li>Anneaux al\u00e9s\u00e9s pour un ajustement parfait de la lunette et sa protection<\/li>\n<li>Anneaux num\u00e9rot\u00e9s pour garantir l&rsquo;alignement<\/li>\n<li>Conception polyvalente s&rsquo;adaptant \u00e0 divers types de lunettes<\/li>\n<\/ul>\n<p>Obtenez une pr\u00e9cision de retour au z\u00e9ro et une durabilit\u00e9 avec l&rsquo;ing\u00e9nierie de pr\u00e9cision de Geissele.<\/p>\n<\/div>\n","protected":false},"excerpt":{"rendered":"<p>Support de lunette AR-15 de 34 mm con\u00e7u avec pr\u00e9cision pour une stabilit\u00e9 in\u00e9gal\u00e9e.<\/p>\n","protected":false},"featured_media":56997,"template":"","meta":{"_acf_changed":false},"product_brand":[11381],"product_cat":[12193],"product_tag":[],"class_list":{"0":"post-56995","1":"product","2":"type-product","3":"status-publish","4":"has-post-thumbnail","6":"product_brand-geissele","7":"product_cat-fusil","9":"first","10":"instock","11":"taxable","12":"shipping-taxable","13":"product-type-variable","14":"wvs-archive-product-wrapper"},"acf":[],"_links":{"self":[{"href":"https:\/\/staging.nbg.eu\/fr\/wp-json\/wp\/v2\/product\/56995","targetHints":{"allow":["GET"]}}],"collection":[{"href":"https:\/\/staging.nbg.eu\/fr\/wp-json\/wp\/v2\/product"}],"about":[{"href":"https:\/\/staging.nbg.eu\/fr\/wp-json\/wp\/v2\/types\/product"}],"wp:featuredmedia":[{"embeddable":true,"href":"https:\/\/staging.nbg.eu\/fr\/wp-json\/wp\/v2\/media\/56997"}],"wp:attachment":[{"href":"https:\/\/staging.nbg.eu\/fr\/wp-json\/wp\/v2\/media?parent=56995"}],"wp:term":[{"taxonomy":"product_brand","embeddable":true,"href":"https:\/\/staging.nbg.eu\/fr\/wp-json\/wp\/v2\/product_brand?post=56995"},{"taxonomy":"product_cat","embeddable":true,"href":"https:\/\/staging.nbg.eu\/fr\/wp-json\/wp\/v2\/product_cat?post=56995"},{"taxonomy":"product_tag","embeddable":true,"href":"https:\/\/staging.nbg.eu\/fr\/wp-json\/wp\/v2\/product_tag?post=56995"}],"curies":[{"name":"wp","href":"https:\/\/api.w.org\/{rel}","templated":true}]}}