{"id":56655,"date":"2024-02-20T20:12:58","date_gmt":"2024-09-13T13:32:10","guid":{"rendered":"https:\/\/staging.nbg.eu\/product\/geissele-super-precision-scope-mount-30mm-for-ar-15-vortex-1-6\/"},"modified":"2024-09-13T13:33:01","modified_gmt":"2024-09-13T13:33:01","slug":"geissele-montage-lunette-super-precision-30mm-pour-ar-15-vortex-1-6","status":"publish","type":"product","link":"https:\/\/staging.nbg.eu\/fr\/produit\/geissele-montage-lunette-super-precision-30mm-pour-ar-15-vortex-1-6\/","title":{"rendered":"Geissele Montage Lunette Super Precision 30mm, pour AR-15 (Vortex 1-6)"},"content":{"rendered":"<div class=\"description-text\">\n<div class=\"exerpt\">\n<p>Ce support de lunette AR-15 fait partie de la s\u00e9rie certifi\u00e9e SOPMOD de Geissele. Il comprend des produits Geissele actuellement utilis\u00e9s par des unit\u00e9s militaires et antiterroristes de haut niveau au sein du Commandement des op\u00e9rations sp\u00e9ciales des \u00c9tats-Unis (USSOCOM). SOPMOD est un programme de l&rsquo;USSOCOM qui permet au personnel des op\u00e9rations sp\u00e9ciales de configurer leurs armes selon leurs pr\u00e9f\u00e9rences individuelles et les exigences des missions. Le programme est un syst\u00e8me d&rsquo;accessoires approuv\u00e9 pour la carabine M4A1, le FN SCAR Mk 16\/17 et d&rsquo;autres armes utilis\u00e9es par l&rsquo;USSOCOM. Chaque article Geissele propos\u00e9 dans la ligne de s\u00e9rie SOPMOD a \u00e9t\u00e9 soumis \u00e0 des tests rigoureux du gouvernement am\u00e9ricain et certifi\u00e9 par l&rsquo;USSOCOM. Ces supports optiques sont usin\u00e9s \u00e0 partir d&rsquo;un seul bloc de 2 kg d&rsquo;aluminium de qualit\u00e9 a\u00e9ronautique 7075-T6.<\/p>\n<p>Les capuchons de lunette num\u00e9rot\u00e9s individuellement sont al\u00e9s\u00e9s en ligne avec le corps et cr\u00e9\u00e9s en une seule op\u00e9ration, cr\u00e9ant le meilleur ajustement possible au corps de l&rsquo;optique. Les supports Geissele sont verrouill\u00e9s en place \u00e0 l&rsquo;aide du syst\u00e8me classique et \u00e9prouv\u00e9 d&rsquo;\u00e9crou et de pince, qui fournit 635 kg de force de serrage par \u00e9crou. Ce syst\u00e8me fournit jusqu&rsquo;\u00e0 3 fois plus de force de serrage que tout syst\u00e8me \u00e0 levier, tandis que des pattes de cisaillement usin\u00e9es avec pr\u00e9cision aident \u00e0 verrouiller l&rsquo;optique en place sur le r\u00e9cepteur pendant le recul. La surface de montage s&rsquo;\u00e9tend sur 8 sections Picatinny.<\/p>\n<h2 style=\"text-align: center\"><strong>&#8212; SP\u00c9CIFICATIONS &#8212;<\/strong><\/h2>\n<table border=\"1\">\n<tbody>\n<tr>\n<td><strong>MAT\u00c9RIAU : <\/strong><\/td>\n<td> 7075-T6<\/td>\n<\/tr>\n<tr>\n<td><strong>COULEUR : <\/strong><\/td>\n<td> Noir<\/td>\n<\/tr>\n<tr>\n<td><strong>FINITION : <\/strong><\/td>\n<td> Anodisation dure de type 3<\/td>\n<\/tr>\n<tr>\n<td><strong>POIDS : <\/strong><\/td>\n<td> 201 g<\/td>\n<\/tr>\n<tr>\n<td><strong>TAILLE DE L&rsquo;ANNEAU : <\/strong><\/td>\n<td> 30 mm<\/td>\n<\/tr>\n<\/tbody>\n<\/table>\n<\/div>\n<\/div>\n","protected":false},"excerpt":{"rendered":"<p><strong>Fait partie de la s\u00e9rie certifi\u00e9e SOPMOD de Geissele<\/strong><\/p>\n","protected":false},"featured_media":56656,"template":"","meta":{"_acf_changed":false},"product_brand":[11381],"product_cat":[12193],"product_tag":[],"class_list":{"0":"post-56655","1":"product","2":"type-product","3":"status-publish","4":"has-post-thumbnail","6":"product_brand-geissele","7":"product_cat-fusil","9":"first","10":"instock","11":"taxable","12":"shipping-taxable","13":"product-type-variable","14":"wvs-archive-product-wrapper"},"acf":[],"_links":{"self":[{"href":"https:\/\/staging.nbg.eu\/fr\/wp-json\/wp\/v2\/product\/56655","targetHints":{"allow":["GET"]}}],"collection":[{"href":"https:\/\/staging.nbg.eu\/fr\/wp-json\/wp\/v2\/product"}],"about":[{"href":"https:\/\/staging.nbg.eu\/fr\/wp-json\/wp\/v2\/types\/product"}],"wp:featuredmedia":[{"embeddable":true,"href":"https:\/\/staging.nbg.eu\/fr\/wp-json\/wp\/v2\/media\/56656"}],"wp:attachment":[{"href":"https:\/\/staging.nbg.eu\/fr\/wp-json\/wp\/v2\/media?parent=56655"}],"wp:term":[{"taxonomy":"product_brand","embeddable":true,"href":"https:\/\/staging.nbg.eu\/fr\/wp-json\/wp\/v2\/product_brand?post=56655"},{"taxonomy":"product_cat","embeddable":true,"href":"https:\/\/staging.nbg.eu\/fr\/wp-json\/wp\/v2\/product_cat?post=56655"},{"taxonomy":"product_tag","embeddable":true,"href":"https:\/\/staging.nbg.eu\/fr\/wp-json\/wp\/v2\/product_tag?post=56655"}],"curies":[{"name":"wp","href":"https:\/\/api.w.org\/{rel}","templated":true}]}}