{"id":56179,"date":"2024-02-24T19:52:23","date_gmt":"2024-09-13T13:20:00","guid":{"rendered":"https:\/\/staging.nbg.eu\/product\/fox-classic-hunter-65-mm-139-gr\/"},"modified":"2024-09-13T13:20:54","modified_gmt":"2024-09-13T13:20:54","slug":"fox-classic-hunter-65-mm-139-gr","status":"publish","type":"product","link":"https:\/\/staging.nbg.eu\/fr\/produit\/fox-classic-hunter-65-mm-139-gr\/","title":{"rendered":"Fox Classic Hunter 6,5 mm (139 gr)"},"content":{"rendered":"<div class=\"product-description\">\n<h2>Fox Classic Hunter<\/h2>\n<p>Le Fox Classic Hunter est une balle sans plomb con\u00e7ue pour les chasseurs europ\u00e9ens confront\u00e9s \u00e0 diverses situations de chasse. Cette balle en alliage de cuivre et de zinc offre une performance pour la chasse au sanglier ou au gibier de montagne.<\/p>\n<ul>\n<li>Composition sans plomb<\/li>\n<li>D\u00e9formation efficace \u00e0 des vitesses d&rsquo;impact plus faibles (500 m\/s)<\/li>\n<li>Conception rainur\u00e9e pour r\u00e9duire la pression dans le canon et augmenter la vitesse<\/li>\n<li>Pointe en plastique thermostable am\u00e9liore la balistique et l&rsquo;effet terminal<\/li>\n<li>Expansion contr\u00f4l\u00e9e pour un transfert d&rsquo;\u00e9nergie optimal<\/li>\n<li>D\u00e9formation en forme de champignon jusqu&rsquo;\u00e0 deux fois le diam\u00e8tre du calibre<\/li>\n<li>Puissance d&rsquo;arr\u00eat avec dommages minimaux \u00e0 la viande<\/li>\n<\/ul>\n<p>Le Fox Classic Hunter est adapt\u00e9 pour la chasse en Europe.<\/p>\n<\/div>\n","protected":false},"excerpt":{"rendered":"<p>Balle sans plomb en cuivre-zinc pour une chasse polyvalente. Expansion rapide, haute pr\u00e9cision.<\/p>\n","protected":false},"featured_media":56180,"template":"","meta":{"_acf_changed":false},"product_brand":[11341],"product_cat":[12172,12189],"product_tag":[],"class_list":{"0":"post-56179","1":"product","2":"type-product","3":"status-publish","4":"has-post-thumbnail","6":"product_brand-fox-bullets","7":"product_cat-balles","8":"product_cat-rechargement","10":"first","11":"instock","12":"taxable","13":"shipping-taxable","14":"purchasable","15":"product-type-variable","16":"wvs-archive-product-wrapper"},"acf":[],"_links":{"self":[{"href":"https:\/\/staging.nbg.eu\/fr\/wp-json\/wp\/v2\/product\/56179","targetHints":{"allow":["GET"]}}],"collection":[{"href":"https:\/\/staging.nbg.eu\/fr\/wp-json\/wp\/v2\/product"}],"about":[{"href":"https:\/\/staging.nbg.eu\/fr\/wp-json\/wp\/v2\/types\/product"}],"wp:featuredmedia":[{"embeddable":true,"href":"https:\/\/staging.nbg.eu\/fr\/wp-json\/wp\/v2\/media\/56180"}],"wp:attachment":[{"href":"https:\/\/staging.nbg.eu\/fr\/wp-json\/wp\/v2\/media?parent=56179"}],"wp:term":[{"taxonomy":"product_brand","embeddable":true,"href":"https:\/\/staging.nbg.eu\/fr\/wp-json\/wp\/v2\/product_brand?post=56179"},{"taxonomy":"product_cat","embeddable":true,"href":"https:\/\/staging.nbg.eu\/fr\/wp-json\/wp\/v2\/product_cat?post=56179"},{"taxonomy":"product_tag","embeddable":true,"href":"https:\/\/staging.nbg.eu\/fr\/wp-json\/wp\/v2\/product_tag?post=56179"}],"curies":[{"name":"wp","href":"https:\/\/api.w.org\/{rel}","templated":true}]}}