{"id":554470,"date":"2025-09-05T18:19:19","date_gmt":"2025-09-05T15:19:19","guid":{"rendered":"https:\/\/staging.nbg.eu\/product\/magpul-enhanced-ejection-port-cover-for-ar-15\/"},"modified":"2025-10-01T16:37:29","modified_gmt":"2025-10-01T13:37:29","slug":"couvre-orifice-dejection-renforce-magpul-pour-ar-15","status":"publish","type":"product","link":"https:\/\/staging.nbg.eu\/fr\/produit\/couvre-orifice-dejection-renforce-magpul-pour-ar-15\/","title":{"rendered":"Couvre-orifice d&rsquo;\u00e9jection renforc\u00e9 MAGPUL pour AR-15"},"content":{"rendered":"<div class=\"product-description\">\n<h2>Cache de fen\u00eatre d&rsquo;\u00e9jection pour AR-15 de Magpul<\/h2>\n<p>Le <strong>cache de fen\u00eatre d&rsquo;\u00e9jection Magpul<\/strong> pour AR-15 est un composant con\u00e7u pour la durabilit\u00e9 et la facilit\u00e9 d&rsquo;utilisation. Ce cache anti-poussi\u00e8re pr\u00e9sente les caract\u00e9ristiques suivantes :<\/p>\n<ul>\n<li>Construction en polym\u00e8re moul\u00e9 par injection, r\u00e9sistant \u00e0 la corrosion et aux impacts<\/li>\n<li>Installation simple par encliquetage sans retirer le garde-main, l&rsquo;\u00e9crou de canon, les clips en C ou les ressorts<\/li>\n<li>Compatibilit\u00e9 avec les plateformes AR-15 de calibre .223 Remington\/5.56<\/li>\n<li>Finition noire<\/li>\n<\/ul>\n<p>Le cache de fen\u00eatre d&rsquo;\u00e9jection Magpul offre des avantages en termes de commodit\u00e9 et d&rsquo;entretien pour votre prochaine construction ou mise \u00e0 niveau. Cet accessoire combine fonctionnalit\u00e9 et simplicit\u00e9 pour AR-15.<\/p>\n<\/div>\n","protected":false},"excerpt":{"rendered":"<p>Cache-poussi\u00e8re anti-corrosion encliquetable pour AR-15. Installation facile.<\/p>\n","protected":false},"featured_media":499444,"template":"","meta":{"_acf_changed":false},"product_brand":[],"product_cat":[12193,12154,12142],"product_tag":[],"class_list":{"0":"post-554470","1":"product","2":"type-product","3":"status-publish","4":"has-post-thumbnail","6":"product_cat-fusil","7":"product_cat-tuning-ar","8":"product_cat-tuning-carabine","10":"first","11":"instock","12":"taxable","13":"shipping-taxable","14":"purchasable","15":"product-type-simple"},"acf":[],"_links":{"self":[{"href":"https:\/\/staging.nbg.eu\/fr\/wp-json\/wp\/v2\/product\/554470","targetHints":{"allow":["GET"]}}],"collection":[{"href":"https:\/\/staging.nbg.eu\/fr\/wp-json\/wp\/v2\/product"}],"about":[{"href":"https:\/\/staging.nbg.eu\/fr\/wp-json\/wp\/v2\/types\/product"}],"wp:featuredmedia":[{"embeddable":true,"href":"https:\/\/staging.nbg.eu\/fr\/wp-json\/wp\/v2\/media\/499444"}],"wp:attachment":[{"href":"https:\/\/staging.nbg.eu\/fr\/wp-json\/wp\/v2\/media?parent=554470"}],"wp:term":[{"taxonomy":"product_brand","embeddable":true,"href":"https:\/\/staging.nbg.eu\/fr\/wp-json\/wp\/v2\/product_brand?post=554470"},{"taxonomy":"product_cat","embeddable":true,"href":"https:\/\/staging.nbg.eu\/fr\/wp-json\/wp\/v2\/product_cat?post=554470"},{"taxonomy":"product_tag","embeddable":true,"href":"https:\/\/staging.nbg.eu\/fr\/wp-json\/wp\/v2\/product_tag?post=554470"}],"curies":[{"name":"wp","href":"https:\/\/api.w.org\/{rel}","templated":true}]}}