{"id":554264,"date":"2025-09-06T16:21:27","date_gmt":"2025-09-06T13:21:27","guid":{"rendered":"https:\/\/staging.nbg.eu\/product\/armazone-q-r-viper-30mm\/"},"modified":"2025-10-01T16:26:06","modified_gmt":"2025-10-01T13:26:06","slug":"armazone-q-r-viper-30mm","status":"publish","type":"product","link":"https:\/\/staging.nbg.eu\/fr\/produit\/armazone-q-r-viper-30mm\/","title":{"rendered":"Armazone Q-R Viper 30mm"},"content":{"rendered":"<h2>Armazone Q-R Viper 30mm<\/h2>\n<p>L&rsquo;Armazone Q-R Viper 30mm est un adaptateur QR con\u00e7u pour les appareils avec un filetage M33.5\u00d70.75. Cet adaptateur de serrage en une pi\u00e8ce permet l&rsquo;int\u00e9gration de dispositifs de vision nocturne ou d&rsquo;imagerie thermique avec une vari\u00e9t\u00e9 de viseurs diurnes.<\/p>\n<h2>Caract\u00e9ristiques principales :<\/h2>\n<ul>\n<li>Levier \u00e0 verrouillage rapide pour montage et d\u00e9montage faciles<\/li>\n<li>R\u00e9glage et installation sans outil<\/li>\n<li>Bande ArmaZone sp\u00e9ciale pour r\u00e9duire le bruit lors du montage et du tir<\/li>\n<li>Compatible avec les accessoires thermiques Nitehog<\/li>\n<li>Compense jusqu&rsquo;\u00e0 1mm de d\u00e9flexion vers le bas<\/li>\n<\/ul>\n<p>L&rsquo;Armazone Q-R Viper 30mm est une solution pour les tireurs et chasseurs recherchant des capacit\u00e9s nocturnes am\u00e9lior\u00e9es.<\/p>\n","protected":false},"excerpt":{"rendered":"<p>Adaptateur \u00e0 verrouillage rapide pour dispositifs thermiques sur les lunettes Nitehog. Sans outil.<\/p>\n","protected":false},"featured_media":499533,"template":"","meta":{"_acf_changed":false},"product_brand":[],"product_cat":[12126,12124,12169],"product_tag":[],"class_list":{"0":"post-554264","1":"product","2":"type-product","3":"status-publish","4":"has-post-thumbnail","6":"product_cat-accessoires-de-visee","7":"product_cat-thermique","8":"product_cat-visee","10":"first","11":"instock","12":"taxable","13":"shipping-taxable","14":"purchasable","15":"product-type-simple"},"acf":[],"_links":{"self":[{"href":"https:\/\/staging.nbg.eu\/fr\/wp-json\/wp\/v2\/product\/554264","targetHints":{"allow":["GET"]}}],"collection":[{"href":"https:\/\/staging.nbg.eu\/fr\/wp-json\/wp\/v2\/product"}],"about":[{"href":"https:\/\/staging.nbg.eu\/fr\/wp-json\/wp\/v2\/types\/product"}],"wp:featuredmedia":[{"embeddable":true,"href":"https:\/\/staging.nbg.eu\/fr\/wp-json\/wp\/v2\/media\/499533"}],"wp:attachment":[{"href":"https:\/\/staging.nbg.eu\/fr\/wp-json\/wp\/v2\/media?parent=554264"}],"wp:term":[{"taxonomy":"product_brand","embeddable":true,"href":"https:\/\/staging.nbg.eu\/fr\/wp-json\/wp\/v2\/product_brand?post=554264"},{"taxonomy":"product_cat","embeddable":true,"href":"https:\/\/staging.nbg.eu\/fr\/wp-json\/wp\/v2\/product_cat?post=554264"},{"taxonomy":"product_tag","embeddable":true,"href":"https:\/\/staging.nbg.eu\/fr\/wp-json\/wp\/v2\/product_tag?post=554264"}],"curies":[{"name":"wp","href":"https:\/\/api.w.org\/{rel}","templated":true}]}}