{"id":55380,"date":"2024-02-28T08:15:21","date_gmt":"2024-09-13T13:12:08","guid":{"rendered":"https:\/\/staging.nbg.eu\/product\/fox-ammunition-65x55se-123-gr\/"},"modified":"2024-09-13T13:13:02","modified_gmt":"2024-09-13T13:13:02","slug":"munitions-fox-65x55se-123-gr","status":"publish","type":"product","link":"https:\/\/staging.nbg.eu\/fr\/produit\/munitions-fox-65x55se-123-gr\/","title":{"rendered":"Munitions Fox 6,5x55SE (123 gr)"},"content":{"rendered":"<div class=\"product-description\">\n<h2>Munitions Fox Classic Hunter<\/h2>\n<p>Les balles Fox Classic Hunter sont sans plomb, con\u00e7ues pour tous les sc\u00e9narios de chasse europ\u00e9ens. Fabriqu\u00e9es en alliage cuivre-zinc, elles offrent :<\/p>\n<ul>\n<li>Performance efficace de la chasse au sanglier \u00e0 courte distance aux tirs \u00e0 longue distance en montagne<\/li>\n<li>D\u00e9formation fiable \u00e0 des vitesses d&rsquo;impact plus faibles (500 m\/s)<\/li>\n<li>Conception rainur\u00e9e pour r\u00e9duire la pression du canon et augmenter la vitesse<\/li>\n<li>Pointe en plastique thermostable pour une meilleure balistique et un effet terminal<\/li>\n<li>Expansion contr\u00f4l\u00e9e pour un transfert d&rsquo;\u00e9nergie efficace et une puissance d&rsquo;arr\u00eat<\/li>\n<li>D\u00e9formation en champignon jusqu&rsquo;\u00e0 deux fois le diam\u00e8tre du calibre<\/li>\n<li>R\u00e9tention de masse de plus de 95% dans des conditions de p\u00e9n\u00e9tration normales<\/li>\n<li>Excellente pr\u00e9servation de la viande<\/li>\n<\/ul>\n<p>Les munitions Fox Classic Hunter offrent une performance et une chasse \u00e9thique.<\/p>\n<\/div>\n","protected":false},"excerpt":{"rendered":"<p>Munitions sans plomb pour une chasse europ\u00e9enne polyvalente. Pr\u00e9cises et efficaces.<\/p>\n","protected":false},"featured_media":55388,"template":"","meta":{"_acf_changed":false},"product_brand":[11341],"product_cat":[12168,12205],"product_tag":[],"class_list":{"0":"post-55380","1":"product","2":"type-product","3":"status-publish","4":"has-post-thumbnail","6":"product_brand-fox-bullets","7":"product_cat-munitions","8":"product_cat-munitions-de-fusil","10":"first","11":"instock","12":"taxable","13":"shipping-taxable","14":"purchasable","15":"product-type-simple"},"acf":[],"_links":{"self":[{"href":"https:\/\/staging.nbg.eu\/fr\/wp-json\/wp\/v2\/product\/55380","targetHints":{"allow":["GET"]}}],"collection":[{"href":"https:\/\/staging.nbg.eu\/fr\/wp-json\/wp\/v2\/product"}],"about":[{"href":"https:\/\/staging.nbg.eu\/fr\/wp-json\/wp\/v2\/types\/product"}],"wp:featuredmedia":[{"embeddable":true,"href":"https:\/\/staging.nbg.eu\/fr\/wp-json\/wp\/v2\/media\/55388"}],"wp:attachment":[{"href":"https:\/\/staging.nbg.eu\/fr\/wp-json\/wp\/v2\/media?parent=55380"}],"wp:term":[{"taxonomy":"product_brand","embeddable":true,"href":"https:\/\/staging.nbg.eu\/fr\/wp-json\/wp\/v2\/product_brand?post=55380"},{"taxonomy":"product_cat","embeddable":true,"href":"https:\/\/staging.nbg.eu\/fr\/wp-json\/wp\/v2\/product_cat?post=55380"},{"taxonomy":"product_tag","embeddable":true,"href":"https:\/\/staging.nbg.eu\/fr\/wp-json\/wp\/v2\/product_tag?post=55380"}],"curies":[{"name":"wp","href":"https:\/\/api.w.org\/{rel}","templated":true}]}}