{"id":54759,"date":"2024-03-01T10:55:25","date_gmt":"2024-09-13T13:05:05","guid":{"rendered":"https:\/\/staging.nbg.eu\/product\/fox-ammunition-30-06-spring-165-180-gr\/"},"modified":"2024-09-13T13:05:58","modified_gmt":"2024-09-13T13:05:58","slug":"munitions-fox-30-06-spring-165180-gr","status":"publish","type":"product","link":"https:\/\/staging.nbg.eu\/fr\/produit\/munitions-fox-30-06-spring-165180-gr\/","title":{"rendered":"Munitions Fox 30-06 Spring. (165\/180 gr)"},"content":{"rendered":"<div class=\"product-description\">\n<h2>Munitions Fox Classic Hunter<\/h2>\n<p>Les balles Fox Classic Hunter sont sans plomb, con\u00e7ues pour tous les sc\u00e9narios de chasse europ\u00e9ens. Fabriqu\u00e9es \u00e0 partir d&rsquo;un alliage cuivre-zinc, elles offrent :<\/p>\n<ul>\n<li>Performance efficace de la chasse au sanglier \u00e0 courte distance aux tirs en montagne \u00e0 longue distance<\/li>\n<li>D\u00e9formation fiable \u00e0 des vitesses d&rsquo;impact plus faibles (500 m\/s)<\/li>\n<li>Conception rainur\u00e9e pour r\u00e9duire la pression du canon et augmenter la vitesse<\/li>\n<li>Pointe en plastique thermostable pour am\u00e9liorer la balistique et l&rsquo;effet terminal<\/li>\n<li>Expansion contr\u00f4l\u00e9e pour un transfert d&rsquo;\u00e9nergie efficace et une puissance d&rsquo;arr\u00eat<\/li>\n<li>D\u00e9formation en champignon jusqu&rsquo;\u00e0 deux fois le diam\u00e8tre du calibre<\/li>\n<li>R\u00e9tention de masse de plus de 95% dans des conditions de p\u00e9n\u00e9tration normales<\/li>\n<li>Excellente pr\u00e9servation de la viande<\/li>\n<\/ul>\n<p>Les munitions Fox Classic Hunter offrent une performance et une chasse \u00e9thique.<\/p>\n<\/div>\n","protected":false},"excerpt":{"rendered":"<p>Munitions sans plomb pour une chasse europ\u00e9enne polyvalente. Pr\u00e9cises et efficaces.<\/p>\n","protected":false},"featured_media":54760,"template":"","meta":{"_acf_changed":false},"product_brand":[11341],"product_cat":[12168,12205,12178],"product_tag":[],"class_list":{"0":"post-54759","1":"product","2":"type-product","3":"status-publish","4":"has-post-thumbnail","6":"product_brand-fox-bullets","7":"product_cat-munitions","8":"product_cat-munitions-de-fusil","9":"product_cat-sous-licence","11":"first","12":"instock","13":"taxable","14":"shipping-taxable","15":"purchasable","16":"product-type-variable","17":"wvs-archive-product-wrapper"},"acf":[],"_links":{"self":[{"href":"https:\/\/staging.nbg.eu\/fr\/wp-json\/wp\/v2\/product\/54759","targetHints":{"allow":["GET"]}}],"collection":[{"href":"https:\/\/staging.nbg.eu\/fr\/wp-json\/wp\/v2\/product"}],"about":[{"href":"https:\/\/staging.nbg.eu\/fr\/wp-json\/wp\/v2\/types\/product"}],"wp:featuredmedia":[{"embeddable":true,"href":"https:\/\/staging.nbg.eu\/fr\/wp-json\/wp\/v2\/media\/54760"}],"wp:attachment":[{"href":"https:\/\/staging.nbg.eu\/fr\/wp-json\/wp\/v2\/media?parent=54759"}],"wp:term":[{"taxonomy":"product_brand","embeddable":true,"href":"https:\/\/staging.nbg.eu\/fr\/wp-json\/wp\/v2\/product_brand?post=54759"},{"taxonomy":"product_cat","embeddable":true,"href":"https:\/\/staging.nbg.eu\/fr\/wp-json\/wp\/v2\/product_cat?post=54759"},{"taxonomy":"product_tag","embeddable":true,"href":"https:\/\/staging.nbg.eu\/fr\/wp-json\/wp\/v2\/product_tag?post=54759"}],"curies":[{"name":"wp","href":"https:\/\/api.w.org\/{rel}","templated":true}]}}