{"id":547556,"date":"2025-09-05T18:17:28","date_gmt":"2025-09-05T15:17:28","guid":{"rendered":"https:\/\/staging.nbg.eu\/product\/armazone-q-r-viper-62mm\/"},"modified":"2025-10-01T11:33:29","modified_gmt":"2025-10-01T08:33:29","slug":"monture-q-r-viper-62mm","status":"publish","type":"product","link":"https:\/\/staging.nbg.eu\/fr\/produit\/monture-q-r-viper-62mm\/","title":{"rendered":"Monture Q-R Viper 62mm"},"content":{"rendered":"<div class=\"product-description\">\n<h2>Adaptateur \u00e0 d\u00e9gagement rapide Armazone Q-R Viper 62mm<\/h2>\n<p>L&rsquo;adaptateur \u00e0 d\u00e9gagement rapide Armazone Q-R Viper 62mm est con\u00e7u pour les clips d&rsquo;imagerie thermique et les lunettes d&rsquo;observation avec un diam\u00e8tre ext\u00e9rieur d&rsquo;objectif de 62mm.<\/p>\n<h2>Caract\u00e9ristiques principales :<\/h2>\n<ul>\n<li>Construction en aluminium monobloc<\/li>\n<li>Installation et retrait rapides<\/li>\n<li>Force de serrage r\u00e9glable<\/li>\n<li>Compatible avec la plupart des lunettes de vis\u00e9e<\/li>\n<li>Adapt\u00e9 aux appareils thermiques Nitehog<\/li>\n<\/ul>\n<p>Le levier de verrouillage rapide du Q-R Viper permet plusieurs montages sans outils suppl\u00e9mentaires. Con\u00e7u pour les chasseurs et les amateurs d&rsquo;activit\u00e9s de plein air. Note : L&rsquo;adaptateur compense une d\u00e9viation vers le bas de 1mm maximum.<\/p>\n<\/div>\n","protected":false},"excerpt":{"rendered":"<p>Adaptateur \u00e0 d\u00e9gagement rapide pour lunettes de 62 mm. Montage facile pour appareils thermiques.<\/p>\n","protected":false},"featured_media":499398,"template":"","meta":{"_acf_changed":false},"product_brand":[],"product_cat":[12126,12124,12169],"product_tag":[],"class_list":{"0":"post-547556","1":"product","2":"type-product","3":"status-publish","4":"has-post-thumbnail","6":"product_cat-accessoires-de-visee","7":"product_cat-thermique","8":"product_cat-visee","10":"first","11":"instock","12":"taxable","13":"shipping-taxable","14":"purchasable","15":"product-type-simple"},"acf":[],"_links":{"self":[{"href":"https:\/\/staging.nbg.eu\/fr\/wp-json\/wp\/v2\/product\/547556","targetHints":{"allow":["GET"]}}],"collection":[{"href":"https:\/\/staging.nbg.eu\/fr\/wp-json\/wp\/v2\/product"}],"about":[{"href":"https:\/\/staging.nbg.eu\/fr\/wp-json\/wp\/v2\/types\/product"}],"wp:featuredmedia":[{"embeddable":true,"href":"https:\/\/staging.nbg.eu\/fr\/wp-json\/wp\/v2\/media\/499398"}],"wp:attachment":[{"href":"https:\/\/staging.nbg.eu\/fr\/wp-json\/wp\/v2\/media?parent=547556"}],"wp:term":[{"taxonomy":"product_brand","embeddable":true,"href":"https:\/\/staging.nbg.eu\/fr\/wp-json\/wp\/v2\/product_brand?post=547556"},{"taxonomy":"product_cat","embeddable":true,"href":"https:\/\/staging.nbg.eu\/fr\/wp-json\/wp\/v2\/product_cat?post=547556"},{"taxonomy":"product_tag","embeddable":true,"href":"https:\/\/staging.nbg.eu\/fr\/wp-json\/wp\/v2\/product_tag?post=547556"}],"curies":[{"name":"wp","href":"https:\/\/api.w.org\/{rel}","templated":true}]}}