{"id":547274,"date":"2025-09-05T18:17:28","date_gmt":"2025-09-05T15:17:28","guid":{"rendered":"https:\/\/staging.nbg.eu\/product\/armazone-viper-fts\/"},"modified":"2025-10-01T11:23:37","modified_gmt":"2025-10-01T08:23:37","slug":"monture-viper-fts","status":"publish","type":"product","link":"https:\/\/staging.nbg.eu\/fr\/produit\/monture-viper-fts\/","title":{"rendered":"Monture Viper FTS"},"content":{"rendered":"<div class=\"product-description\">\n<h2>Adaptateur Armazone Viper FTS<\/h2>\n<p>L&rsquo;adaptateur Armazone Viper FTS est une solution pour monter des dispositifs de vision nocturne ou d&rsquo;imagerie thermique sur une base Picatinny ou Weaver. Cet adaptateur offre :<\/p>\n<ul>\n<li>Placement de dispositifs d&rsquo;imagerie thermique<\/li>\n<li>Int\u00e9gration avec le champ de vision de votre lunette de jour<\/li>\n<li>R\u00e9actions rapides dans diverses situations de tir<\/li>\n<li>Compatibilit\u00e9 avec les bases Picatinny et Weaver<\/li>\n<li>Construction robuste pour une utilisation sur le terrain<\/li>\n<\/ul>\n<p>L&rsquo;adaptateur Armazone Viper FTS est con\u00e7u pour les op\u00e9rations tactiques, la chasse ou le tir sportif. Il permet d&rsquo;am\u00e9liorer les performances en conditions de faible luminosit\u00e9.<\/p>\n<\/div>\n","protected":false},"excerpt":{"rendered":"<p>Adaptateur de montage rapide Armazone Viper FTS pour accessoires thermiques et de vision nocturne.<\/p>\n","protected":false},"featured_media":499306,"template":"","meta":{"_acf_changed":false},"product_brand":[],"product_cat":[12126,12124,12169],"product_tag":[],"class_list":{"0":"post-547274","1":"product","2":"type-product","3":"status-publish","4":"has-post-thumbnail","6":"product_cat-accessoires-de-visee","7":"product_cat-thermique","8":"product_cat-visee","10":"first","11":"instock","12":"taxable","13":"shipping-taxable","14":"purchasable","15":"product-type-simple"},"acf":[],"_links":{"self":[{"href":"https:\/\/staging.nbg.eu\/fr\/wp-json\/wp\/v2\/product\/547274","targetHints":{"allow":["GET"]}}],"collection":[{"href":"https:\/\/staging.nbg.eu\/fr\/wp-json\/wp\/v2\/product"}],"about":[{"href":"https:\/\/staging.nbg.eu\/fr\/wp-json\/wp\/v2\/types\/product"}],"wp:featuredmedia":[{"embeddable":true,"href":"https:\/\/staging.nbg.eu\/fr\/wp-json\/wp\/v2\/media\/499306"}],"wp:attachment":[{"href":"https:\/\/staging.nbg.eu\/fr\/wp-json\/wp\/v2\/media?parent=547274"}],"wp:term":[{"taxonomy":"product_brand","embeddable":true,"href":"https:\/\/staging.nbg.eu\/fr\/wp-json\/wp\/v2\/product_brand?post=547274"},{"taxonomy":"product_cat","embeddable":true,"href":"https:\/\/staging.nbg.eu\/fr\/wp-json\/wp\/v2\/product_cat?post=547274"},{"taxonomy":"product_tag","embeddable":true,"href":"https:\/\/staging.nbg.eu\/fr\/wp-json\/wp\/v2\/product_tag?post=547274"}],"curies":[{"name":"wp","href":"https:\/\/api.w.org\/{rel}","templated":true}]}}