{"id":547127,"date":"2025-09-05T18:15:58","date_gmt":"2025-09-05T15:15:58","guid":{"rendered":"https:\/\/staging.nbg.eu\/product\/mount-arta435-34-34mm\/"},"modified":"2025-10-01T11:12:32","modified_gmt":"2025-10-01T08:12:32","slug":"montage-arta435-34-34mm","status":"publish","type":"product","link":"https:\/\/staging.nbg.eu\/fr\/produit\/montage-arta435-34-34mm\/","title":{"rendered":"Montage ARTA435-34, 34mm"},"content":{"rendered":"<div class=\"product-description\">\n<h2>Support MSR \u00e9tendu squelettique XSKEL34TW Gen 2 34mm<\/h2>\n<p>Le XSKEL34TW Gen 2 est un support MSR \u00e9tendu squelettique de 34mm con\u00e7u pour les fusils de style AR15, AR10 et les fusils de sport avec un rail Picatinny de 2,75&Prime; ou plus.<\/p>\n<h2>Caract\u00e9ristiques principales :<\/h2>\n<ul>\n<li>Hauteur id\u00e9ale MSR pour un alignement pr\u00e9cis<\/li>\n<li>Plus de 2 pouces de porte-\u00e0-faux avant pour un meilleur \u00e9quilibre<\/li>\n<li>Inserts filet\u00e9s en acier pour vis d&rsquo;assemblage<\/li>\n<li>Conception squelettique l\u00e9g\u00e8re mais robuste<\/li>\n<li>Fabriqu\u00e9 avec pr\u00e9cision en aluminium 6061 par usinage CNC<\/li>\n<li>Conception de pince lat\u00e9rale en une pi\u00e8ce pour plus de solidit\u00e9<\/li>\n<\/ul>\n<p>Le XSKEL34TW est con\u00e7u pour les lunettes \u00e0 tube de 34mm plus grandes et plus lourdes, y compris les optiques variables \u00e0 faible puissance et les optiques longue port\u00e9e avec des objectifs jusqu&rsquo;\u00e0 56mm. Sa conception positionne l&rsquo;optique \u00e0 la hauteur et \u00e0 l&#8217;emplacement id\u00e9aux sur votre plateforme AR.<\/p>\n<p>Compatible avec AR-15, M-4, SR-25, LR308, PTR-91 et tout autre MSR avec un rail Picatinny d&rsquo;au moins 3 pouces de long. Il est \u00e9galement utilis\u00e9 sur les fusils \u00e0 levier tactiques.<\/p>\n<p>Le support MSR\/AR XSKEL34TW est utilis\u00e9 par les tireurs de 3-gun, les tireurs de comp\u00e9tition et les amateurs de tactique pour les comp\u00e9titions, les missions tactiques et la chasse avec AR.<\/p>\n<p>Le support MSR squelettique \u00e9tendu XSKEL34TW Gen 2 34mm offre une conception l\u00e9g\u00e8re et durable pour le montage d&rsquo;optiques.<\/p>\n<\/div>\n","protected":false},"excerpt":{"rendered":"<p>Support l\u00e9ger et durable pour lunette AR 34mm. Hauteur id\u00e9ale, porte-\u00e0-faux de 5 cm.<\/p>\n","protected":false},"featured_media":499249,"template":"","meta":{"_acf_changed":false},"product_brand":[],"product_cat":[12126,12124,12169],"product_tag":[],"class_list":{"0":"post-547127","1":"product","2":"type-product","3":"status-publish","4":"has-post-thumbnail","6":"product_cat-accessoires-de-visee","7":"product_cat-thermique","8":"product_cat-visee","10":"first","11":"instock","12":"taxable","13":"shipping-taxable","14":"purchasable","15":"product-type-simple"},"acf":[],"_links":{"self":[{"href":"https:\/\/staging.nbg.eu\/fr\/wp-json\/wp\/v2\/product\/547127","targetHints":{"allow":["GET"]}}],"collection":[{"href":"https:\/\/staging.nbg.eu\/fr\/wp-json\/wp\/v2\/product"}],"about":[{"href":"https:\/\/staging.nbg.eu\/fr\/wp-json\/wp\/v2\/types\/product"}],"wp:featuredmedia":[{"embeddable":true,"href":"https:\/\/staging.nbg.eu\/fr\/wp-json\/wp\/v2\/media\/499249"}],"wp:attachment":[{"href":"https:\/\/staging.nbg.eu\/fr\/wp-json\/wp\/v2\/media?parent=547127"}],"wp:term":[{"taxonomy":"product_brand","embeddable":true,"href":"https:\/\/staging.nbg.eu\/fr\/wp-json\/wp\/v2\/product_brand?post=547127"},{"taxonomy":"product_cat","embeddable":true,"href":"https:\/\/staging.nbg.eu\/fr\/wp-json\/wp\/v2\/product_cat?post=547127"},{"taxonomy":"product_tag","embeddable":true,"href":"https:\/\/staging.nbg.eu\/fr\/wp-json\/wp\/v2\/product_tag?post=547127"}],"curies":[{"name":"wp","href":"https:\/\/api.w.org\/{rel}","templated":true}]}}