{"id":544887,"date":"2025-09-05T18:09:58","date_gmt":"2025-09-05T15:09:58","guid":{"rendered":"https:\/\/staging.nbg.eu\/product\/magpul-rubber-butt-pad-0-70\/"},"modified":"2025-10-01T10:15:43","modified_gmt":"2025-10-01T07:15:43","slug":"magpul-plaque-crosse-caoutchouc-070","status":"publish","type":"product","link":"https:\/\/staging.nbg.eu\/fr\/produit\/magpul-plaque-crosse-caoutchouc-070\/","title":{"rendered":"Magpul &#8211; Plaque Crosse Caoutchouc &#8211; 0.70&Prime;"},"content":{"rendered":"<div class=\"product-description\">\n<h2>Plaque de couche en caoutchouc Magpul &#8211; 0,70&Prime;<\/h2>\n<p>Cette plaque de couche optionnelle de 0,70&Prime; est compatible avec divers crosses Magpul, notamment CTR\u00ae, MOE\u00ae Carbine Mil-Spec, UBR\u00ae, STR\u00ae, ACS-L\u2122, et ACS.<\/p>\n<ul>\n<li>Am\u00e9liore le support \u00e0 l&rsquo;\u00e9paule et la r\u00e9duction du recul<\/li>\n<li>Construction plus \u00e9paisse et ventil\u00e9e<\/li>\n<li>Inclut tout le mat\u00e9riel de montage<\/li>\n<li>Dimensions : 13 x 4 x 1,6 cm (environ)<\/li>\n<li>Poids : 62 g (environ)<\/li>\n<li>Fabriqu\u00e9 aux \u00c9tats-Unis<\/li>\n<\/ul>\n<p><strong>Remarque :<\/strong> Non compatible avec la crosse fixe MOE\u00ae Carbine. Peut limiter le repliement complet sur les crosses commerciales MOE\u00ae\/CTR\u00ae en raison de l&rsquo;arri\u00e8re prolong\u00e9 et biseaut\u00e9.<\/p>\n<\/div>\n","protected":false},"excerpt":{"rendered":"<p>Plaque de couche en caoutchouc am\u00e9lior\u00e9e de 0,70&#8243; pour les crosses Magpul. Support am\u00e9lior\u00e9.<\/p>\n","protected":false},"featured_media":498948,"template":"","meta":{"_acf_changed":false},"product_brand":[11544],"product_cat":[12160],"product_tag":[],"class_list":{"0":"post-544887","1":"product","2":"type-product","3":"status-publish","4":"has-post-thumbnail","6":"product_brand-magpul","7":"product_cat-equipement","9":"first","10":"instock","11":"taxable","12":"shipping-taxable","13":"purchasable","14":"product-type-simple"},"acf":[],"_links":{"self":[{"href":"https:\/\/staging.nbg.eu\/fr\/wp-json\/wp\/v2\/product\/544887","targetHints":{"allow":["GET"]}}],"collection":[{"href":"https:\/\/staging.nbg.eu\/fr\/wp-json\/wp\/v2\/product"}],"about":[{"href":"https:\/\/staging.nbg.eu\/fr\/wp-json\/wp\/v2\/types\/product"}],"wp:featuredmedia":[{"embeddable":true,"href":"https:\/\/staging.nbg.eu\/fr\/wp-json\/wp\/v2\/media\/498948"}],"wp:attachment":[{"href":"https:\/\/staging.nbg.eu\/fr\/wp-json\/wp\/v2\/media?parent=544887"}],"wp:term":[{"taxonomy":"product_brand","embeddable":true,"href":"https:\/\/staging.nbg.eu\/fr\/wp-json\/wp\/v2\/product_brand?post=544887"},{"taxonomy":"product_cat","embeddable":true,"href":"https:\/\/staging.nbg.eu\/fr\/wp-json\/wp\/v2\/product_cat?post=544887"},{"taxonomy":"product_tag","embeddable":true,"href":"https:\/\/staging.nbg.eu\/fr\/wp-json\/wp\/v2\/product_tag?post=544887"}],"curies":[{"name":"wp","href":"https:\/\/api.w.org\/{rel}","templated":true}]}}