{"id":54288,"date":"2024-03-02T07:29:43","date_gmt":"2024-09-13T13:01:56","guid":{"rendered":"https:\/\/staging.nbg.eu\/product\/bore-tech-proof-positive-rifle-jag-multiple-calibers\/"},"modified":"2024-09-13T13:03:03","modified_gmt":"2024-09-13T13:03:03","slug":"bore-tech-proof-positive-rifle-jag-calibres-multiples","status":"publish","type":"product","link":"https:\/\/staging.nbg.eu\/fr\/produit\/bore-tech-proof-positive-rifle-jag-calibres-multiples\/","title":{"rendered":"Bore Tech Proof-Positive Rifle Jag (Calibres Multiples)"},"content":{"rendered":"<div class=\"product-description\">\n<h2>Embout de nettoyage Bore Tech Proof-Positive pour carabine (Plusieurs calibres)<\/h2>\n<p>\u00c9liminez les fausses indications d&rsquo;encrassement de cuivre avec les embouts de nettoyage Bore Tech Proof-Positive. Fabriqu\u00e9s \u00e0 partir d&rsquo;un alliage sans laiton, ces embouts sont s\u00fbrs pour le canon et ont une r\u00e9sistance \u00e0 la traction \u00e9lev\u00e9e. Caract\u00e9ristiques :<\/p>\n<ul>\n<li>Deux s\u00e9ries de 4 anneaux de contact pour un meilleur nettoyage<\/li>\n<li>Usin\u00e9 avec pr\u00e9cision pour une pression concentrique<\/li>\n<li>Conception \u00e0 r\u00e9tr\u00e9cissement inverse pour prot\u00e9ger la bouche du canon<\/li>\n<\/ul>\n<p>Obtenez des canons propres avec moins de gaspillage.<\/p>\n<\/div>\n","protected":false},"excerpt":{"rendered":"<p>Le jag de fusil innovant \u00e9limine les fausses indications d&rsquo;encrassement au cuivre.<\/p>\n","protected":false},"featured_media":54289,"template":"","meta":{"_acf_changed":false},"product_brand":[11152],"product_cat":[12201,12174],"product_tag":[],"class_list":{"0":"post-54288","1":"product","2":"type-product","3":"status-publish","4":"has-post-thumbnail","6":"product_brand-boretech","7":"product_cat-brosses","8":"product_cat-nettoyage-darmes","10":"first","11":"instock","12":"taxable","13":"shipping-taxable","14":"purchasable","15":"product-type-variable","16":"wvs-archive-product-wrapper"},"acf":[],"_links":{"self":[{"href":"https:\/\/staging.nbg.eu\/fr\/wp-json\/wp\/v2\/product\/54288","targetHints":{"allow":["GET"]}}],"collection":[{"href":"https:\/\/staging.nbg.eu\/fr\/wp-json\/wp\/v2\/product"}],"about":[{"href":"https:\/\/staging.nbg.eu\/fr\/wp-json\/wp\/v2\/types\/product"}],"wp:featuredmedia":[{"embeddable":true,"href":"https:\/\/staging.nbg.eu\/fr\/wp-json\/wp\/v2\/media\/54289"}],"wp:attachment":[{"href":"https:\/\/staging.nbg.eu\/fr\/wp-json\/wp\/v2\/media?parent=54288"}],"wp:term":[{"taxonomy":"product_brand","embeddable":true,"href":"https:\/\/staging.nbg.eu\/fr\/wp-json\/wp\/v2\/product_brand?post=54288"},{"taxonomy":"product_cat","embeddable":true,"href":"https:\/\/staging.nbg.eu\/fr\/wp-json\/wp\/v2\/product_cat?post=54288"},{"taxonomy":"product_tag","embeddable":true,"href":"https:\/\/staging.nbg.eu\/fr\/wp-json\/wp\/v2\/product_tag?post=54288"}],"curies":[{"name":"wp","href":"https:\/\/api.w.org\/{rel}","templated":true}]}}