{"id":541218,"date":"2025-09-05T18:09:57","date_gmt":"2025-09-05T15:09:57","guid":{"rendered":"https:\/\/staging.nbg.eu\/product\/ase-utra-borelock-30-338-muzzle-brake-5-8x24-unef\/"},"modified":"2025-09-30T17:55:14","modified_gmt":"2025-09-30T14:55:14","slug":"frein-de-bouche-ase-utra-borelock-30338-58x24-unef","status":"publish","type":"product","link":"https:\/\/staging.nbg.eu\/fr\/produit\/frein-de-bouche-ase-utra-borelock-30338-58x24-unef\/","title":{"rendered":"Frein de bouche ASE UTRA BoreLock .30\/.338 5\/8&Prime;x24 UNEF"},"content":{"rendered":"<h2>Frein de bouche ASE UTRA BoreLock .30\/.338 5\/8&Prime;x24 UNEF<\/h2>\n<p>Le frein de bouche ASE UTRA BoreLock .30\/.338 (Code : 365P-AU761) am\u00e9liore les performances du fusil. Sa conception en deux parties permet une installation s\u00fbre, simple et rapide sans rondelles ni cales, assurant un alignement pr\u00e9cis.<\/p>\n<h2>Caract\u00e9ristiques principales :<\/h2>\n<ul>\n<li>Compatible avec les fusils de calibre .30 et .338<\/li>\n<li>Pas de vis 5\/8&Prime;x24 UNEF<\/li>\n<li>Conception BoreLock en deux parties pour une installation facile<\/li>\n<li>Pas de rondelles ou de cales n\u00e9cessaires<\/li>\n<li>Alignement pr\u00e9cis pour une meilleure pr\u00e9cision<\/li>\n<li>R\u00e9duit le recul et le rel\u00e8vement du canon<\/li>\n<\/ul>\n<p>Le frein de bouche ASE UTRA BoreLock est con\u00e7u pour des performances optimales et une facilit\u00e9 d&rsquo;utilisation.<\/p>\n","protected":false},"excerpt":{"rendered":"<p>Frein de bouche ASE UTRA BoreLock .30\/.338 : Installation rapide et s\u00fbre, pas besoin de cales.<\/p>\n","protected":false},"featured_media":498918,"template":"","meta":{"_acf_changed":false},"product_brand":[],"product_cat":[12165,12193,12146,12142],"product_tag":[],"class_list":{"0":"post-541218","1":"product","2":"type-product","3":"status-publish","4":"has-post-thumbnail","6":"product_cat-accessoires-suppresseur","7":"product_cat-fusil","8":"product_cat-suppresseurs-carabine","9":"product_cat-tuning-carabine","11":"first","12":"instock","13":"taxable","14":"shipping-taxable","15":"purchasable","16":"product-type-simple"},"acf":[],"_links":{"self":[{"href":"https:\/\/staging.nbg.eu\/fr\/wp-json\/wp\/v2\/product\/541218","targetHints":{"allow":["GET"]}}],"collection":[{"href":"https:\/\/staging.nbg.eu\/fr\/wp-json\/wp\/v2\/product"}],"about":[{"href":"https:\/\/staging.nbg.eu\/fr\/wp-json\/wp\/v2\/types\/product"}],"wp:featuredmedia":[{"embeddable":true,"href":"https:\/\/staging.nbg.eu\/fr\/wp-json\/wp\/v2\/media\/498918"}],"wp:attachment":[{"href":"https:\/\/staging.nbg.eu\/fr\/wp-json\/wp\/v2\/media?parent=541218"}],"wp:term":[{"taxonomy":"product_brand","embeddable":true,"href":"https:\/\/staging.nbg.eu\/fr\/wp-json\/wp\/v2\/product_brand?post=541218"},{"taxonomy":"product_cat","embeddable":true,"href":"https:\/\/staging.nbg.eu\/fr\/wp-json\/wp\/v2\/product_cat?post=541218"},{"taxonomy":"product_tag","embeddable":true,"href":"https:\/\/staging.nbg.eu\/fr\/wp-json\/wp\/v2\/product_tag?post=541218"}],"curies":[{"name":"wp","href":"https:\/\/api.w.org\/{rel}","templated":true}]}}