{"id":54016,"date":"2024-03-02T10:05:47","date_gmt":"2024-09-13T12:57:58","guid":{"rendered":"https:\/\/staging.nbg.eu\/product\/bore-tech-proof-positive-shotgun-jag-12-16-20-ga\/"},"modified":"2024-09-13T12:58:49","modified_gmt":"2024-09-13T12:58:49","slug":"bore-tech-proof-positive-shotgun-jag-121620-ga","status":"publish","type":"product","link":"https:\/\/staging.nbg.eu\/fr\/produit\/bore-tech-proof-positive-shotgun-jag-121620-ga\/","title":{"rendered":"Bore Tech Proof-Positive Shotgun Jag (12\/16\/20 GA)"},"content":{"rendered":"<div class=\"product-description\">\n<h2>\u00c9couvillon pour fusil de chasse Bore Tech (calibre 12\/16\/20)<\/h2>\n<p>\u00c9couvillon brevet\u00e9 de Bore Tech. Caract\u00e9ristiques :<\/p>\n<ul>\n<li>4 p\u00e9tales flexibles pour s&rsquo;adapter au canon<\/li>\n<li>Construction en nylon<\/li>\n<li>Se compresse pour passer \u00e0 travers les chokes<\/li>\n<li>Compatible avec les tiges filet\u00e9es standard 5\/16-27<\/li>\n<\/ul>\n<p>Pour l&rsquo;entretien des fusils de chasse. Utile pour les utilisateurs de fusils de chasse.<\/p>\n<p><strong>Prix : 14,99 $<\/strong><\/p>\n<\/div>\n","protected":false},"excerpt":{"rendered":"<p>Brosse \u00e0 4 p\u00e9tales flexible pour un nettoyage efficace du fusil de chasse. Compatible avec les chokes.<\/p>\n","protected":false},"featured_media":54017,"template":"","meta":{"_acf_changed":false},"product_brand":[11152],"product_cat":[12201,12174],"product_tag":[],"class_list":{"0":"post-54016","1":"product","2":"type-product","3":"status-publish","4":"has-post-thumbnail","6":"product_brand-boretech","7":"product_cat-brosses","8":"product_cat-nettoyage-darmes","10":"first","11":"instock","12":"taxable","13":"shipping-taxable","14":"purchasable","15":"product-type-variable","16":"wvs-archive-product-wrapper"},"acf":[],"_links":{"self":[{"href":"https:\/\/staging.nbg.eu\/fr\/wp-json\/wp\/v2\/product\/54016","targetHints":{"allow":["GET"]}}],"collection":[{"href":"https:\/\/staging.nbg.eu\/fr\/wp-json\/wp\/v2\/product"}],"about":[{"href":"https:\/\/staging.nbg.eu\/fr\/wp-json\/wp\/v2\/types\/product"}],"wp:featuredmedia":[{"embeddable":true,"href":"https:\/\/staging.nbg.eu\/fr\/wp-json\/wp\/v2\/media\/54017"}],"wp:attachment":[{"href":"https:\/\/staging.nbg.eu\/fr\/wp-json\/wp\/v2\/media?parent=54016"}],"wp:term":[{"taxonomy":"product_brand","embeddable":true,"href":"https:\/\/staging.nbg.eu\/fr\/wp-json\/wp\/v2\/product_brand?post=54016"},{"taxonomy":"product_cat","embeddable":true,"href":"https:\/\/staging.nbg.eu\/fr\/wp-json\/wp\/v2\/product_cat?post=54016"},{"taxonomy":"product_tag","embeddable":true,"href":"https:\/\/staging.nbg.eu\/fr\/wp-json\/wp\/v2\/product_tag?post=54016"}],"curies":[{"name":"wp","href":"https:\/\/api.w.org\/{rel}","templated":true}]}}