{"id":540131,"date":"2025-09-05T17:41:44","date_gmt":"2025-09-05T14:41:44","guid":{"rendered":"https:\/\/staging.nbg.eu\/product\/two-4-waist-pack-for-plate-carriers-2\/"},"modified":"2025-09-30T16:12:52","modified_gmt":"2025-09-30T13:12:52","slug":"pochette-ceinture-two-4-pour-porte-plaques","status":"publish","type":"product","link":"https:\/\/staging.nbg.eu\/fr\/produit\/pochette-ceinture-two-4-pour-porte-plaques\/","title":{"rendered":"Pochette Ceinture Two-4 pour Porte-Plaques"},"content":{"rendered":"<div class=\"product-description\">\n<h2>Sacoche de ceinture Two-4 pour porte-plaques<\/h2>\n<p>La sacoche de ceinture Two-4 de BlueForceGear se fixe \u00e0 votre ceinture ou porte-plaques, offrant un acc\u00e8s rapide \u00e0 l&rsquo;\u00e9quipement essentiel.<\/p>\n<h3>Caract\u00e9ristiques principales :<\/h3>\n<ul>\n<li>Construction en Cordura 500D<\/li>\n<li>Syst\u00e8me de fixation compatible MOLLE<\/li>\n<li>Compartiment principal avec organisation interne<\/li>\n<li>Poche avant pour petits objets<\/li>\n<li>Conception ambidextre pour utilisation main gauche ou droite<\/li>\n<li>Disponible en plusieurs couleurs<\/li>\n<\/ul>\n<p>La sacoche de ceinture Two-4 offre un rangement pour les fournitures m\u00e9dicales, les munitions ou les effets personnels. Con\u00e7ue pour une fonctionnalit\u00e9 optimale dans des situations de stress \u00e9lev\u00e9.<\/p>\n<\/div>\n","protected":false},"excerpt":{"rendered":"<p>Pochette de Ceinture Two-4 : Rangement polyvalent compatible MOLLE pour porte-plaques.<\/p>\n","protected":false},"featured_media":497732,"template":"","meta":{"_acf_changed":false},"product_brand":[11128],"product_cat":[12160,12151],"product_tag":[],"class_list":{"0":"post-540131","1":"product","2":"type-product","3":"status-publish","4":"has-post-thumbnail","6":"product_brand-blue-force-gear","7":"product_cat-equipement","8":"product_cat-pochettes","10":"first","11":"instock","12":"taxable","13":"shipping-taxable","14":"purchasable","15":"product-type-simple"},"acf":[],"_links":{"self":[{"href":"https:\/\/staging.nbg.eu\/fr\/wp-json\/wp\/v2\/product\/540131","targetHints":{"allow":["GET"]}}],"collection":[{"href":"https:\/\/staging.nbg.eu\/fr\/wp-json\/wp\/v2\/product"}],"about":[{"href":"https:\/\/staging.nbg.eu\/fr\/wp-json\/wp\/v2\/types\/product"}],"wp:featuredmedia":[{"embeddable":true,"href":"https:\/\/staging.nbg.eu\/fr\/wp-json\/wp\/v2\/media\/497732"}],"wp:attachment":[{"href":"https:\/\/staging.nbg.eu\/fr\/wp-json\/wp\/v2\/media?parent=540131"}],"wp:term":[{"taxonomy":"product_brand","embeddable":true,"href":"https:\/\/staging.nbg.eu\/fr\/wp-json\/wp\/v2\/product_brand?post=540131"},{"taxonomy":"product_cat","embeddable":true,"href":"https:\/\/staging.nbg.eu\/fr\/wp-json\/wp\/v2\/product_cat?post=540131"},{"taxonomy":"product_tag","embeddable":true,"href":"https:\/\/staging.nbg.eu\/fr\/wp-json\/wp\/v2\/product_tag?post=540131"}],"curies":[{"name":"wp","href":"https:\/\/api.w.org\/{rel}","templated":true}]}}